{"id":184153,"date":"2025-11-24T13:54:04","date_gmt":"2025-11-24T18:54:04","guid":{"rendered":"https:\/\/one0one.com\/product\/the-perfect-bundle\/"},"modified":"2026-04-12T23:58:23","modified_gmt":"2026-04-13T03:58:23","slug":"the-perfect-bundle","status":"publish","type":"product","link":"https:\/\/one0one.com\/es\/producto\/the-perfect-bundle\/","title":{"rendered":"The perfect bundle"},"content":{"rendered":"","protected":false},"excerpt":{"rendered":"<p>Transforma tu rutina con este combo dise\u00f1ado para favorecer tu bienestar y estilo diario.<\/p>\n<p>La faja One0One ofrece firmeza, sujeci\u00f3n y una c\u00f3moda modelaci\u00f3n para el uso diario o las actividades f\u00edsicas, ayud\u00e1ndote a mantener una postura estable y una figura m\u00e1s definida.<\/p>\n<p>Este combo tambi\u00e9n incluye un Fat burner. Juntos, estos dos productos conforman un paquete dise\u00f1ado para aquellas personas que desean sentirse m\u00e1s seguras, organizadas y motivadas en su camino hacia el bienestar.<\/p>\n","protected":false},"featured_media":184151,"comment_status":"closed","ping_status":"closed","template":"","meta":{"_kad_blocks_custom_css":"","_kad_blocks_head_custom_js":"","_kad_blocks_body_custom_js":"","_kad_blocks_footer_custom_js":"","_kadence_starter_templates_imported_post":false,"_kad_post_transparent":"","_kad_post_title":"","_kad_post_layout":"","_kad_post_sidebar_id":"","_kad_post_content_style":"","_kad_post_vertical_padding":"","_kad_post_feature":"","_kad_post_feature_position":"","_kad_post_header":false,"_kad_post_footer":false,"_kad_post_classname":""},"product_brand":[],"product_cat":[16],"product_tag":[],"woo-feed-brand":[],"product_brands":[],"class_list":{"0":"post-184153","1":"product","2":"type-product","3":"status-publish","4":"has-post-thumbnail","6":"product_cat-one-0-one","8":"first","9":"instock","10":"sale","11":"virtual","12":"taxable","13":"purchasable","14":"product-type-bundle","15":"entry","16":"content-bg","17":"loop-entry"},"bundled_by":[],"bundle_stock_status":"instock","bundle_stock_quantity":1159,"bundle_virtual":false,"bundle_layout":"tabular","bundle_add_to_cart_form_location":"default","bundle_editable_in_cart":false,"bundle_sold_individually_context":"product","bundle_item_grouping":"parent","bundle_min_size":"","bundle_max_size":"","bundle_price":{"price":{"min":{"incl_tax":"72.99","excl_tax":"72.99"},"max":{"incl_tax":"72.99","excl_tax":"72.99"}},"regular_price":{"min":{"incl_tax":"104","excl_tax":"104"},"max":{"incl_tax":"104","excl_tax":"104"}}},"bundled_items":[{"bundled_item_id":7,"product_id":116034,"menu_order":0,"quantity_min":1,"quantity_max":1,"quantity_default":1,"priced_individually":false,"shipped_individually":false,"override_title":false,"title":"La Faja","override_description":false,"description":"La Faja","optional":false,"hide_thumbnail":true,"discount":"","override_variations":false,"allowed_variations":[""],"override_default_variation_attributes":false,"default_variation_attributes":[],"single_product_visibility":"visible","cart_visibility":"visible","order_visibility":"visible","single_product_price_visibility":"visible","cart_price_visibility":"visible","order_price_visibility":"visible","stock_status":"in_stock"},{"bundled_item_id":8,"product_id":129908,"menu_order":1,"quantity_min":1,"quantity_max":1,"quantity_default":1,"priced_individually":false,"shipped_individually":false,"override_title":false,"title":"Fat Burner","override_description":false,"description":"Fat Burner","optional":false,"hide_thumbnail":true,"discount":"","override_variations":false,"allowed_variations":[""],"override_default_variation_attributes":false,"default_variation_attributes":[],"single_product_visibility":"visible","cart_visibility":"visible","order_visibility":"visible","single_product_price_visibility":"visible","cart_price_visibility":"visible","order_price_visibility":"visible","stock_status":"in_stock"}],"bundle_sell_ids":[],"taxonomy_info":{"product_cat":[{"value":16,"label":"one0one"}]},"featured_image_src_large":["https:\/\/one0one.com\/wp-content\/uploads\/2025\/11\/historia-combo-853x1024.png",853,1024,true],"author_info":[],"comment_info":0,"_links":{"self":[{"href":"https:\/\/one0one.com\/es\/wp-json\/wp\/v2\/product\/184153","targetHints":{"allow":["GET"]}}],"collection":[{"href":"https:\/\/one0one.com\/es\/wp-json\/wp\/v2\/product"}],"about":[{"href":"https:\/\/one0one.com\/es\/wp-json\/wp\/v2\/types\/product"}],"replies":[{"embeddable":true,"href":"https:\/\/one0one.com\/es\/wp-json\/wp\/v2\/comments?post=184153"}],"wp:featuredmedia":[{"embeddable":true,"href":"https:\/\/one0one.com\/es\/wp-json\/wp\/v2\/media\/184151"}],"wp:attachment":[{"href":"https:\/\/one0one.com\/es\/wp-json\/wp\/v2\/media?parent=184153"}],"wp:term":[{"taxonomy":"product_brand","embeddable":true,"href":"https:\/\/one0one.com\/es\/wp-json\/wp\/v2\/product_brand?post=184153"},{"taxonomy":"product_cat","embeddable":true,"href":"https:\/\/one0one.com\/es\/wp-json\/wp\/v2\/product_cat?post=184153"},{"taxonomy":"product_tag","embeddable":true,"href":"https:\/\/one0one.com\/es\/wp-json\/wp\/v2\/product_tag?post=184153"},{"taxonomy":"woo-feed-brand","embeddable":true,"href":"https:\/\/one0one.com\/es\/wp-json\/wp\/v2\/woo-feed-brand?post=184153"},{"taxonomy":"product_brands","embeddable":true,"href":"https:\/\/one0one.com\/es\/wp-json\/wp\/v2\/product_brands?post=184153"}],"curies":[{"name":"wp","href":"https:\/\/api.w.org\/{rel}","templated":true}]}}