{"id":160520,"date":"2024-02-09T15:00:26","date_gmt":"2024-02-09T20:00:26","guid":{"rendered":"https:\/\/one0one.com\/product\/the-black-sling\/"},"modified":"2026-04-16T04:11:01","modified_gmt":"2026-04-16T08:11:01","slug":"the-black-sling","status":"publish","type":"product","link":"https:\/\/one0one.com\/es\/producto\/the-black-sling\/","title":{"rendered":"The Black Sling"},"content":{"rendered":"","protected":false},"excerpt":{"rendered":"<p><strong>&#8211; CROPTOP MANGA CORTA &#8211;<\/strong><\/p>\n<p><strong>Descripci\u00f3n:\u00a0<\/strong><\/p>\n<p>Croptop manga corta silueta amplia dise\u00f1ado para complementar tu outfit a la hora de entrenar y salir del gym. Estampado asim\u00e9trico que le da un toque \u00fanico y diferente.<\/p>\n<p><strong>Composici\u00f3n:\u00a0<\/strong><\/p>\n<ul>\n<li>92% Viscosa \/ 8% Elastano<\/li>\n<li>Lavar a maquina en frio y secado en secadora delicado.<\/li>\n<\/ul>\n","protected":false},"featured_media":159925,"comment_status":"closed","ping_status":"closed","template":"","meta":{"_kad_blocks_custom_css":"","_kad_blocks_head_custom_js":"","_kad_blocks_body_custom_js":"","_kad_blocks_footer_custom_js":"","_kadence_starter_templates_imported_post":false,"_kad_post_transparent":"","_kad_post_title":"","_kad_post_layout":"","_kad_post_sidebar_id":"","_kad_post_content_style":"","_kad_post_vertical_padding":"","_kad_post_feature":"","_kad_post_feature_position":"","_kad_post_header":false,"_kad_post_footer":false,"_kad_post_classname":""},"product_brand":[],"product_cat":[386,217],"product_tag":[],"woo-feed-brand":[],"product_brands":[],"class_list":{"0":"post-160520","1":"product","2":"type-product","3":"status-publish","4":"has-post-thumbnail","6":"product_cat-mystic-es","7":"product_cat-tops-es","8":"pa_size-m-l","9":"pa_size-xs-s-es","11":"first","12":"instock","13":"sale","14":"taxable","15":"shipping-taxable","16":"purchasable","17":"product-type-variable","18":"entry","19":"content-bg","20":"loop-entry"},"bundled_by":[],"bundle_stock_status":"instock","bundle_stock_quantity":null,"bundle_virtual":false,"bundle_layout":"","bundle_add_to_cart_form_location":"","bundle_editable_in_cart":false,"bundle_sold_individually_context":"","bundle_item_grouping":"","bundle_min_size":"","bundle_max_size":"","bundle_price":[],"bundled_items":[],"bundle_sell_ids":[],"taxonomy_info":{"product_cat":[{"value":386,"label":"Mystic"},{"value":217,"label":"Tops"}],"pa_size":[{"value":255,"label":"M\/L"},{"value":259,"label":"XS\/S"}]},"featured_image_src_large":["https:\/\/one0one.com\/wp-content\/uploads\/2024\/02\/1.-CP211.webp",840,1024,false],"author_info":[],"comment_info":0,"_links":{"self":[{"href":"https:\/\/one0one.com\/es\/wp-json\/wp\/v2\/product\/160520","targetHints":{"allow":["GET"]}}],"collection":[{"href":"https:\/\/one0one.com\/es\/wp-json\/wp\/v2\/product"}],"about":[{"href":"https:\/\/one0one.com\/es\/wp-json\/wp\/v2\/types\/product"}],"replies":[{"embeddable":true,"href":"https:\/\/one0one.com\/es\/wp-json\/wp\/v2\/comments?post=160520"}],"wp:featuredmedia":[{"embeddable":true,"href":"https:\/\/one0one.com\/es\/wp-json\/wp\/v2\/media\/159925"}],"wp:attachment":[{"href":"https:\/\/one0one.com\/es\/wp-json\/wp\/v2\/media?parent=160520"}],"wp:term":[{"taxonomy":"product_brand","embeddable":true,"href":"https:\/\/one0one.com\/es\/wp-json\/wp\/v2\/product_brand?post=160520"},{"taxonomy":"product_cat","embeddable":true,"href":"https:\/\/one0one.com\/es\/wp-json\/wp\/v2\/product_cat?post=160520"},{"taxonomy":"product_tag","embeddable":true,"href":"https:\/\/one0one.com\/es\/wp-json\/wp\/v2\/product_tag?post=160520"},{"taxonomy":"woo-feed-brand","embeddable":true,"href":"https:\/\/one0one.com\/es\/wp-json\/wp\/v2\/woo-feed-brand?post=160520"},{"taxonomy":"product_brands","embeddable":true,"href":"https:\/\/one0one.com\/es\/wp-json\/wp\/v2\/product_brands?post=160520"}],"curies":[{"name":"wp","href":"https:\/\/api.w.org\/{rel}","templated":true}]}}