{"id":160505,"date":"2024-03-09T02:17:31","date_gmt":"2024-03-09T07:17:31","guid":{"rendered":"https:\/\/one0one.com\/product\/moonhaven\/"},"modified":"2026-04-11T20:35:27","modified_gmt":"2026-04-12T00:35:27","slug":"moonhaven","status":"publish","type":"product","link":"https:\/\/one0one.com\/es\/producto\/moonhaven\/","title":{"rendered":"Moonhaven"},"content":{"rendered":"","protected":false},"excerpt":{"rendered":"<p><strong>&#8211; LEGGINGS PRETINA LISA CON CORTE ASIM\u00c9TRICO EN LATERALES EN CONTRASTE DE MALLA Y TEXTURA &#8211;<\/strong><\/p>\n<p><strong>Descripci\u00f3n:\u00a0\u00a0<\/strong><\/p>\n<p>Leggings pretina lisa con cortes asim\u00e9tricos en los laterales para darle forma y estilizar nuestro cuerpo. Cortes en contraste de materiales y textura para darle un toque vers\u00e1til, \u00fanico y muy c\u00f3modo a la hora de entrenar.<\/p>\n<p><strong>Composici\u00f3n:\u00a0\u00a0<\/strong><\/p>\n<ul>\n<li>87% Poliamida \/ 13% Elastano<\/li>\n<li>Inserto: 85% Polyester \/ 15% Elastano<\/li>\n<li>Malla: 82% Poliamida \/ 18% Elastano<\/li>\n<li>Lavado y secado manual, prenda delicada.<\/li>\n<\/ul>\n","protected":false},"featured_media":159880,"comment_status":"closed","ping_status":"closed","template":"","meta":{"_kad_blocks_custom_css":"","_kad_blocks_head_custom_js":"","_kad_blocks_body_custom_js":"","_kad_blocks_footer_custom_js":"","_kadence_starter_templates_imported_post":false,"_kad_post_transparent":"","_kad_post_title":"","_kad_post_layout":"","_kad_post_sidebar_id":"","_kad_post_content_style":"","_kad_post_vertical_padding":"","_kad_post_feature":"","_kad_post_feature_position":"","_kad_post_header":false,"_kad_post_footer":false,"_kad_post_classname":""},"product_brand":[],"product_cat":[208,386],"product_tag":[],"woo-feed-brand":[],"product_brands":[],"class_list":{"0":"post-160505","1":"product","2":"type-product","3":"status-publish","4":"has-post-thumbnail","6":"product_cat-licras-y-shorts","7":"product_cat-mystic-es","8":"pa_size-l-es","9":"pa_size-m-es","10":"pa_size-s-es","11":"pa_size-xl-es","13":"first","14":"instock","15":"sale","16":"taxable","17":"shipping-taxable","18":"purchasable","19":"product-type-variable","20":"entry","21":"content-bg","22":"loop-entry"},"bundled_by":[],"bundle_stock_status":"instock","bundle_stock_quantity":null,"bundle_virtual":false,"bundle_layout":"","bundle_add_to_cart_form_location":"","bundle_editable_in_cart":false,"bundle_sold_individually_context":"","bundle_item_grouping":"","bundle_min_size":"","bundle_max_size":"","bundle_price":[],"bundled_items":[],"bundle_sell_ids":[],"taxonomy_info":{"product_cat":[{"value":208,"label":"Licras y shorts"},{"value":386,"label":"Mystic"}],"pa_size":[{"value":252,"label":"L"},{"value":254,"label":"M"},{"value":256,"label":"S"},{"value":258,"label":"XL"}]},"featured_image_src_large":["https:\/\/one0one.com\/wp-content\/uploads\/2024\/02\/1.-L190.webp",840,1024,false],"author_info":[],"comment_info":0,"_links":{"self":[{"href":"https:\/\/one0one.com\/es\/wp-json\/wp\/v2\/product\/160505","targetHints":{"allow":["GET"]}}],"collection":[{"href":"https:\/\/one0one.com\/es\/wp-json\/wp\/v2\/product"}],"about":[{"href":"https:\/\/one0one.com\/es\/wp-json\/wp\/v2\/types\/product"}],"replies":[{"embeddable":true,"href":"https:\/\/one0one.com\/es\/wp-json\/wp\/v2\/comments?post=160505"}],"wp:featuredmedia":[{"embeddable":true,"href":"https:\/\/one0one.com\/es\/wp-json\/wp\/v2\/media\/159880"}],"wp:attachment":[{"href":"https:\/\/one0one.com\/es\/wp-json\/wp\/v2\/media?parent=160505"}],"wp:term":[{"taxonomy":"product_brand","embeddable":true,"href":"https:\/\/one0one.com\/es\/wp-json\/wp\/v2\/product_brand?post=160505"},{"taxonomy":"product_cat","embeddable":true,"href":"https:\/\/one0one.com\/es\/wp-json\/wp\/v2\/product_cat?post=160505"},{"taxonomy":"product_tag","embeddable":true,"href":"https:\/\/one0one.com\/es\/wp-json\/wp\/v2\/product_tag?post=160505"},{"taxonomy":"woo-feed-brand","embeddable":true,"href":"https:\/\/one0one.com\/es\/wp-json\/wp\/v2\/woo-feed-brand?post=160505"},{"taxonomy":"product_brands","embeddable":true,"href":"https:\/\/one0one.com\/es\/wp-json\/wp\/v2\/product_brands?post=160505"}],"curies":[{"name":"wp","href":"https:\/\/api.w.org\/{rel}","templated":true}]}}