{"id":160495,"date":"2024-03-09T02:21:14","date_gmt":"2024-03-09T07:21:14","guid":{"rendered":"https:\/\/one0one.com\/product\/jet-black\/"},"modified":"2026-04-11T16:14:57","modified_gmt":"2026-04-11T20:14:57","slug":"jet-black","status":"publish","type":"product","link":"https:\/\/one0one.com\/es\/producto\/jet-black\/","title":{"rendered":"Jet Black"},"content":{"rendered":"","protected":false},"excerpt":{"rendered":"<p>&#8211; LEGGINGS PRETINA CRUZADA, SCRUNCH, CORTE EN LATERALES EN MALLA CON BOLSILLOS &#8211;<\/p>\n<p><strong>Descripci\u00f3n:\u00a0<\/strong><\/p>\n<p>Leggings pretina cruzada para darte confianza a la hora de hacer tu rutina. Scrunch en la parte trasera para darle definici\u00f3n y realce a tu gl\u00fateo. Corte en laterales con malla y bolsillos para darle un toque sofisticado y c\u00f3modo a la vez.<\/p>\n<p><strong>Composici\u00f3n:\u00a0\u00a0<\/strong><\/p>\n<ul>\n<li>87% Poliamida \/ 13% Elastano<\/li>\n<li>Inserto: 97% Nylon \/ 3% Elastano<\/li>\n<li>Forro: 87% Poliamida \/ 13% Elastano<\/li>\n<li>Lavar a maquina en frio y secado en secadora delicado.<\/li>\n<\/ul>\n","protected":false},"featured_media":159850,"comment_status":"closed","ping_status":"closed","template":"","meta":{"_kad_blocks_custom_css":"","_kad_blocks_head_custom_js":"","_kad_blocks_body_custom_js":"","_kad_blocks_footer_custom_js":"","_kadence_starter_templates_imported_post":false,"_kad_post_transparent":"","_kad_post_title":"","_kad_post_layout":"","_kad_post_sidebar_id":"","_kad_post_content_style":"","_kad_post_vertical_padding":"","_kad_post_feature":"","_kad_post_feature_position":"","_kad_post_header":false,"_kad_post_footer":false,"_kad_post_classname":""},"product_brand":[],"product_cat":[208,386],"product_tag":[],"woo-feed-brand":[],"product_brands":[],"class_list":{"0":"post-160495","1":"product","2":"type-product","3":"status-publish","4":"has-post-thumbnail","6":"product_cat-licras-y-shorts","7":"product_cat-mystic-es","8":"pa_size-l-es","9":"pa_size-m-es","10":"pa_size-s-es","11":"pa_size-xl-es","13":"first","14":"instock","15":"sale","16":"taxable","17":"shipping-taxable","18":"purchasable","19":"product-type-variable","20":"entry","21":"content-bg","22":"loop-entry"},"bundled_by":[],"bundle_stock_status":"instock","bundle_stock_quantity":null,"bundle_virtual":false,"bundle_layout":"","bundle_add_to_cart_form_location":"","bundle_editable_in_cart":false,"bundle_sold_individually_context":"","bundle_item_grouping":"","bundle_min_size":"","bundle_max_size":"","bundle_price":[],"bundled_items":[],"bundle_sell_ids":[],"taxonomy_info":{"product_cat":[{"value":208,"label":"Licras y shorts"},{"value":386,"label":"Mystic"}],"pa_size":[{"value":252,"label":"L"},{"value":254,"label":"M"},{"value":256,"label":"S"},{"value":258,"label":"XL"}]},"featured_image_src_large":["https:\/\/one0one.com\/wp-content\/uploads\/2024\/02\/1-L188-JET-BLACK.webp",840,1024,false],"author_info":[],"comment_info":0,"_links":{"self":[{"href":"https:\/\/one0one.com\/es\/wp-json\/wp\/v2\/product\/160495","targetHints":{"allow":["GET"]}}],"collection":[{"href":"https:\/\/one0one.com\/es\/wp-json\/wp\/v2\/product"}],"about":[{"href":"https:\/\/one0one.com\/es\/wp-json\/wp\/v2\/types\/product"}],"replies":[{"embeddable":true,"href":"https:\/\/one0one.com\/es\/wp-json\/wp\/v2\/comments?post=160495"}],"wp:featuredmedia":[{"embeddable":true,"href":"https:\/\/one0one.com\/es\/wp-json\/wp\/v2\/media\/159850"}],"wp:attachment":[{"href":"https:\/\/one0one.com\/es\/wp-json\/wp\/v2\/media?parent=160495"}],"wp:term":[{"taxonomy":"product_brand","embeddable":true,"href":"https:\/\/one0one.com\/es\/wp-json\/wp\/v2\/product_brand?post=160495"},{"taxonomy":"product_cat","embeddable":true,"href":"https:\/\/one0one.com\/es\/wp-json\/wp\/v2\/product_cat?post=160495"},{"taxonomy":"product_tag","embeddable":true,"href":"https:\/\/one0one.com\/es\/wp-json\/wp\/v2\/product_tag?post=160495"},{"taxonomy":"woo-feed-brand","embeddable":true,"href":"https:\/\/one0one.com\/es\/wp-json\/wp\/v2\/woo-feed-brand?post=160495"},{"taxonomy":"product_brands","embeddable":true,"href":"https:\/\/one0one.com\/es\/wp-json\/wp\/v2\/product_brands?post=160495"}],"curies":[{"name":"wp","href":"https:\/\/api.w.org\/{rel}","templated":true}]}}