{"id":145749,"date":"2023-02-03T16:09:03","date_gmt":"2023-02-03T21:09:03","guid":{"rendered":"https:\/\/one0one.com\/?post_type=product&#038;p=145749"},"modified":"2026-04-09T17:03:52","modified_gmt":"2026-04-09T21:03:52","slug":"ms-flawless","status":"publish","type":"product","link":"https:\/\/one0one.com\/es\/producto\/ms-flawless\/","title":{"rendered":"Ms Flawless"},"content":{"rendered":"","protected":false},"excerpt":{"rendered":"<p><strong>Descripci\u00f3n:<\/strong><\/p>\n<ul>\n<li>Este top tiene un efecto de compresi\u00f3n y no se ajustar\u00e1n como otros tops, as\u00ed que ordene UNA TALLA m\u00e1s de lo que normalmente usa.<\/li>\n<li>Fijaci\u00f3n s\u00faper firme<\/li>\n<li>Mezcla de negro mate con negro brillante y malla negra<\/li>\n<li>Elegante sujetador deportivo creado originalmente para el gimnasio, pero que tambi\u00e9n puede llevarse para la calle o el club<\/li>\n<\/ul>\n<p><strong>Color:<\/strong><\/p>\n<p>Negro cielo de medianoche<\/p>\n<p>&nbsp;<\/p>\n","protected":false},"featured_media":144461,"comment_status":"closed","ping_status":"closed","template":"","meta":{"_kad_blocks_custom_css":"","_kad_blocks_head_custom_js":"","_kad_blocks_body_custom_js":"","_kad_blocks_footer_custom_js":"","_kadence_starter_templates_imported_post":false,"_kad_post_transparent":"default","_kad_post_title":"","_kad_post_layout":"default","_kad_post_sidebar_id":"","_kad_post_content_style":"default","_kad_post_vertical_padding":"default","_kad_post_feature":"","_kad_post_feature_position":"","_kad_post_header":false,"_kad_post_footer":false,"_kad_post_classname":""},"product_brand":[],"product_cat":[205,217],"product_tag":[],"woo-feed-brand":[],"product_brands":[],"class_list":{"0":"post-145749","1":"product","2":"type-product","3":"status-publish","4":"has-post-thumbnail","6":"product_cat-descuentos","7":"product_cat-tops-es","8":"pa_size-l-es","9":"pa_size-m-es","10":"pa_size-xs-s-es","12":"first","13":"instock","14":"sale","15":"taxable","16":"shipping-taxable","17":"purchasable","18":"product-type-variable","19":"entry","20":"content-bg","21":"loop-entry"},"bundled_by":[],"bundle_stock_status":"instock","bundle_stock_quantity":null,"bundle_virtual":false,"bundle_layout":"","bundle_add_to_cart_form_location":"","bundle_editable_in_cart":false,"bundle_sold_individually_context":"","bundle_item_grouping":"","bundle_min_size":"","bundle_max_size":"","bundle_price":[],"bundled_items":[],"bundle_sell_ids":[],"taxonomy_info":{"product_cat":[{"value":205,"label":"DESCUENTOS"},{"value":217,"label":"Tops"}],"pa_size":[{"value":252,"label":"L"},{"value":254,"label":"M"},{"value":259,"label":"XS\/S"}]},"featured_image_src_large":["https:\/\/one0one.com\/wp-content\/uploads\/2021\/06\/T176web1-802x1024.webp",802,1024,true],"author_info":[],"comment_info":0,"_links":{"self":[{"href":"https:\/\/one0one.com\/es\/wp-json\/wp\/v2\/product\/145749","targetHints":{"allow":["GET"]}}],"collection":[{"href":"https:\/\/one0one.com\/es\/wp-json\/wp\/v2\/product"}],"about":[{"href":"https:\/\/one0one.com\/es\/wp-json\/wp\/v2\/types\/product"}],"replies":[{"embeddable":true,"href":"https:\/\/one0one.com\/es\/wp-json\/wp\/v2\/comments?post=145749"}],"wp:featuredmedia":[{"embeddable":true,"href":"https:\/\/one0one.com\/es\/wp-json\/wp\/v2\/media\/144461"}],"wp:attachment":[{"href":"https:\/\/one0one.com\/es\/wp-json\/wp\/v2\/media?parent=145749"}],"wp:term":[{"taxonomy":"product_brand","embeddable":true,"href":"https:\/\/one0one.com\/es\/wp-json\/wp\/v2\/product_brand?post=145749"},{"taxonomy":"product_cat","embeddable":true,"href":"https:\/\/one0one.com\/es\/wp-json\/wp\/v2\/product_cat?post=145749"},{"taxonomy":"product_tag","embeddable":true,"href":"https:\/\/one0one.com\/es\/wp-json\/wp\/v2\/product_tag?post=145749"},{"taxonomy":"woo-feed-brand","embeddable":true,"href":"https:\/\/one0one.com\/es\/wp-json\/wp\/v2\/woo-feed-brand?post=145749"},{"taxonomy":"product_brands","embeddable":true,"href":"https:\/\/one0one.com\/es\/wp-json\/wp\/v2\/product_brands?post=145749"}],"curies":[{"name":"wp","href":"https:\/\/api.w.org\/{rel}","templated":true}]}}