{"id":137848,"date":"2021-10-26T10:20:00","date_gmt":"2021-10-26T15:20:00","guid":{"rendered":"https:\/\/one0one.com\/?post_type=product&#038;p=137848"},"modified":"2026-04-13T10:21:46","modified_gmt":"2026-04-13T14:21:46","slug":"carb-catalyzer","status":"publish","type":"product","link":"https:\/\/one0one.com\/es\/producto\/carb-catalyzer\/","title":{"rendered":"Carb Catalyzer"},"content":{"rendered":"<h2>C\u00d3MO DISIFICAR CARB CATALYZER<\/h2>\n<p><img loading=\"lazy\" decoding=\"async\" src=\"https:\/\/one0one.com\/wp-content\/uploads\/2021\/10\/cc-dosage-png-espanol.webp\" sizes=\"auto, (max-width: 623px) 100vw, 623px\" srcset=\"https:\/\/one0one.com\/wp-content\/uploads\/2021\/10\/cc-dosage-png-espanol.webp 623w, https:\/\/one0one.com\/wp-content\/uploads\/2021\/10\/cc-dosage-png-espanol-300x78.webp 300w, https:\/\/one0one.com\/wp-content\/uploads\/2021\/10\/cc-dosage-png-espanol-190x49.webp 190w, https:\/\/one0one.com\/wp-content\/uploads\/2021\/10\/cc-dosage-png-espanol-346x90.webp 346w\" alt=\"\" width=\"623\" height=\"162\" \/><br \/>\n<a>LO QUE DEBES SENTIR<\/a><\/p>\n<p>Como no hay estimulantes en CARB CATALYZER, no sentir\u00e1 ning\u00fan impacto obvio como lo hace un Fat Burner. Pero no te dejes enga\u00f1ar, eso NO significa que no funcione. La \u00fanica vez que realmente sentir\u00e1s algo es si normalmente te cansas despu\u00e9s de una comida. Si dosifica el CARB CATALYZER despu\u00e9s de las instrucciones de dosificaci\u00f3n aqu\u00ed, o un poco m\u00e1s, el cansancio deber\u00eda reducirse. Tambi\u00e9n hemos recibido informes de reducci\u00f3n de la hinchaz\u00f3n despu\u00e9s de una comida constante al tomar CARB CATALYZER 30 minutos antes de comer.<\/p>\n<p><a>C\u00d3MO SABES QUE FUNCIONA<\/a><\/p>\n<p>Dado que realmente no sientes nada cuando toma CARB CATALYZER, es comprensible que haya dudas si realmente funciona.<\/p>\n<p>Antes de todo, si tomas CARB CATALYZER 30 minutos antes de una comida y NO te sientes tan cansado como normalmente nos sentimos despues de un buen plato de carbohidratos, entonces ese es un muy buen indicador de que su nivel de az\u00facar en la sangre no est\u00e1 aumentando como lo hace normalmente.<\/p>\n<p>Pero si realmente quiere ir al fondo con esto y obtener el negro sobre blanco, invierta en un \u201cKit de monitor de glucosa en sangre\u201d que evaluar\u00e1 su nivel de az\u00facar en sangre en tiempo real\u00a0 (\u00bfnecesita una recomendaci\u00f3n? Encuentre el Dario Kit de monitor de glucosa en sangre AQU\u00cd)<\/p>\n<p><a>C\u00d3MO HACER LA PRUEBA USTED MISMO<\/a><\/p>\n<p>Cuando tengas tu propio monitor de glucosa en sangre, estar\u00e1s listo. Habr\u00e1 dos pruebas, y se har\u00e1n con al menos un d\u00eda de diferencia. Debes consumir exactamente la misma cantidad los dos d\u00edas al hacer las pruebas. La \u00fanica diferencia en las dos pruebas que har\u00e1s:<\/p>\n<p>1.\u00aa prueba: <strong>SIN<\/strong> CARB CATALYZER<\/p>\n<p>2da prueba: <strong>CON<\/strong> CARB CATALYZER<\/p>\n<p>Y es importante que lo dosifiques despu\u00e9s de nuestras instrucciones de dosificaci\u00f3n. (\u00bfTodav\u00eda tienes dudas despu\u00e9s de leer las instrucciones de dosificaci\u00f3n? Toma una extra. Este es un producto totalmente natural. No hay ningun tipo de riesgo\u00a0 tomando una o dos c\u00e1psulas adicional) Recuerde anotar los resultados cada vez que midas el nivel de az\u00facar en la sangre.<\/p>\n<p>\u00bfListo para la prueba?<br \/>\nAqu\u00ed vamos:<\/p>\n<p>Haga una prueba de nivel de az\u00facar en la sangre:<\/p>\n<p>\u221a 30 minutos ANTES de la comida (sin tomar CARB CATALYZER.<\/p>\n<p>En la segunda prueba del d\u00eda dos, Sera\u2019 el momento en que tomaras CARB CATALYZER)<\/p>\n<p><strong>\u221a <\/strong>30 minutos despu\u00e9s de la primera prueba de nivel de az\u00facar en la sangre: \u2013 \u00a1Ahora a comer! \u00a1A Disfrutar! \u00a1Est\u00e1s haciendo esto por el bien de la ciencia! (No necesitas hacer ning\u00fan an\u00e1lisis de sangre aqu\u00ed)<\/p>\n<p><strong>\u221a<\/strong> 30 minutos DESPU\u00c9S DE LA COMIDA. (L\u00f3gicamente eso es 60 minutos despu\u00e9s de su primera prueba de az\u00facar en la sangre). -Los resultados en ambas pruebas comienzan a mostrar algunas ligeras diferencias. Sin embargo, nada exagerada todav\u00eda<\/p>\n<p><strong>\u221a <\/strong>60 minutos DESPU\u00c9S DE LA COMIDA<\/p>\n<p>\u00a1Este es el pico mas alto! Si consumiste suficientes carbohidratos, el nivel de az\u00facar en la sangre el primer d\u00eda deber\u00eda ser realmente alto en este momento (si no, entonces puedes detener la prueba aqu\u00ed y volver a intentarlo ma\u00f1ana. Debes comer lo suficiente para que los niveles sean realmente altos).<\/p>\n<p>Si esta es tu segunda prueba en el d\u00eda dos, ver\u00e1s que el resultado de la prueba del d\u00eda uno en este momento realmente muestra una gran diferencia. Con CARB CATALYZER, el valor de az\u00facar en la sangre el resultado ni siquiera est\u00e1ra cerca de la prueba sin CARB CATALYZER. Y Tambien deberias notar sentirte menos cansado en comparacion del primer d\u00eda.<\/p>\n<p>\u221a 90 minutos DESPU\u00c9S DE LA COMIDA<\/p>\n<p>-Sigue siendo una diferencia bastante grande, y los niveles de las pruebas de ambos d\u00edas comienzan a bajar.<\/p>\n<p>\u221a 120 minutos DESPU\u00c9S DE LA COMIDA<\/p>\n<p>-Por aqu\u00ed, los resultados de las pruebas de ambos d\u00edas comienzan a mostrar el mismo nivel de az\u00facar en la sangre.<\/p>\n<h1>LOS RESULTADOS QUE OBTUVIMOS Y C\u00d3MO HICIMOS LAS PRUEBAS<\/h1>\n<p><img loading=\"lazy\" decoding=\"async\" src=\"https:\/\/one0one.com\/wp-content\/uploads\/2021\/10\/cc-diagram-png.webp\" sizes=\"auto, (max-width: 349px) 100vw, 349px\" srcset=\"https:\/\/one0one.com\/wp-content\/uploads\/2021\/10\/cc-diagram-png.webp 349w, https:\/\/one0one.com\/wp-content\/uploads\/2021\/10\/cc-diagram-png-300x171.webp 300w, https:\/\/one0one.com\/wp-content\/uploads\/2021\/10\/cc-diagram-png-105x60.webp 105w, https:\/\/one0one.com\/wp-content\/uploads\/2021\/10\/cc-diagram-png-158x90.webp 158w\" alt=\"\" width=\"349\" height=\"199\" \/><br \/>\n<img loading=\"lazy\" decoding=\"async\" src=\"https:\/\/one0one.com\/wp-content\/uploads\/2021\/10\/cc-supplement-facts-espanol.webp\" sizes=\"auto, (max-width: 489px) 100vw, 489px\" srcset=\"https:\/\/one0one.com\/wp-content\/uploads\/2021\/10\/cc-supplement-facts-espanol.webp 489w, https:\/\/one0one.com\/wp-content\/uploads\/2021\/10\/cc-supplement-facts-espanol-300x277.webp 300w, https:\/\/one0one.com\/wp-content\/uploads\/2021\/10\/cc-supplement-facts-espanol-65x60.webp 65w, https:\/\/one0one.com\/wp-content\/uploads\/2021\/10\/cc-supplement-facts-espanol-98x90.webp 98w\" alt=\"\" width=\"489\" height=\"451\" \/><\/p>\n","protected":false},"excerpt":{"rendered":"<h3><span style=\"color: #00addc;\">&#8211; LA SOLUCI\u00d3N 100% NATURAL PARA TU CHEAT MEAL &#8211;<\/span><\/h3>\n<p>-Formulado para evitar que su cuerpo convierta r\u00e1pidamente los carbohidratos r\u00e1pidos en glucosa, lo que disminuir\u00e1 la velocidad con la que la glucosa ingresa a la sangre y tambi\u00e9n ralentizar\u00e1 \/ en parte <b>ELIMINE EL PROCESO DE CREACI\u00d3N DE GRASA NO DESEADA.<\/b><\/p>\n<p><strong>\u2026 \u00bfY ESO SIGNIFICA?<\/strong><\/p>\n<p>Significa que esta f\u00f3rmula de &#8220;bloquedor de carbohidratos&#8221; puede:<\/p>\n<ul>\n<li>Reducir la absorci\u00f3n de carbohidratos<\/li>\n<li>Reducir los niveles de az\u00facar en la sangre y de insulina<\/li>\n<li>Estabilizar y apoya el metabolismo<\/li>\n<li>Reducir significativamente la somnolencia despu\u00e9s de las comidas<\/li>\n<li>Mejorar la apariencia de la piel con efectos antienvejecimiento<\/li>\n<\/ul>\n","protected":false},"featured_media":138054,"comment_status":"closed","ping_status":"closed","template":"","meta":{"_kad_blocks_custom_css":"","_kad_blocks_head_custom_js":"","_kad_blocks_body_custom_js":"","_kad_blocks_footer_custom_js":"","_kadence_starter_templates_imported_post":false,"_kad_post_transparent":"","_kad_post_title":"","_kad_post_layout":"","_kad_post_sidebar_id":"","_kad_post_content_style":"","_kad_post_vertical_padding":"","_kad_post_feature":"","_kad_post_feature_position":"","_kad_post_header":false,"_kad_post_footer":false,"_kad_post_classname":""},"product_brand":[],"product_cat":[302],"product_tag":[315],"woo-feed-brand":[],"product_brands":[],"class_list":{"0":"post-137848","1":"product","2":"type-product","3":"status-publish","4":"has-post-thumbnail","6":"product_cat-suplementos","7":"product_tag-carb-catalyzer-es","9":"first","10":"instock","11":"taxable","12":"shipping-taxable","13":"purchasable","14":"product-type-simple","15":"entry","16":"content-bg","17":"loop-entry"},"bundled_by":[],"bundle_stock_status":"instock","bundle_stock_quantity":2660,"bundle_virtual":false,"bundle_layout":"","bundle_add_to_cart_form_location":"","bundle_editable_in_cart":false,"bundle_sold_individually_context":"","bundle_item_grouping":"","bundle_min_size":"","bundle_max_size":"","bundle_price":[],"bundled_items":[],"bundle_sell_ids":[],"taxonomy_info":{"product_cat":[{"value":302,"label":"Suplementos"}],"product_tag":[{"value":315,"label":"Carb catalyzer"}]},"featured_image_src_large":["https:\/\/one0one.com\/wp-content\/uploads\/2021\/10\/101CARB-840-x-1072-802x1024.webp",802,1024,true],"author_info":[],"comment_info":0,"_links":{"self":[{"href":"https:\/\/one0one.com\/es\/wp-json\/wp\/v2\/product\/137848","targetHints":{"allow":["GET"]}}],"collection":[{"href":"https:\/\/one0one.com\/es\/wp-json\/wp\/v2\/product"}],"about":[{"href":"https:\/\/one0one.com\/es\/wp-json\/wp\/v2\/types\/product"}],"replies":[{"embeddable":true,"href":"https:\/\/one0one.com\/es\/wp-json\/wp\/v2\/comments?post=137848"}],"wp:featuredmedia":[{"embeddable":true,"href":"https:\/\/one0one.com\/es\/wp-json\/wp\/v2\/media\/138054"}],"wp:attachment":[{"href":"https:\/\/one0one.com\/es\/wp-json\/wp\/v2\/media?parent=137848"}],"wp:term":[{"taxonomy":"product_brand","embeddable":true,"href":"https:\/\/one0one.com\/es\/wp-json\/wp\/v2\/product_brand?post=137848"},{"taxonomy":"product_cat","embeddable":true,"href":"https:\/\/one0one.com\/es\/wp-json\/wp\/v2\/product_cat?post=137848"},{"taxonomy":"product_tag","embeddable":true,"href":"https:\/\/one0one.com\/es\/wp-json\/wp\/v2\/product_tag?post=137848"},{"taxonomy":"woo-feed-brand","embeddable":true,"href":"https:\/\/one0one.com\/es\/wp-json\/wp\/v2\/woo-feed-brand?post=137848"},{"taxonomy":"product_brands","embeddable":true,"href":"https:\/\/one0one.com\/es\/wp-json\/wp\/v2\/product_brands?post=137848"}],"curies":[{"name":"wp","href":"https:\/\/api.w.org\/{rel}","templated":true}]}}