{"id":134225,"date":"2021-09-14T10:18:33","date_gmt":"2021-09-14T15:18:33","guid":{"rendered":"https:\/\/one0one.com\/?post_type=product&#038;p=134225"},"modified":"2026-04-23T13:28:29","modified_gmt":"2026-04-23T17:28:29","slug":"super-agarre-2","status":"publish","type":"product","link":"https:\/\/one0one.com\/es\/producto\/super-agarre-2\/","title":{"rendered":"Grips pads"},"content":{"rendered":"","protected":false},"excerpt":{"rendered":"<div class=\"product attribute overview\">\n<div class=\"value\">\n<p><strong>Caracter\u00edsticas:<\/strong><\/p>\n<ul>\n<li aria-level=\"1\">Sustituci\u00f3n de los guantes de entrenamiento\/levantamiento de pesas.<\/li>\n<li style=\"font-weight: 400;\" aria-level=\"1\"><span style=\"font-weight: 400;\">Protege tus manos de los callos (piel endurecida).<\/span><\/li>\n<li style=\"font-weight: 400;\" aria-level=\"1\"><span style=\"font-weight: 400;\">Se mantiene en las manos sorprendentemente bien.<\/span><\/li>\n<li aria-level=\"1\">Duradero (pero no durar\u00e1 toda la vida).<\/li>\n<li aria-level=\"1\">\u00bfLevantas algo REALMENTE pesado? \u00bfSus manos pierden fuerza antes de haber hecho todas las repeticiones? Pruebe nuestras <a class=\"normal\" href=\"https:\/\/one0one.com\/es\/producto\/super-agarre\/\"><span style=\"color: #0000ff;\">SUPER GRIP<\/span><\/a> que est\u00e1n dise\u00f1adas para levantamientos de peso muerto, remos pesados, tirones de lat y pull-ups (ejercicios de tracci\u00f3n pesados)<\/li>\n<\/ul>\n<p><strong>Color:<\/strong> Black \/ Rock Gray<br \/>\n<strong>Composici\u00f3n:<\/strong> Neopreno<\/p>\n<\/div>\n<\/div>\n","protected":false},"featured_media":135383,"comment_status":"open","ping_status":"closed","template":"","meta":{"_kad_blocks_custom_css":"","_kad_blocks_head_custom_js":"","_kad_blocks_body_custom_js":"","_kad_blocks_footer_custom_js":"","_kadence_starter_templates_imported_post":false,"_kad_post_transparent":"","_kad_post_title":"","_kad_post_layout":"","_kad_post_sidebar_id":"","_kad_post_content_style":"","_kad_post_vertical_padding":"","_kad_post_feature":"","_kad_post_feature_position":"","_kad_post_header":false,"_kad_post_footer":false,"_kad_post_classname":""},"product_brand":[],"product_cat":[203],"product_tag":[],"woo-feed-brand":[],"product_brands":[],"class_list":{"0":"post-134225","1":"product","2":"type-product","3":"status-publish","4":"has-post-thumbnail","6":"product_cat-accesorios","8":"first","9":"instock","10":"taxable","11":"shipping-taxable","12":"purchasable","13":"product-type-simple","14":"entry","15":"content-bg","16":"loop-entry"},"bundled_by":[],"bundle_stock_status":"instock","bundle_stock_quantity":1480,"bundle_virtual":false,"bundle_layout":"","bundle_add_to_cart_form_location":"","bundle_editable_in_cart":false,"bundle_sold_individually_context":"","bundle_item_grouping":"","bundle_min_size":"","bundle_max_size":"","bundle_price":[],"bundled_items":[],"bundle_sell_ids":[],"taxonomy_info":{"product_cat":[{"value":203,"label":"Accesorios"}]},"featured_image_src_large":["https:\/\/one0one.com\/wp-content\/uploads\/2022\/05\/1-GRIP1-webp-802x1024.webp",802,1024,true],"author_info":[],"comment_info":0,"_links":{"self":[{"href":"https:\/\/one0one.com\/es\/wp-json\/wp\/v2\/product\/134225","targetHints":{"allow":["GET"]}}],"collection":[{"href":"https:\/\/one0one.com\/es\/wp-json\/wp\/v2\/product"}],"about":[{"href":"https:\/\/one0one.com\/es\/wp-json\/wp\/v2\/types\/product"}],"replies":[{"embeddable":true,"href":"https:\/\/one0one.com\/es\/wp-json\/wp\/v2\/comments?post=134225"}],"wp:featuredmedia":[{"embeddable":true,"href":"https:\/\/one0one.com\/es\/wp-json\/wp\/v2\/media\/135383"}],"wp:attachment":[{"href":"https:\/\/one0one.com\/es\/wp-json\/wp\/v2\/media?parent=134225"}],"wp:term":[{"taxonomy":"product_brand","embeddable":true,"href":"https:\/\/one0one.com\/es\/wp-json\/wp\/v2\/product_brand?post=134225"},{"taxonomy":"product_cat","embeddable":true,"href":"https:\/\/one0one.com\/es\/wp-json\/wp\/v2\/product_cat?post=134225"},{"taxonomy":"product_tag","embeddable":true,"href":"https:\/\/one0one.com\/es\/wp-json\/wp\/v2\/product_tag?post=134225"},{"taxonomy":"woo-feed-brand","embeddable":true,"href":"https:\/\/one0one.com\/es\/wp-json\/wp\/v2\/woo-feed-brand?post=134225"},{"taxonomy":"product_brands","embeddable":true,"href":"https:\/\/one0one.com\/es\/wp-json\/wp\/v2\/product_brands?post=134225"}],"curies":[{"name":"wp","href":"https:\/\/api.w.org\/{rel}","templated":true}]}}