{"id":129908,"date":"2021-12-09T12:20:23","date_gmt":"2021-12-09T17:20:23","guid":{"rendered":"https:\/\/one0one.com\/?post_type=product&#038;p=129908"},"modified":"2026-04-13T10:21:46","modified_gmt":"2026-04-13T14:21:46","slug":"fat-burner","status":"publish","type":"product","link":"https:\/\/one0one.com\/es\/producto\/fat-burner\/","title":{"rendered":"Fat Burner"},"content":{"rendered":"<p><img loading=\"lazy\" decoding=\"async\" src=\"https:\/\/one0one.com\/wp-content\/uploads\/2021\/10\/one0one-nutrition-grafico-1.jpg\" sizes=\"auto, (max-width: 859px) 100vw, 859px\" srcset=\"https:\/\/one0one.com\/wp-content\/uploads\/2021\/10\/one0one-nutrition-grafico-1.jpg 859w, https:\/\/one0one.com\/wp-content\/uploads\/2021\/10\/one0one-nutrition-grafico-1-840x547.jpg 840w, https:\/\/one0one.com\/wp-content\/uploads\/2021\/10\/one0one-nutrition-grafico-1-450x293.jpg 450w, https:\/\/one0one.com\/wp-content\/uploads\/2021\/10\/one0one-nutrition-grafico-1-300x195.jpg 300w, https:\/\/one0one.com\/wp-content\/uploads\/2021\/10\/one0one-nutrition-grafico-1-768x500.jpg 768w, https:\/\/one0one.com\/wp-content\/uploads\/2021\/10\/one0one-nutrition-grafico-1-700x456.jpg 700w, https:\/\/one0one.com\/wp-content\/uploads\/2021\/10\/one0one-nutrition-grafico-1-92x60.jpg 92w, https:\/\/one0one.com\/wp-content\/uploads\/2021\/10\/one0one-nutrition-grafico-1-138x90.jpg 138w\" alt=\"\" width=\"859\" height=\"559\" \/><br \/>\n<img loading=\"lazy\" decoding=\"async\" src=\"https:\/\/one0one.com\/wp-content\/uploads\/2021\/12\/Supplement-Facts-WEB-Fat-Burner.jpg\" sizes=\"auto, (max-width: 468px) 100vw, 468px\" srcset=\"https:\/\/one0one.com\/wp-content\/uploads\/2021\/12\/Supplement-Facts-WEB-Fat-Burner.jpg 468w, https:\/\/one0one.com\/wp-content\/uploads\/2021\/12\/Supplement-Facts-WEB-Fat-Burner-450x575.jpg 450w, https:\/\/one0one.com\/wp-content\/uploads\/2021\/12\/Supplement-Facts-WEB-Fat-Burner-235x300.jpg 235w, https:\/\/one0one.com\/wp-content\/uploads\/2021\/12\/Supplement-Facts-WEB-Fat-Burner-47x60.jpg 47w, https:\/\/one0one.com\/wp-content\/uploads\/2021\/12\/Supplement-Facts-WEB-Fat-Burner-70x90.jpg 70w\" alt=\"\" width=\"468\" height=\"598\" \/><\/p>\n","protected":false},"excerpt":{"rendered":"<p><strong>IMPORTANTE: Env\u00edos S\u00d3LO a EE.UU., Canad\u00e1, Venezuela,<br \/>\n<\/strong><strong>Colombia, <\/strong><strong>Panam\u00e1, Argentina y Costa Rica<\/strong><\/p>\n<p><strong>Quemador de grasa: Cuando quieres enfocarte en tu bienestar.<\/strong><\/p>\n<ul>\n<li style=\"text-align: left;\">Te mantiene un estado de \u00e1nimo positivo<\/li>\n<li style=\"text-align: left;\">Termog\u00e9nico<\/li>\n<li style=\"text-align: left;\">Ayuda a reducir el apetito<\/li>\n<li style=\"text-align: left;\">Aumenta el metabolismo<\/li>\n<li style=\"text-align: left;\">Potenciador de enfoque y energ\u00eda sin hormigueo<\/li>\n<\/ul>\n<p><strong>DOSIS:<\/strong> Si tienes muy poca experiencia con estimulantes: Comience con una c\u00e1psula y aumente gradualmente a dos c\u00e1psulas (cu\u00e1l es la porci\u00f3n).<\/p>\n<p>Si tienes una buena tolerancia a los estimulantes y puede tomar dos tazas de caf\u00e9 sin ning\u00fan problema: Entonces tome dos c\u00e1psulas (una porci\u00f3n) en cualquier momento del d\u00eda (pero NO en combinaci\u00f3n con, por ejemplo, caf\u00e9).<\/p>\n<p>Evite tomar one0one Fat Burner 6 horas o menos antes de acostarse.<\/p>\n","protected":false},"featured_media":144051,"comment_status":"closed","ping_status":"closed","template":"","meta":{"_kad_blocks_custom_css":"","_kad_blocks_head_custom_js":"","_kad_blocks_body_custom_js":"","_kad_blocks_footer_custom_js":"","_kadence_starter_templates_imported_post":false,"_kad_post_transparent":"default","_kad_post_title":"","_kad_post_layout":"default","_kad_post_sidebar_id":"","_kad_post_content_style":"default","_kad_post_vertical_padding":"default","_kad_post_feature":"","_kad_post_feature_position":"","_kad_post_header":false,"_kad_post_footer":false,"_kad_post_classname":""},"product_brand":[],"product_cat":[302],"product_tag":[],"woo-feed-brand":[],"product_brands":[],"class_list":{"0":"post-129908","1":"product","2":"type-product","3":"status-publish","4":"has-post-thumbnail","6":"product_cat-suplementos","8":"first","9":"instock","10":"taxable","11":"shipping-taxable","12":"purchasable","13":"product-type-simple","14":"entry","15":"content-bg","16":"loop-entry"},"bundled_by":["184153"],"bundle_stock_status":"instock","bundle_stock_quantity":4529,"bundle_virtual":false,"bundle_layout":"","bundle_add_to_cart_form_location":"","bundle_editable_in_cart":false,"bundle_sold_individually_context":"","bundle_item_grouping":"","bundle_min_size":"","bundle_max_size":"","bundle_price":[],"bundled_items":[],"bundle_sell_ids":[],"taxonomy_info":{"product_cat":[{"value":302,"label":"Suplementos"}]},"featured_image_src_large":["https:\/\/one0one.com\/wp-content\/uploads\/2021\/12\/Fat-Burner-MAIN-WEBP.webp",1000,1000,false],"author_info":[],"comment_info":0,"_links":{"self":[{"href":"https:\/\/one0one.com\/es\/wp-json\/wp\/v2\/product\/129908","targetHints":{"allow":["GET"]}}],"collection":[{"href":"https:\/\/one0one.com\/es\/wp-json\/wp\/v2\/product"}],"about":[{"href":"https:\/\/one0one.com\/es\/wp-json\/wp\/v2\/types\/product"}],"replies":[{"embeddable":true,"href":"https:\/\/one0one.com\/es\/wp-json\/wp\/v2\/comments?post=129908"}],"wp:featuredmedia":[{"embeddable":true,"href":"https:\/\/one0one.com\/es\/wp-json\/wp\/v2\/media\/144051"}],"wp:attachment":[{"href":"https:\/\/one0one.com\/es\/wp-json\/wp\/v2\/media?parent=129908"}],"wp:term":[{"taxonomy":"product_brand","embeddable":true,"href":"https:\/\/one0one.com\/es\/wp-json\/wp\/v2\/product_brand?post=129908"},{"taxonomy":"product_cat","embeddable":true,"href":"https:\/\/one0one.com\/es\/wp-json\/wp\/v2\/product_cat?post=129908"},{"taxonomy":"product_tag","embeddable":true,"href":"https:\/\/one0one.com\/es\/wp-json\/wp\/v2\/product_tag?post=129908"},{"taxonomy":"woo-feed-brand","embeddable":true,"href":"https:\/\/one0one.com\/es\/wp-json\/wp\/v2\/woo-feed-brand?post=129908"},{"taxonomy":"product_brands","embeddable":true,"href":"https:\/\/one0one.com\/es\/wp-json\/wp\/v2\/product_brands?post=129908"}],"curies":[{"name":"wp","href":"https:\/\/api.w.org\/{rel}","templated":true}]}}