{"id":126645,"date":"2019-02-15T21:31:26","date_gmt":"2019-02-16T02:31:26","guid":{"rendered":"https:\/\/one0one.com\/product\/tarjeta-de-regalo\/"},"modified":"2023-03-23T19:34:09","modified_gmt":"2023-03-23T23:34:09","slug":"tarjeta-de-regalo","status":"publish","type":"product","link":"https:\/\/one0one.com\/es\/producto\/tarjeta-de-regalo\/","title":{"rendered":"Tarjeta de Regalo"},"content":{"rendered":"","protected":false},"excerpt":{"rendered":"<p>La Tarjeta de regalo electr\u00f3nica se enviar\u00e1 por correo electr\u00f3nico al destinatario en el d\u00eda y la<br \/>\nhora que indic\u00f3. Tambi\u00e9n contendr\u00e1 su mensaje, un enlace y un c\u00f3digo.<\/p>\n<p>-El enlace: El receptor de la tarjeta de regalo electr\u00f3nica puede ir a trav\u00e9s del enlace y la tarjeta de regalo se agregar\u00e1 autom\u00e1ticamente al pagar.<\/p>\n<p>-El c\u00f3digo: Si el receptor de la tarjeta de regalo electr\u00f3nica va manualmente a comprar en one0one.com SIN usar el enlace, el c\u00f3digo debe agregarse en la secci\u00f3n de pago donde dice &#8220;\u00bfTienes una TARJETA DE REGALO? \u00dasala aqu\u00ed&#8221;<\/p>\n<p><strong>BUENO SABER:<\/strong><\/p>\n<ul>\n<li>Si el valor total de la compra es inferior al valor de la tarjeta de regalo electr\u00f3nica, el saldo restante queda para la pr\u00f3xima compra, no caducar\u00e1.<\/li>\n<li>La tarjeta de regalo electr\u00f3nica solo es v\u00e1lida aqu\u00ed en one0one.com y no se puede usar en ning\u00fan otro sitio o tienda.<\/li>\n<\/ul>\n<p>&nbsp;<\/p>\n","protected":false},"featured_media":79714,"comment_status":"open","ping_status":"closed","template":"","meta":{"_kad_blocks_custom_css":"","_kad_blocks_head_custom_js":"","_kad_blocks_body_custom_js":"","_kad_blocks_footer_custom_js":"","_kadence_starter_templates_imported_post":false,"_kad_post_transparent":"","_kad_post_title":"","_kad_post_layout":"","_kad_post_sidebar_id":"","_kad_post_content_style":"","_kad_post_vertical_padding":"","_kad_post_feature":"","_kad_post_feature_position":"","_kad_post_header":false,"_kad_post_footer":false,"_kad_post_classname":""},"product_brand":[],"product_cat":[200],"product_tag":[],"woo-feed-brand":[],"product_brands":[],"class_list":{"0":"post-126645","1":"product","2":"type-product","3":"status-publish","4":"has-post-thumbnail","6":"product_cat-gift-card-es","7":"pa_gift-card-100-es","8":"pa_gift-card-150-es","9":"pa_gift-card-200-es","10":"pa_gift-card-250-es","11":"pa_gift-card-300-es","12":"pa_gift-card-50-es","14":"first","15":"instock","16":"virtual","17":"taxable","18":"purchasable","19":"product-type-simple","20":"entry","21":"content-bg","22":"loop-entry"},"bundled_by":[],"bundle_stock_status":"instock","bundle_stock_quantity":null,"bundle_virtual":false,"bundle_layout":"","bundle_add_to_cart_form_location":"","bundle_editable_in_cart":false,"bundle_sold_individually_context":"","bundle_item_grouping":"","bundle_min_size":"","bundle_max_size":"","bundle_price":[],"bundled_items":[],"bundle_sell_ids":[],"taxonomy_info":{"product_cat":[{"value":200,"label":"Gift Card"}],"pa_gift-card":[{"value":234,"label":"100"},{"value":235,"label":"150"},{"value":236,"label":"200"},{"value":237,"label":"250"},{"value":238,"label":"300"},{"value":233,"label":"50"}]},"featured_image_src_large":["https:\/\/one0one.com\/wp-content\/uploads\/2019\/02\/gift-card-2.gif",400,250,false],"author_info":[],"comment_info":0,"_links":{"self":[{"href":"https:\/\/one0one.com\/es\/wp-json\/wp\/v2\/product\/126645","targetHints":{"allow":["GET"]}}],"collection":[{"href":"https:\/\/one0one.com\/es\/wp-json\/wp\/v2\/product"}],"about":[{"href":"https:\/\/one0one.com\/es\/wp-json\/wp\/v2\/types\/product"}],"replies":[{"embeddable":true,"href":"https:\/\/one0one.com\/es\/wp-json\/wp\/v2\/comments?post=126645"}],"wp:featuredmedia":[{"embeddable":true,"href":"https:\/\/one0one.com\/es\/wp-json\/wp\/v2\/media\/79714"}],"wp:attachment":[{"href":"https:\/\/one0one.com\/es\/wp-json\/wp\/v2\/media?parent=126645"}],"wp:term":[{"taxonomy":"product_brand","embeddable":true,"href":"https:\/\/one0one.com\/es\/wp-json\/wp\/v2\/product_brand?post=126645"},{"taxonomy":"product_cat","embeddable":true,"href":"https:\/\/one0one.com\/es\/wp-json\/wp\/v2\/product_cat?post=126645"},{"taxonomy":"product_tag","embeddable":true,"href":"https:\/\/one0one.com\/es\/wp-json\/wp\/v2\/product_tag?post=126645"},{"taxonomy":"woo-feed-brand","embeddable":true,"href":"https:\/\/one0one.com\/es\/wp-json\/wp\/v2\/woo-feed-brand?post=126645"},{"taxonomy":"product_brands","embeddable":true,"href":"https:\/\/one0one.com\/es\/wp-json\/wp\/v2\/product_brands?post=126645"}],"curies":[{"name":"wp","href":"https:\/\/api.w.org\/{rel}","templated":true}]}}