{"id":116294,"date":"2019-02-11T19:27:46","date_gmt":"2019-02-12T00:27:46","guid":{"rendered":"https:\/\/one0one.com\/product\/super-agarre\/"},"modified":"2026-04-14T15:29:11","modified_gmt":"2026-04-14T19:29:11","slug":"super-agarre","status":"publish","type":"product","link":"https:\/\/one0one.com\/es\/producto\/super-agarre\/","title":{"rendered":"S\u00faper Grips"},"content":{"rendered":"","protected":false},"excerpt":{"rendered":"<p><strong>\u00bfNo puedes sostener las pesas el tiempo suficiente y a\u00fan te quedan algunas repeticiones m\u00e1s?<\/strong><br \/>\n<strong>\u00bfNo puedes tocar a tu pareja amorosa con las manos sin rasgu\u00f1arlo?<\/strong><br \/>\n<strong>-No hay problema. Te tenemos la soluci\u00f3n.<\/strong><\/p>\n<p>Comentarios de miles de usuarios, y nosotros te escuchamos:<br \/>\n-Nuestro nuevo dise\u00f1o actualizado: Guantes de entrenamiento con efecto gancho.<\/p>\n<p>Para levantamientos pesados.<\/p>\n<ul>\n<li>No m\u00e1s fatiga de manos o antebrazos.<\/li>\n<li>No m\u00e1s ca\u00eddas accidentales de peso.<\/li>\n<li>No m\u00e1s piel endurecida no deseada en las palmas de las manos (callos).<br \/>\nConc\u00e9ntrate en lo que se supone que debes entrenar (y no en la fuerza de tus manos y antebrazos)<\/li>\n<li>Levanta M\u00c1S y M\u00c1S PESADO de lo que normalmente haces (al desviar la energ\u00eda de tus manos y antebrazos al grupo de m\u00fasculos objetivo. Te sorprender\u00e1)<\/li>\n<li>Material de goma antideslizante.<\/li>\n<li>C\u00f3modo incluso con carga pesada.<\/li>\n<li>NUEVO: ajuste actualizado para casi todos los tama\u00f1os de mano.<\/li>\n<li>NUEVO: F\u00e1cil de poner \/ f\u00e1cil de quitar.<\/li>\n<li>Para mujeres y hombres.<\/li>\n<li>Extremadamente duradero: 6 meses de garant\u00eda<\/li>\n<\/ul>\n","protected":false},"featured_media":147128,"comment_status":"open","ping_status":"closed","template":"","meta":{"_kad_blocks_custom_css":"","_kad_blocks_head_custom_js":"","_kad_blocks_body_custom_js":"","_kad_blocks_footer_custom_js":"","_kadence_starter_templates_imported_post":false,"_kad_post_transparent":"","_kad_post_title":"","_kad_post_layout":"","_kad_post_sidebar_id":"","_kad_post_content_style":"","_kad_post_vertical_padding":"","_kad_post_feature":"","_kad_post_feature_position":"","_kad_post_header":false,"_kad_post_footer":false,"_kad_post_classname":""},"product_brand":[],"product_cat":[203],"product_tag":[],"woo-feed-brand":[],"product_brands":[],"class_list":{"0":"post-116294","1":"product","2":"type-product","3":"status-publish","4":"has-post-thumbnail","6":"product_cat-accesorios","8":"first","9":"instock","10":"taxable","11":"shipping-taxable","12":"purchasable","13":"product-type-simple","14":"entry","15":"content-bg","16":"loop-entry"},"bundled_by":[],"bundle_stock_status":"instock","bundle_stock_quantity":3472,"bundle_virtual":false,"bundle_layout":"","bundle_add_to_cart_form_location":"","bundle_editable_in_cart":false,"bundle_sold_individually_context":"","bundle_item_grouping":"","bundle_min_size":"","bundle_max_size":"","bundle_price":[],"bundled_items":[],"bundle_sell_ids":[],"taxonomy_info":{"product_cat":[{"value":203,"label":"Accesorios"}]},"featured_image_src_large":["https:\/\/one0one.com\/wp-content\/uploads\/2019\/02\/1-A101-840-x-1072-802x1024.webp",802,1024,true],"author_info":[],"comment_info":0,"_links":{"self":[{"href":"https:\/\/one0one.com\/es\/wp-json\/wp\/v2\/product\/116294","targetHints":{"allow":["GET"]}}],"collection":[{"href":"https:\/\/one0one.com\/es\/wp-json\/wp\/v2\/product"}],"about":[{"href":"https:\/\/one0one.com\/es\/wp-json\/wp\/v2\/types\/product"}],"replies":[{"embeddable":true,"href":"https:\/\/one0one.com\/es\/wp-json\/wp\/v2\/comments?post=116294"}],"wp:featuredmedia":[{"embeddable":true,"href":"https:\/\/one0one.com\/es\/wp-json\/wp\/v2\/media\/147128"}],"wp:attachment":[{"href":"https:\/\/one0one.com\/es\/wp-json\/wp\/v2\/media?parent=116294"}],"wp:term":[{"taxonomy":"product_brand","embeddable":true,"href":"https:\/\/one0one.com\/es\/wp-json\/wp\/v2\/product_brand?post=116294"},{"taxonomy":"product_cat","embeddable":true,"href":"https:\/\/one0one.com\/es\/wp-json\/wp\/v2\/product_cat?post=116294"},{"taxonomy":"product_tag","embeddable":true,"href":"https:\/\/one0one.com\/es\/wp-json\/wp\/v2\/product_tag?post=116294"},{"taxonomy":"woo-feed-brand","embeddable":true,"href":"https:\/\/one0one.com\/es\/wp-json\/wp\/v2\/woo-feed-brand?post=116294"},{"taxonomy":"product_brands","embeddable":true,"href":"https:\/\/one0one.com\/es\/wp-json\/wp\/v2\/product_brands?post=116294"}],"curies":[{"name":"wp","href":"https:\/\/api.w.org\/{rel}","templated":true}]}}