{"id":116161,"date":"2019-10-21T15:26:09","date_gmt":"2019-10-21T20:26:09","guid":{"rendered":"https:\/\/one0one.com\/product\/charlotte-negro\/"},"modified":"2026-04-11T19:59:06","modified_gmt":"2026-04-11T23:59:06","slug":"charlotte-negro","status":"publish","type":"product","link":"https:\/\/one0one.com\/es\/producto\/charlotte-negro\/","title":{"rendered":"Charlotte Negro"},"content":{"rendered":"","protected":false},"excerpt":{"rendered":"<ul>\n<li style=\"font-weight: 400;\" aria-level=\"1\"><span style=\"font-weight: 400;\">Dise\u00f1ado con tejidos el\u00e1sticos en powernet y funda con un suave forro interior confeccionado en una suave franela (tejido de algod\u00f3n) que no da\u00f1a la piel, ni la siente inc\u00f3moda.<\/span><\/li>\n<li style=\"font-weight: 400;\" aria-level=\"1\"><span style=\"font-weight: 400;\">Dise\u00f1o sin tirantes para llevar con tu ropa favorita.<\/span><\/li>\n<li style=\"font-weight: 400;\" aria-level=\"1\"><span style=\"font-weight: 400;\">Potenciador de gl\u00fateos en su m\u00e1xima expresi\u00f3n.<\/span><\/li>\n<li style=\"font-weight: 400;\" aria-level=\"1\"><span style=\"font-weight: 400;\">El\u00e1stico de silicona en la cintura y cordones de silicona en las piernas para evitar que la prenda pierda su posici\u00f3n.<\/span><\/li>\n<li style=\"font-weight: 400;\" aria-level=\"1\"><span style=\"font-weight: 400;\">Y como peque\u00f1a recomendaci\u00f3n para evitar cualquier tipo de irritaci\u00f3n: a\u00f1ade un poco de polvo en la zona de la pinza de silicona.<\/span><\/li>\n<li style=\"font-weight: 400;\" aria-level=\"1\"><span style=\"font-weight: 400;\">Costuras invisibles que no se mostrar\u00e1n debajo de la ropa que usar\u00e1.<\/span><\/li>\n<li><\/li>\n<\/ul>\n<p>[elementor-template id=&#8221;104569&#8243;]<\/p>\n","protected":false},"featured_media":78989,"comment_status":"closed","ping_status":"closed","template":"","meta":{"_kad_blocks_custom_css":"","_kad_blocks_head_custom_js":"","_kad_blocks_body_custom_js":"","_kad_blocks_footer_custom_js":"","_kadence_starter_templates_imported_post":false,"_kad_post_transparent":"","_kad_post_title":"","_kad_post_layout":"","_kad_post_sidebar_id":"","_kad_post_content_style":"","_kad_post_vertical_padding":"","_kad_post_feature":"","_kad_post_feature_position":"","_kad_post_header":false,"_kad_post_footer":false,"_kad_post_classname":""},"product_brand":[],"product_cat":[203,205,409,206],"product_tag":[],"woo-feed-brand":[],"product_brands":[],"class_list":{"0":"post-116161","1":"product","2":"type-product","3":"status-publish","4":"has-post-thumbnail","6":"product_cat-accesorios","7":"product_cat-descuentos","8":"product_cat-descuentos-espaciales","9":"product_cat-fajas","10":"pa_size-l-es","11":"pa_size-m-es","12":"pa_size-xl-es","13":"pa_size-xs-s-es","15":"first","16":"instock","17":"sale","18":"taxable","19":"shipping-taxable","20":"purchasable","21":"product-type-variable","22":"entry","23":"content-bg","24":"loop-entry"},"bundled_by":[],"bundle_stock_status":"instock","bundle_stock_quantity":null,"bundle_virtual":false,"bundle_layout":"","bundle_add_to_cart_form_location":"","bundle_editable_in_cart":false,"bundle_sold_individually_context":"","bundle_item_grouping":"","bundle_min_size":"","bundle_max_size":"","bundle_price":[],"bundled_items":[],"bundle_sell_ids":[],"taxonomy_info":{"product_cat":[{"value":203,"label":"Accesorios"},{"value":205,"label":"DESCUENTOS"},{"value":409,"label":"Descuentos espaciales"},{"value":206,"label":"Fajas"}],"pa_size":[{"value":252,"label":"L"},{"value":254,"label":"M"},{"value":258,"label":"XL"},{"value":259,"label":"XS\/S"}]},"featured_image_src_large":["https:\/\/one0one.com\/wp-content\/uploads\/2019\/09\/1-1-802x1024.jpg",802,1024,true],"author_info":[],"comment_info":0,"_links":{"self":[{"href":"https:\/\/one0one.com\/es\/wp-json\/wp\/v2\/product\/116161","targetHints":{"allow":["GET"]}}],"collection":[{"href":"https:\/\/one0one.com\/es\/wp-json\/wp\/v2\/product"}],"about":[{"href":"https:\/\/one0one.com\/es\/wp-json\/wp\/v2\/types\/product"}],"replies":[{"embeddable":true,"href":"https:\/\/one0one.com\/es\/wp-json\/wp\/v2\/comments?post=116161"}],"wp:featuredmedia":[{"embeddable":true,"href":"https:\/\/one0one.com\/es\/wp-json\/wp\/v2\/media\/78989"}],"wp:attachment":[{"href":"https:\/\/one0one.com\/es\/wp-json\/wp\/v2\/media?parent=116161"}],"wp:term":[{"taxonomy":"product_brand","embeddable":true,"href":"https:\/\/one0one.com\/es\/wp-json\/wp\/v2\/product_brand?post=116161"},{"taxonomy":"product_cat","embeddable":true,"href":"https:\/\/one0one.com\/es\/wp-json\/wp\/v2\/product_cat?post=116161"},{"taxonomy":"product_tag","embeddable":true,"href":"https:\/\/one0one.com\/es\/wp-json\/wp\/v2\/product_tag?post=116161"},{"taxonomy":"woo-feed-brand","embeddable":true,"href":"https:\/\/one0one.com\/es\/wp-json\/wp\/v2\/woo-feed-brand?post=116161"},{"taxonomy":"product_brands","embeddable":true,"href":"https:\/\/one0one.com\/es\/wp-json\/wp\/v2\/product_brands?post=116161"}],"curies":[{"name":"wp","href":"https:\/\/api.w.org\/{rel}","templated":true}]}}