{"id":116041,"date":"2021-06-07T19:40:29","date_gmt":"2021-06-07T23:40:29","guid":{"rendered":"https:\/\/one0one.com\/product\/flawless\/"},"modified":"2026-04-03T21:49:27","modified_gmt":"2026-04-04T01:49:27","slug":"flawless","status":"publish","type":"product","link":"https:\/\/one0one.com\/es\/producto\/flawless\/","title":{"rendered":"Flawless"},"content":{"rendered":"","protected":false},"excerpt":{"rendered":"<p><b>DESCRIPCI\u00d3N<\/b><\/p>\n<p><span style=\"font-weight: 400;\">\u2714 Estos leguins tienen un efecto de compresi\u00f3n y no se ajustar\u00e1n como otros leguins, as\u00ed que ordene UNA TALLA m\u00e1s de lo que normalmente usa.<br \/>\n<\/span><span style=\"font-weight: 400;\">\u2714 Leggings elegantes y exclusivos creados para el gimnasio, pero tambi\u00e9n para la calle o el club.<\/span><\/p>\n<p><b>Lee esto:<\/b><\/p>\n<p><span style=\"font-weight: 400;\">Flexiones de gl\u00fateos en dos pasos con &#8220;Thigh Control&#8221;:<\/span><\/p>\n<ul>\n<li style=\"font-weight: 400;\" aria-level=\"1\"><span style=\"font-weight: 400;\">Paso 1: Forro bien oculto para crear volumen de gl\u00fateos.<\/span><\/li>\n<li style=\"font-weight: 400;\" aria-level=\"1\"><span style=\"font-weight: 400;\">Paso 2: El material de detalle levanta los gl\u00fateos y da forma a los muslos.<\/span><\/li>\n<li style=\"font-weight: 400;\" aria-level=\"1\"><span style=\"font-weight: 400;\">Mini cintur\u00f3n incorporado (para dar forma y sostener la cintura y los muslos a la perfecci\u00f3n)<\/span><\/li>\n<\/ul>\n<p><strong>Composici\u00f3n:<\/strong><\/p>\n<ul>\n<li style=\"font-weight: 400;\" aria-level=\"1\"><span style=\"font-weight: 400;\">77% poli\u00e9ster \/ 23% licra<\/span><\/li>\n<\/ul>\n<p><strong>Color:<\/strong><\/p>\n<p><span style=\"font-weight: 400;\">Cielo de medianoche<\/span><\/p>\n<div id=\"video_360\" title=\"\/\/spins0.arqspin.com\/iframe.html?spin=1cmq0l5tp4cp5&amp;is=0.16&amp;spin=1ttrb2d6n90vb\"><iframe loading=\"lazy\" src=\"\/\/spins0.arqspin.com\/iframe.html?spin=1cmq0l5tp4cp5&amp;is=0.16\" width=\"512\" height=\"512\" frameborder=\"0\" scrolling=\"no\"><\/iframe><\/div>\n<p>[elementor-template id=&#8221;143450&#8243;]<br \/>\n<b><i>\u00a1PIDE UNA TALLA M\u00c1S!<br \/>\n<\/i><\/b><b style=\"font-style: inherit;\"><i>(debido al efecto de compresi\u00f3n)<\/i><\/b><\/p>\n<p><\/p>\n","protected":false},"featured_media":144364,"comment_status":"closed","ping_status":"closed","template":"","meta":{"_kad_blocks_custom_css":"","_kad_blocks_head_custom_js":"","_kad_blocks_body_custom_js":"","_kad_blocks_footer_custom_js":"","_kadence_starter_templates_imported_post":false,"_kad_post_transparent":"","_kad_post_title":"","_kad_post_layout":"","_kad_post_sidebar_id":"","_kad_post_content_style":"","_kad_post_vertical_padding":"","_kad_post_feature":"","_kad_post_feature_position":"","_kad_post_header":false,"_kad_post_footer":false,"_kad_post_classname":""},"product_brand":[],"product_cat":[202],"product_tag":[],"woo-feed-brand":[],"product_brands":[],"class_list":{"0":"post-116041","1":"product","2":"type-product","3":"status-publish","4":"has-post-thumbnail","6":"product_cat-one0one","7":"pa_size-l-es","8":"pa_size-m-es","9":"pa_size-s-es","10":"pa_size-xl-es","11":"pa_size-xs-es","13":"first","14":"instock","15":"sale","16":"taxable","17":"shipping-taxable","18":"purchasable","19":"product-type-variable","20":"entry","21":"content-bg","22":"loop-entry"},"bundled_by":[],"bundle_stock_status":"instock","bundle_stock_quantity":null,"bundle_virtual":false,"bundle_layout":"","bundle_add_to_cart_form_location":"","bundle_editable_in_cart":false,"bundle_sold_individually_context":"","bundle_item_grouping":"","bundle_min_size":"","bundle_max_size":"","bundle_price":[],"bundled_items":[],"bundle_sell_ids":[],"taxonomy_info":{"product_cat":[{"value":202,"label":"one0one"}],"pa_size":[{"value":252,"label":"L"},{"value":254,"label":"M"},{"value":256,"label":"S"},{"value":258,"label":"XL"},{"value":239,"label":"XS"}]},"featured_image_src_large":["https:\/\/one0one.com\/wp-content\/uploads\/2021\/06\/1-802x1024.webp",802,1024,true],"author_info":[],"comment_info":0,"_links":{"self":[{"href":"https:\/\/one0one.com\/es\/wp-json\/wp\/v2\/product\/116041","targetHints":{"allow":["GET"]}}],"collection":[{"href":"https:\/\/one0one.com\/es\/wp-json\/wp\/v2\/product"}],"about":[{"href":"https:\/\/one0one.com\/es\/wp-json\/wp\/v2\/types\/product"}],"replies":[{"embeddable":true,"href":"https:\/\/one0one.com\/es\/wp-json\/wp\/v2\/comments?post=116041"}],"wp:featuredmedia":[{"embeddable":true,"href":"https:\/\/one0one.com\/es\/wp-json\/wp\/v2\/media\/144364"}],"wp:attachment":[{"href":"https:\/\/one0one.com\/es\/wp-json\/wp\/v2\/media?parent=116041"}],"wp:term":[{"taxonomy":"product_brand","embeddable":true,"href":"https:\/\/one0one.com\/es\/wp-json\/wp\/v2\/product_brand?post=116041"},{"taxonomy":"product_cat","embeddable":true,"href":"https:\/\/one0one.com\/es\/wp-json\/wp\/v2\/product_cat?post=116041"},{"taxonomy":"product_tag","embeddable":true,"href":"https:\/\/one0one.com\/es\/wp-json\/wp\/v2\/product_tag?post=116041"},{"taxonomy":"woo-feed-brand","embeddable":true,"href":"https:\/\/one0one.com\/es\/wp-json\/wp\/v2\/woo-feed-brand?post=116041"},{"taxonomy":"product_brands","embeddable":true,"href":"https:\/\/one0one.com\/es\/wp-json\/wp\/v2\/product_brands?post=116041"}],"curies":[{"name":"wp","href":"https:\/\/api.w.org\/{rel}","templated":true}]}}