{"id":48268,"date":"2020-02-07T18:16:46","date_gmt":"2020-02-07T23:16:46","guid":{"rendered":"https:\/\/one0one.com\/envio-entrega\/"},"modified":"2021-03-13T09:47:08","modified_gmt":"2021-03-13T14:47:08","slug":"envio-entrega","status":"publish","type":"page","link":"https:\/\/one0one.com\/es\/envio-entrega\/","title":{"rendered":"Env\u00edo &#038; Entrega"},"content":{"rendered":"<h1>Env\u00edo &amp; Entrega<\/h1>\n<p>Aqu\u00ed hay algunas cosas a considerar en su pedido:<\/p>\n<table>\n<thead>\n<tr>\n<td><\/td>\n<td><\/td>\n<td><strong>PRIMERA CLASE<\/strong><\/td>\n<td><strong>PRIORIDAD<\/strong><\/td>\n<td><strong>EXPRESS<\/strong><\/td>\n<\/tr>\n<tr>\n<td><strong>PA\u00cdS<\/strong><\/td>\n<td><strong>TR\u00c1NSITO DE ENTREGA <\/strong><small>(d\u00edas h\u00e1biles)<\/small><\/td>\n<td><strong>3 a 8<\/strong><\/td>\n<td><strong>3 a 5<\/strong><\/td>\n<td><strong>2 a 4<\/strong><\/td>\n<\/tr>\n<\/thead>\n<tbody>\n<tr>\n<td>Estados Unidos<\/td>\n<td>1 ITEM<\/td>\n<td>0<\/td>\n<td>12<\/td>\n<td>20<\/td>\n<\/tr>\n<tr>\n<td>Estados Unidos<\/td>\n<td>2 ITEMS<\/td>\n<td>0<\/td>\n<td>14<\/td>\n<td>24<\/td>\n<\/tr>\n<tr>\n<td>Estados Unidos<\/td>\n<td>3 ITEMS<\/td>\n<td>0<\/td>\n<td>16<\/td>\n<td>28<\/td>\n<\/tr>\n<tr>\n<td>Estados Unidos<\/td>\n<td>4 ITEMS<\/td>\n<td>0<\/td>\n<td>18<\/td>\n<td>32<\/td>\n<\/tr>\n<tr>\n<td>Estados Unidos<\/td>\n<td>5 ITEMS<\/td>\n<td>0<\/td>\n<td>20<\/td>\n<td>36<\/td>\n<\/tr>\n<tr>\n<td>Estados Unidos<\/td>\n<td>6 ITEMS<\/td>\n<td>0<\/td>\n<td>22<\/td>\n<td>40<\/td>\n<\/tr>\n<tr>\n<td>Estados Unidos<\/td>\n<td>7 ITEMS<\/td>\n<td>0<\/td>\n<td>24<\/td>\n<td>44<\/td>\n<\/tr>\n<tr>\n<td>Estados Unidos<\/td>\n<td>8 ITEMS<\/td>\n<td>0<\/td>\n<td>26<\/td>\n<td>48<\/td>\n<\/tr>\n<tr>\n<td>Estados Unidos<\/td>\n<td>9 ITEMS<\/td>\n<td>0<\/td>\n<td>28<\/td>\n<td>52<\/td>\n<\/tr>\n<tr>\n<td>Estados Unidos<\/td>\n<td>10 ITEMS<\/td>\n<td>0<\/td>\n<td>30<\/td>\n<td>56<\/td>\n<\/tr>\n<tr>\n<td><\/td>\n<td><strong>TR\u00c1NSITO DE ENTREGA<\/strong><small>(D\u00edas h\u00e1biles)<\/small><\/td>\n<td><strong>4 a 11<\/strong><\/td>\n<td><strong>4 a 9<\/strong><\/td>\n<td><strong>3 a 6<\/strong><\/td>\n<\/tr>\n<tr>\n<td>En todo el mundo (aplican restricciones)<\/td>\n<td>1 ITEM<\/td>\n<td>29<\/td>\n<td>41<\/td>\n<td>76<\/td>\n<\/tr>\n<tr>\n<td>En todo el mundo (aplican restricciones)<\/td>\n<td>2 ITEMS<\/td>\n<td>37<\/td>\n<td>47<\/td>\n<td>86<\/td>\n<\/tr>\n<tr>\n<td>En todo el mundo (aplican restricciones)<\/td>\n<td>3 ITEMS<\/td>\n<td>0<\/td>\n<td>53<\/td>\n<td>96<\/td>\n<\/tr>\n<tr>\n<td>En todo el mundo (aplican restricciones)<\/td>\n<td>4 ITEMS<\/td>\n<td>0<\/td>\n<td>59<\/td>\n<td>106<\/td>\n<\/tr>\n<tr>\n<td>En todo el mundo (aplican restricciones)<\/td>\n<td>5 ITEMS<\/td>\n<td>0<\/td>\n<td>65<\/td>\n<td>116<\/td>\n<\/tr>\n<tr>\n<td>En todo el mundo (aplican restricciones)<\/td>\n<td>6 ITEMS<\/td>\n<td>0<\/td>\n<td>71<\/td>\n<td>126<\/td>\n<\/tr>\n<tr>\n<td>En todo el mundo (aplican restricciones)<\/td>\n<td>7 ITEMS<\/td>\n<td>0<\/td>\n<td>77<\/td>\n<td>136<\/td>\n<\/tr>\n<tr>\n<td>En todo el mundo (aplican restricciones)<\/td>\n<td>8 ITEMS<\/td>\n<td>0<\/td>\n<td>83<\/td>\n<td>146<\/td>\n<\/tr>\n<tr>\n<td>En todo el mundo (aplican restricciones)<\/td>\n<td>9 ITEMS<\/td>\n<td>0<\/td>\n<td>89<\/td>\n<td>156<\/td>\n<\/tr>\n<tr>\n<td>En todo el mundo (aplican restricciones)<\/td>\n<td>10 ITEMS<\/td>\n<td>0<\/td>\n<td>95<\/td>\n<td>166<\/td>\n<\/tr>\n<\/tbody>\n<\/table>\n<h3><strong>Contacto<\/strong><\/h3>\n<p><strong><img decoding=\"async\" src=\"https:\/\/one0one.com\/wp-content\/uploads\/2017\/12\/one0one-logo_black.png\" alt=\"\" width=\"80\" \/> LLC\u00a0<\/strong><br \/>Direcci\u00f3n: 3283 NE 171ST st North Miami Beach 33160 Florida<br \/>Correo Electr\u00f3nico:\u00a0<a href=\"mailto:info@one0one.com\"><strong>info@<img decoding=\"async\" src=\"https:\/\/one0one.com\/wp-content\/uploads\/2017\/12\/one0one-logo_black.png\" alt=\"\" width=\"80\" \/>.com<\/strong><\/a><\/p>\n","protected":false},"excerpt":{"rendered":"<p>Env\u00edo &amp; Entrega Aqu\u00ed hay algunas cosas a considerar en su pedido: PRIMERA CLASE PRIORIDAD EXPRESS PA\u00cdS TR\u00c1NSITO DE ENTREGA (d\u00edas h\u00e1biles) 3 a 8 3 a 5 2 a 4 Estados Unidos 1 ITEM 0 12 20 Estados Unidos 2 ITEMS 0 14 24 Estados Unidos 3 ITEMS 0 16 28 Estados Unidos 4&#8230;<\/p>\n","protected":false},"author":2,"featured_media":0,"parent":0,"menu_order":0,"comment_status":"closed","ping_status":"closed","template":"","meta":{"_kad_blocks_custom_css":"","_kad_blocks_head_custom_js":"","_kad_blocks_body_custom_js":"","_kad_blocks_footer_custom_js":"","_kadence_starter_templates_imported_post":false,"_kad_post_transparent":"","_kad_post_title":"","_kad_post_layout":"","_kad_post_sidebar_id":"","_kad_post_content_style":"","_kad_post_vertical_padding":"","_kad_post_feature":"","_kad_post_feature_position":"","_kad_post_header":false,"_kad_post_footer":false,"_kad_post_classname":"","footnotes":""},"class_list":["post-48268","page","type-page","status-publish","hentry"],"taxonomy_info":[],"featured_image_src_large":false,"author_info":{"display_name":"admin_acw","author_link":"https:\/\/one0one.com\/es\/author\/admin_acw\/"},"comment_info":0,"_links":{"self":[{"href":"https:\/\/one0one.com\/es\/wp-json\/wp\/v2\/pages\/48268","targetHints":{"allow":["GET"]}}],"collection":[{"href":"https:\/\/one0one.com\/es\/wp-json\/wp\/v2\/pages"}],"about":[{"href":"https:\/\/one0one.com\/es\/wp-json\/wp\/v2\/types\/page"}],"author":[{"embeddable":true,"href":"https:\/\/one0one.com\/es\/wp-json\/wp\/v2\/users\/2"}],"replies":[{"embeddable":true,"href":"https:\/\/one0one.com\/es\/wp-json\/wp\/v2\/comments?post=48268"}],"version-history":[{"count":0,"href":"https:\/\/one0one.com\/es\/wp-json\/wp\/v2\/pages\/48268\/revisions"}],"wp:attachment":[{"href":"https:\/\/one0one.com\/es\/wp-json\/wp\/v2\/media?parent=48268"}],"curies":[{"name":"wp","href":"https:\/\/api.w.org\/{rel}","templated":true}]}}