{"id":48258,"date":"2020-02-07T18:00:46","date_gmt":"2020-02-07T23:00:46","guid":{"rendered":"https:\/\/one0one.com\/politica-de-privacidad\/"},"modified":"2024-06-01T00:59:01","modified_gmt":"2024-06-01T04:59:01","slug":"politica-de-privacidad","status":"publish","type":"page","link":"https:\/\/one0one.com\/es\/politica-de-privacidad\/","title":{"rendered":"Pol\u00edtica de privacidad"},"content":{"rendered":"\n<h2 class=\"wp-block-heading\">Pol\u00edtica de privacidad<\/h2>\n\n\n\n<p>Esta pol\u00edtica de privacidad ha sido compilada para brindar un mejor servicio a quienes est\u00e1n preocupados por c\u00f3mo se utiliza en l\u00ednea su &#8220;Informaci\u00f3n de identificaci\u00f3n personal&#8221; (PII). La PII, como se describe en la ley de privacidad y seguridad de la informaci\u00f3n de EE. UU., Es informaci\u00f3n que se puede usar sola o con otra informaci\u00f3n para identificar, contactar o localizar a una sola persona, o para identificar a una persona en contexto. Lea atentamente nuestra pol\u00edtica de privacidad para comprender claramente c\u00f3mo recopilamos, usamos, protegemos o manejamos su informaci\u00f3n de identificaci\u00f3n personal de acuerdo con nuestro sitio web.<strong>\u00bfQu\u00e9 informaci\u00f3n personal recopilamos de las personas que visitan nuestro blog, sitio web o aplicaci\u00f3n?<\/strong><br>Al realizar un pedido o registrarse en nuestro sitio, seg\u00fan corresponda, es posible que se le solicite que ingrese su nombre, direcci\u00f3n postal, n\u00famero de tel\u00e9fono, informaci\u00f3n de la tarjeta de cr\u00e9dito u otros detalles para ayudarlo con su experiencia.<br>\u00bfCu\u00e1ndo recopilamos informaci\u00f3n?<br>Recopilamos informaci\u00f3n sobre usted cuando se registra en nuestro sitio, realiza un pedido o ingresa informaci\u00f3n en nuestro sitio.<\/p>\n\n\n\n<p><strong>\u00bfC\u00f3mo usamos su informaci\u00f3n?<\/strong><br>Podemos utilizar la informaci\u00f3n que recopilamos de usted cuando se registra, realiza una compra, se suscribe a nuestro bolet\u00edn informativo, responde a una encuesta o comunicaci\u00f3n de marketing, navega por el sitio web o utiliza otras caracter\u00edsticas del sitio de las siguientes maneras:<br>* Para personalizar su experiencia y permitirnos entregar el tipo de contenido y ofertas de productos en los que est\u00e1 m\u00e1s interesado.<br>* Para procesar r\u00e1pidamente sus transacciones.<br>* Para enviar correos electr\u00f3nicos peri\u00f3dicos sobre su pedido u otros productos y servicios.<\/p>\n\n\n\n<p><strong>\u00bfC\u00f3mo protegemos tu informaci\u00f3n?<\/strong><br>Nuestro sitio web se escanea peri\u00f3dicamente en busca de agujeros de seguridad y vulnerabilidades conocidas para que su visita a nuestro sitio sea lo m\u00e1s segura posible.<\/p>\n\n\n\n<p><strong>No utilizamos el escaneo de Malware.<\/strong><br>Su informaci\u00f3n personal est\u00e1 contenida detr\u00e1s de redes seguras y solo es accesible para un n\u00famero limitado de personas que tienen derechos especiales de acceso a dichos sistemas, y deben mantener la informaci\u00f3n confidencial. Adem\u00e1s, todos la informaci\u00f3n confidencial \/ crediticia que proporciona se cifra mediante la tecnolog\u00eda \u2018Secure Socket Layer\u2019 (SSL).<br>Implementamos una variedad de medidas de seguridad cuando un usuario realiza un pedido, ingresa, env\u00eda o accede a su informaci\u00f3n para mantener la seguridad de su informaci\u00f3n personal.<br>Todas las transacciones se procesan a trav\u00e9s de un proveedor de puerta de enlace y no se almacenan ni procesan en nuestros servidores.<\/p>\n\n\n\n<p><strong>\u00bfUsamos &#8220;cookies&#8221;?<\/strong><br>No utilizamos cookies con fines de seguimiento.<br>Puede elegir que su computadora le advierta cada vez que se env\u00eda una cookie, o puede optar por desactivar todas las cookies. Haz esto a trav\u00e9s de la configuraci\u00f3n de tu navegador. Dado que el navegador es un poco diferente, consulte el men\u00fa de ayuda de su navegador para conocer la forma correcta de modificar sus cookies.<br>Si desactiva las cookies, es posible que algunas de las caracter\u00edsticas que hacen que la experiencia de su sitio sea m\u00e1s eficiente no funcionen correctamente, lo que hace que la experiencia de su sitio sea m\u00e1s eficiente y puede que no funcione correctamente.<\/p>\n\n\n\n<p><strong>Divulgaci\u00f3n de terceros<\/strong><br>No vendemos, intercambiamos ni transferimos a terceros su informaci\u00f3n de identificaci\u00f3n personal a menos que proporcionemos a los usuarios un aviso previo. Esto no incluye a los socios de alojamiento de sitios web y otras partes que nos ayudan a operar nuestro sitio web, llevar a cabo nuestro negocio o atender a nuestros usuarios, siempre que esas partes acuerden mantener esta informaci\u00f3n confidencial. Tambi\u00e9n podemos divulgar informaci\u00f3n cuando sea apropiado para cumplir con la ley, hacer cumplir las pol\u00edticas de nuestro sitio o proteger nuestros derechos, propiedad o seguridad o los de otros.<br>Sin embargo, la informaci\u00f3n del visitante no identificable personalmente se puede proporcionar a otras partes para fines de marketing, publicidad u otros usos.<\/p>\n\n\n\n<p><strong>Enlaces de terceros<\/strong><br>No incluimos ni ofrecemos productos o servicios de terceros en nuestro sitio web.<br>Google<br>Los requisitos publicitarios de Google se pueden resumir en los principios publicitarios de Google. Se implementan para brindar una experiencia positiva a los usuarios.<br>https:\/\/support.google.com\/adwordspolicy\/answer\/1316548?hl=es<br>Usamos publicidad de Google AdSense en nuestro sitio web.<br>Google, como proveedor externo, utiliza cookies para publicar anuncios en nuestro sitio. El uso de Google de la cookie DART le permite mostrar anuncios a nuestros usuarios en funci\u00f3n de visitas anteriores a nuestro sitio y otros sitios en Internet. Los usuarios pueden optar por no utilizar la cookie de DART visitando la pol\u00edtica de privacidad de la red de contenido y anuncios de Google.<\/p>\n\n\n\n<p><strong>Hemos implementado lo siguiente:<\/strong><br>* Informe de impresiones de la Red de Display de Google<br>Nosotros, junto con proveedores de terceros como Google, utilizamos cookies de origen (como las cookies de Google Analytics) y cookies de terceros (como la cookie de DoubleClick) u otros identificadores de terceros juntos para recopilar datos sobre las interacciones del usuario con impresiones de anuncios y otras funciones del servicio de anuncios en lo que respecta a nuestro sitio web.<\/p>\n\n\n\n<p><strong>Optar por no participar:<\/strong><br>Los usuarios pueden establecer preferencias sobre c\u00f3mo Google le anuncia mediante la p\u00e1gina de configuraci\u00f3n de anuncios de Google. Alternativamente, puede optar por no participar visitando la p\u00e1gina de exclusi\u00f3n voluntaria de la iniciativa de publicidad en la red o utilizando el complemento del navegador de exclusi\u00f3n voluntaria de Google Analytics.<\/p>\n\n\n\n<p><strong>COPPA (Ley de protecci\u00f3n de la privacidad infantil en l\u00ednea)<\/strong><br>Cuando se trata de la recopilaci\u00f3n de informaci\u00f3n personal de ni\u00f1os menores de 13 a\u00f1os, la Ley de Protecci\u00f3n de la Privacidad Infantil en L\u00ednea (COPPA) pone a los padres en control. La Comisi\u00f3n Federal de Comercio, la agencia de protecci\u00f3n al consumidor de los Estados Unidos hace cumplir la regla COPPA, que detalla lo que los operadores de sitios web y servicios en l\u00ednea deben hacer para proteger la privacidad y seguridad de los ni\u00f1os en l\u00ednea.<br>No comercializamos espec\u00edficamente para ni\u00f1os menores de 13 a\u00f1os. \u00bfPermitimos que terceros, incluidas redes publicitarias o complementos, recopilen PII de ni\u00f1os menores de 13 a\u00f1os?<\/p>\n\n\n\n<p><strong>Pr\u00e1cticas Justas de Informaci\u00f3n<\/strong><br>Los Principios de Pr\u00e1cticas Justas de Informaci\u00f3n forman la columna vertebral de la ley de privacidad en los Estados Unidos y los conceptos que incluyen han jugado un papel importante en el desarrollo de las leyes de protecci\u00f3n de datos en todo el mundo. Comprender los Principios de pr\u00e1cticas de informaci\u00f3n equitativa y c\u00f3mo deben implementarse es fundamental para cumplir con las diversas leyes de privacidad que protegen la informaci\u00f3n personal.<br>Para estar en l\u00ednea con las Pr\u00e1cticas Justas de Informaci\u00f3n, tomaremos las siguientes medidas de respuesta, en caso de que ocurra una violaci\u00f3n de datos:<br>Le notificaremos por correo electr\u00f3nico<br>* Dentro de los 7 d\u00edas h\u00e1biles<br>Notificaremos a los usuarios a trav\u00e9s de una notificaci\u00f3n en el sitio.<br>* Dentro de los 7 d\u00edas h\u00e1biles tambi\u00e9n aceptamos el principio de reparaci\u00f3n individual que requiere que las personas tengan el derecho de perseguir legalmente los derechos exigibles contra los recopiladores y procesadores de datos que no cumplan con la ley. Este principio requiere no solo que las personas tengan derechos exigibles contra los usuarios de datos, sino tambi\u00e9n que las personas recurran a los tribunales o agencias gubernamentales para investigar y \/ o perseguir el incumplimiento por parte de los procesadores de datos.<\/p>\n\n\n\n<p><strong>Ley CAN SPAM<\/strong><br>La Ley CAN-SPAM es una ley que establece las reglas para el correo electr\u00f3nico comercial, establece los requisitos para los mensajes comerciales, otorga a los destinatarios el derecho a que no se les env\u00ede correos electr\u00f3nicos y establece duras sanciones por violaciones.<\/p>\n\n\n\n<p>Recopilamos su direcci\u00f3n de correo electr\u00f3nico para:<br>* Enviar informaci\u00f3n, responder consultas y \/ u otras solicitudes o preguntas<br>* Procesar pedidos y enviar informaci\u00f3n y actualizaciones relacionadas con los pedidos.<br>* Enviarle informaci\u00f3n adicional relacionada con su producto y \/ o servicio.<br>* Comercialice en nuestra lista de correo o contin\u00fae enviando correos electr\u00f3nicos a nuestros clientes despu\u00e9s de que se haya realizado la transacci\u00f3n original.<\/p>\n\n\n\n<p><strong>Para estar de acuerdo con CANSPAM, aceptamos lo siguiente:<\/strong><br>* No utilice asuntos o direcciones de correo electr\u00f3nico falsos o enga\u00f1osos.<br>* Identifique el mensaje como un anuncio de alguna manera razonable.<br>* Incluya la direcci\u00f3n f\u00edsica de nuestra empresa o sede central.<br>* Supervisar el cumplimiento de los servicios de marketing por correo electr\u00f3nico de terceros, si se utiliza alguno.<br>* Respete las solicitudes de exclusi\u00f3n voluntaria \/ cancelaci\u00f3n de suscripci\u00f3n r\u00e1pidamente.<br>* Permita que los usuarios se den de baja mediante el enlace que se encuentra en la parte inferior de cada correo electr\u00f3nico.<\/p>\n\n\n\n<p>Si en alg\u00fan momento desea darse de baja para no recibir correos electr\u00f3nicos futuros, puede enviarnos un correo electr\u00f3nico a:&nbsp;<a href=\"mailto:Info@one0one.com\"> Info@one0one.com<\/a><br>* Siga las instrucciones al final de cada correo electr\u00f3nico y lo eliminaremos inmediatamente de TODA la correspondencia.<\/p>\n","protected":false},"excerpt":{"rendered":"<p>Pol\u00edtica de privacidad Esta pol\u00edtica de privacidad ha sido compilada para brindar un mejor servicio a quienes est\u00e1n preocupados por c\u00f3mo se utiliza en l\u00ednea su &#8220;Informaci\u00f3n de identificaci\u00f3n personal&#8221; (PII). La PII, como se describe en la ley de privacidad y seguridad de la informaci\u00f3n de EE. UU., Es informaci\u00f3n que se puede usar&#8230;<\/p>\n","protected":false},"author":2,"featured_media":0,"parent":0,"menu_order":0,"comment_status":"closed","ping_status":"closed","template":"","meta":{"_kad_blocks_custom_css":"","_kad_blocks_head_custom_js":"","_kad_blocks_body_custom_js":"","_kad_blocks_footer_custom_js":"","_kadence_starter_templates_imported_post":false,"_kad_post_transparent":"disable","_kad_post_title":"hide","_kad_post_layout":"","_kad_post_sidebar_id":"","_kad_post_content_style":"","_kad_post_vertical_padding":"","_kad_post_feature":"","_kad_post_feature_position":"","_kad_post_header":false,"_kad_post_footer":false,"_kad_post_classname":"","footnotes":""},"class_list":["post-48258","page","type-page","status-publish","hentry"],"taxonomy_info":[],"featured_image_src_large":false,"author_info":{"display_name":"admin_acw","author_link":"https:\/\/one0one.com\/es\/author\/admin_acw\/"},"comment_info":0,"_links":{"self":[{"href":"https:\/\/one0one.com\/es\/wp-json\/wp\/v2\/pages\/48258","targetHints":{"allow":["GET"]}}],"collection":[{"href":"https:\/\/one0one.com\/es\/wp-json\/wp\/v2\/pages"}],"about":[{"href":"https:\/\/one0one.com\/es\/wp-json\/wp\/v2\/types\/page"}],"author":[{"embeddable":true,"href":"https:\/\/one0one.com\/es\/wp-json\/wp\/v2\/users\/2"}],"replies":[{"embeddable":true,"href":"https:\/\/one0one.com\/es\/wp-json\/wp\/v2\/comments?post=48258"}],"version-history":[{"count":1,"href":"https:\/\/one0one.com\/es\/wp-json\/wp\/v2\/pages\/48258\/revisions"}],"predecessor-version":[{"id":164103,"href":"https:\/\/one0one.com\/es\/wp-json\/wp\/v2\/pages\/48258\/revisions\/164103"}],"wp:attachment":[{"href":"https:\/\/one0one.com\/es\/wp-json\/wp\/v2\/media?parent=48258"}],"curies":[{"name":"wp","href":"https:\/\/api.w.org\/{rel}","templated":true}]}}