{"id":48256,"date":"2020-02-07T17:58:20","date_gmt":"2020-02-07T22:58:20","guid":{"rendered":"https:\/\/one0one.com\/pago-seguro\/"},"modified":"2025-09-02T01:56:07","modified_gmt":"2025-09-02T05:56:07","slug":"pago-seguro","status":"publish","type":"page","link":"https:\/\/one0one.com\/es\/pago-seguro\/","title":{"rendered":"Pago seguro"},"content":{"rendered":"<style>.kb-row-layout-id48256_a7fc14-76 > .kt-row-column-wrap{align-content:start;}:where(.kb-row-layout-id48256_a7fc14-76 > .kt-row-column-wrap) > .wp-block-kadence-column{justify-content:start;}.kb-row-layout-id48256_a7fc14-76 > .kt-row-column-wrap{column-gap:var(--global-kb-gap-md, 2rem);row-gap:var(--global-kb-gap-md, 2rem);padding-top:0px;padding-bottom:24px;grid-template-columns:minmax(0, 2fr) minmax(0, 1fr);}.kb-row-layout-id48256_a7fc14-76 > .kt-row-layout-overlay{opacity:0.30;}@media all and (max-width: 1024px){.kb-row-layout-id48256_a7fc14-76 > .kt-row-column-wrap{grid-template-columns:minmax(0, 2fr) minmax(0, 1fr);}}@media all and (max-width: 767px){.kb-row-layout-id48256_a7fc14-76 > .kt-row-column-wrap{grid-template-columns:minmax(0, 1fr);}}<\/style><div class=\"kb-row-layout-wrap kb-row-layout-id48256_a7fc14-76 alignnone wp-block-kadence-rowlayout\"><div class=\"kt-row-column-wrap kt-has-2-columns kt-row-layout-left-golden kt-tab-layout-inherit kt-mobile-layout-row kt-row-valign-top\">\n<style>.kadence-column48256_70b975-0f > .kt-inside-inner-col,.kadence-column48256_70b975-0f > .kt-inside-inner-col:before{border-top-left-radius:0px;border-top-right-radius:0px;border-bottom-right-radius:0px;border-bottom-left-radius:0px;}.kadence-column48256_70b975-0f > .kt-inside-inner-col{column-gap:var(--global-kb-gap-sm, 1rem);}.kadence-column48256_70b975-0f > .kt-inside-inner-col{flex-direction:column;}.kadence-column48256_70b975-0f > .kt-inside-inner-col > .aligncenter{width:100%;}.kadence-column48256_70b975-0f > .kt-inside-inner-col:before{opacity:0.3;}.kadence-column48256_70b975-0f{position:relative;}@media all and (max-width: 1024px){.kadence-column48256_70b975-0f > .kt-inside-inner-col{flex-direction:column;justify-content:center;}}@media all and (max-width: 767px){.kadence-column48256_70b975-0f > .kt-inside-inner-col{flex-direction:column;justify-content:center;}}<\/style>\n<div class=\"wp-block-kadence-column kadence-column48256_70b975-0f\"><div class=\"kt-inside-inner-col\"><style>.wp-block-kadence-advancedheading.kt-adv-heading48256_ad30d9-7d, .wp-block-kadence-advancedheading.kt-adv-heading48256_ad30d9-7d[data-kb-block=\"kb-adv-heading48256_ad30d9-7d\"]{font-style:normal;}.wp-block-kadence-advancedheading.kt-adv-heading48256_ad30d9-7d mark.kt-highlight, .wp-block-kadence-advancedheading.kt-adv-heading48256_ad30d9-7d[data-kb-block=\"kb-adv-heading48256_ad30d9-7d\"] mark.kt-highlight{font-style:normal;color:#f76a0c;-webkit-box-decoration-break:clone;box-decoration-break:clone;padding-top:0px;padding-right:0px;padding-bottom:0px;padding-left:0px;}.wp-block-kadence-advancedheading.kt-adv-heading48256_ad30d9-7d img.kb-inline-image, .wp-block-kadence-advancedheading.kt-adv-heading48256_ad30d9-7d[data-kb-block=\"kb-adv-heading48256_ad30d9-7d\"] img.kb-inline-image{width:150px;vertical-align:baseline;}<\/style>\n<h2 class=\"kt-adv-heading48256_ad30d9-7d wp-block-kadence-advancedheading\" data-kb-block=\"kb-adv-heading48256_ad30d9-7d\">PAGO SEGURO<\/h2>\n\n\n\n<p>Cuando se trata de comprar algo, cualquier cosa en l\u00ednea, la pregunta de seguridad se destaca por encima de todo. No tomamos a la ligera la seguridad cibern\u00e9tica general de nuestra tienda y, en particular, el proceso de facturaci\u00f3n. Podemos asegurarle que todas sus compras aqu\u00ed ser\u00e1n una experiencia divertida y segura, mejorada por todos los factores enumerados a continuaci\u00f3n.<\/p>\n\n\n\n<ul class=\"wp-block-list\">\n<li>Certificado SSLSi el sitio web tiene un certificado SLL, esto significa que los propietarios se preocupan por que su experiencia de compra sea segura, \u00a1y desean asegurarse de que todos los datos (incluidos los financieros) que ingrese en nuestro sitio web est\u00e9n encriptados de forma segura!<\/li>\n\n\n\n<li>Multiples pasarelas de pagoCuando est\u00e1bamos considerando qu\u00e9 pasarelas de pago usar en nuestro sitio web, la elecci\u00f3n se redujo a 5 m\u00e1s universales: Visa, MasterCard, PayPal, ZELLE, AfterPay, Amazon Pay<\/li>\n\n\n\n<li>Atenci\u00f3n al cliente 24\/7Adem\u00e1s, es reconfortante saber que si experimenta alg\u00fan tipo de obst\u00e1culo t\u00e9cnico en el camino durante el proceso de pago, \u00a1siempre puede dirigirse a nuestro departamento de atenci\u00f3n al cliente con sus preguntas de facturaci\u00f3n!<\/li>\n<\/ul>\n\n\n<style>.kb-image48256_4e23f1-c8.kb-image-is-ratio-size, .kb-image48256_4e23f1-c8 .kb-image-is-ratio-size{max-width:-61px;width:100%;}.wp-block-kadence-column > .kt-inside-inner-col > .kb-image48256_4e23f1-c8.kb-image-is-ratio-size, .wp-block-kadence-column > .kt-inside-inner-col > .kb-image48256_4e23f1-c8 .kb-image-is-ratio-size{align-self:unset;}.kb-image48256_4e23f1-c8 figure{max-width:-61px;}.kb-image48256_4e23f1-c8 .image-is-svg, .kb-image48256_4e23f1-c8 .image-is-svg img{width:100%;}.kb-image48256_4e23f1-c8 .kb-image-has-overlay:after{opacity:0.3;}<\/style>\n<div class=\"wp-block-kadence-image kb-image48256_4e23f1-c8\"><figure class=\"aligncenter size-medium\"><img loading=\"lazy\" decoding=\"async\" width=\"300\" height=\"36\" src=\"https:\/\/one0one.com\/wp-content\/uploads\/2019\/02\/Boceto-300x36.png\" alt=\"\" class=\"kb-img wp-image-2811\" srcset=\"https:\/\/one0one.com\/wp-content\/uploads\/2019\/02\/Boceto-300x36.png 300w, https:\/\/one0one.com\/wp-content\/uploads\/2019\/02\/Boceto-768x91.png 768w, https:\/\/one0one.com\/wp-content\/uploads\/2019\/02\/Boceto-64x8.png 64w, https:\/\/one0one.com\/wp-content\/uploads\/2019\/02\/Boceto.png 858w\" sizes=\"auto, (max-width: 300px) 100vw, 300px\" \/><\/figure><\/div>\n<\/div><\/div>\n\n\n<style>.kadence-column48256_213051-1b > .kt-inside-inner-col,.kadence-column48256_213051-1b > .kt-inside-inner-col:before{border-top-left-radius:0px;border-top-right-radius:0px;border-bottom-right-radius:0px;border-bottom-left-radius:0px;}.kadence-column48256_213051-1b > .kt-inside-inner-col{column-gap:var(--global-kb-gap-sm, 1rem);}.kadence-column48256_213051-1b > .kt-inside-inner-col{flex-direction:column;}.kadence-column48256_213051-1b > .kt-inside-inner-col > .aligncenter{width:100%;}.kadence-column48256_213051-1b > .kt-inside-inner-col:before{opacity:0.3;}.kadence-column48256_213051-1b{position:relative;}.kadence-column48256_213051-1b, .kt-inside-inner-col > .kadence-column48256_213051-1b:not(.specificity){margin-top:60px;}@media all and (max-width: 1024px){.kadence-column48256_213051-1b > .kt-inside-inner-col{flex-direction:column;justify-content:center;}}@media all and (max-width: 767px){.kadence-column48256_213051-1b > .kt-inside-inner-col{flex-direction:column;justify-content:center;}}<\/style>\n<div class=\"wp-block-kadence-column kadence-column48256_213051-1b\"><div class=\"kt-inside-inner-col\"><style>.wp-block-kadence-advancedheading.kt-adv-heading48256_253657-ff, .wp-block-kadence-advancedheading.kt-adv-heading48256_253657-ff[data-kb-block=\"kb-adv-heading48256_253657-ff\"]{font-style:normal;text-transform:uppercase;}.wp-block-kadence-advancedheading.kt-adv-heading48256_253657-ff mark.kt-highlight, .wp-block-kadence-advancedheading.kt-adv-heading48256_253657-ff[data-kb-block=\"kb-adv-heading48256_253657-ff\"] mark.kt-highlight{font-style:normal;color:#f76a0c;-webkit-box-decoration-break:clone;box-decoration-break:clone;padding-top:0px;padding-right:0px;padding-bottom:0px;padding-left:0px;}.wp-block-kadence-advancedheading.kt-adv-heading48256_253657-ff img.kb-inline-image, .wp-block-kadence-advancedheading.kt-adv-heading48256_253657-ff[data-kb-block=\"kb-adv-heading48256_253657-ff\"] img.kb-inline-image{width:150px;vertical-align:baseline;}<\/style>\n<h2 class=\"kt-adv-heading48256_253657-ff wp-block-kadence-advancedheading\" data-kb-block=\"kb-adv-heading48256_253657-ff\">Contact<\/h2>\n\n\n<style>.kb-row-layout-id48256_16f465-d7 > .kt-row-column-wrap{align-content:start;}:where(.kb-row-layout-id48256_16f465-d7 > .kt-row-column-wrap) > .wp-block-kadence-column{justify-content:start;}.kb-row-layout-id48256_16f465-d7 > .kt-row-column-wrap{column-gap:var(--global-kb-gap-none, 0rem );row-gap:var(--global-kb-gap-md, 2rem);padding-top:0px;padding-bottom:0px;grid-template-columns:repeat(2, minmax(0, 1fr));}.kb-row-layout-id48256_16f465-d7 > .kt-row-layout-overlay{opacity:0.30;}@media all and (max-width: 1024px){.kb-row-layout-id48256_16f465-d7 > .kt-row-column-wrap{grid-template-columns:repeat(2, minmax(0, 1fr));}}@media all and (max-width: 767px){.kb-row-layout-id48256_16f465-d7 > .kt-row-column-wrap{grid-template-columns:repeat(2, minmax(0, 1fr));}}<\/style><div class=\"kb-row-layout-wrap kb-row-layout-id48256_16f465-d7 alignnone wp-block-kadence-rowlayout\"><div class=\"kt-row-column-wrap kt-has-2-columns kt-row-layout-equal kt-tab-layout-inherit kt-mobile-layout-equal kt-row-valign-top\">\n<style>.kadence-column48256_a2f853-e1 > .kt-inside-inner-col,.kadence-column48256_a2f853-e1 > .kt-inside-inner-col:before{border-top-left-radius:0px;border-top-right-radius:0px;border-bottom-right-radius:0px;border-bottom-left-radius:0px;}.kadence-column48256_a2f853-e1 > .kt-inside-inner-col{column-gap:var(--global-kb-gap-sm, 1rem);}.kadence-column48256_a2f853-e1 > .kt-inside-inner-col{flex-direction:column;}.kadence-column48256_a2f853-e1 > .kt-inside-inner-col > .aligncenter{width:100%;}.kadence-column48256_a2f853-e1 > .kt-inside-inner-col:before{opacity:0.3;}.kadence-column48256_a2f853-e1{position:relative;}@media all and (max-width: 1024px){.kadence-column48256_a2f853-e1 > .kt-inside-inner-col{flex-direction:column;justify-content:center;}}@media all and (max-width: 767px){.kadence-column48256_a2f853-e1 > .kt-inside-inner-col{flex-direction:column;justify-content:center;}}<\/style>\n<div class=\"wp-block-kadence-column kadence-column48256_a2f853-e1\"><div class=\"kt-inside-inner-col\"><style>.kb-image48256_20cabf-46.kb-image-is-ratio-size, .kb-image48256_20cabf-46 .kb-image-is-ratio-size{max-width:86px;width:100%;}.wp-block-kadence-column > .kt-inside-inner-col > .kb-image48256_20cabf-46.kb-image-is-ratio-size, .wp-block-kadence-column > .kt-inside-inner-col > .kb-image48256_20cabf-46 .kb-image-is-ratio-size{align-self:unset;}.kb-image48256_20cabf-46{max-width:86px;}.image-is-svg.kb-image48256_20cabf-46{-webkit-flex:0 1 100%;flex:0 1 100%;}.image-is-svg.kb-image48256_20cabf-46 img{width:100%;}.kb-image48256_20cabf-46 .kb-image-has-overlay:after{opacity:0.3;}<\/style>\n<figure class=\"wp-block-kadence-image kb-image48256_20cabf-46 size-full\"><img loading=\"lazy\" decoding=\"async\" width=\"300\" height=\"70\" src=\"https:\/\/one0one.com\/wp-content\/uploads\/2017\/12\/one0one-logo_black.png\" alt=\"\" class=\"kb-img wp-image-1689\" srcset=\"https:\/\/one0one.com\/wp-content\/uploads\/2017\/12\/one0one-logo_black.png 300w, https:\/\/one0one.com\/wp-content\/uploads\/2017\/12\/one0one-logo_black-64x15.png 64w\" sizes=\"auto, (max-width: 300px) 100vw, 300px\" \/><\/figure>\n<\/div><\/div>\n\n\n<style>.kadence-column48256_78ff4c-03 > .kt-inside-inner-col,.kadence-column48256_78ff4c-03 > .kt-inside-inner-col:before{border-top-left-radius:0px;border-top-right-radius:0px;border-bottom-right-radius:0px;border-bottom-left-radius:0px;}.kadence-column48256_78ff4c-03 > .kt-inside-inner-col{column-gap:var(--global-kb-gap-sm, 1rem);}.kadence-column48256_78ff4c-03 > .kt-inside-inner-col{flex-direction:column;}.kadence-column48256_78ff4c-03 > .kt-inside-inner-col > .aligncenter{width:100%;}.kadence-column48256_78ff4c-03 > .kt-inside-inner-col:before{opacity:0.3;}.kadence-column48256_78ff4c-03{position:relative;}.kadence-column48256_78ff4c-03, .kt-inside-inner-col > .kadence-column48256_78ff4c-03:not(.specificity){margin-top:-5px;margin-left:-100px;}@media all and (max-width: 1024px){.kadence-column48256_78ff4c-03 > .kt-inside-inner-col{flex-direction:column;justify-content:center;}}@media all and (max-width: 1024px){.kadence-column48256_78ff4c-03, .kt-inside-inner-col > .kadence-column48256_78ff4c-03:not(.specificity){margin-left:-50px;}}@media all and (max-width: 767px){.kadence-column48256_78ff4c-03 > .kt-inside-inner-col{flex-direction:column;justify-content:center;}.kadence-column48256_78ff4c-03, .kt-inside-inner-col > .kadence-column48256_78ff4c-03:not(.specificity){margin-left:-90px;}}<\/style>\n<div class=\"wp-block-kadence-column kadence-column48256_78ff4c-03\"><div class=\"kt-inside-inner-col\"><style>.wp-block-kadence-advancedheading.kt-adv-heading48256_ce905a-8e, .wp-block-kadence-advancedheading.kt-adv-heading48256_ce905a-8e[data-kb-block=\"kb-adv-heading48256_ce905a-8e\"]{font-style:normal;}.wp-block-kadence-advancedheading.kt-adv-heading48256_ce905a-8e mark.kt-highlight, .wp-block-kadence-advancedheading.kt-adv-heading48256_ce905a-8e[data-kb-block=\"kb-adv-heading48256_ce905a-8e\"] mark.kt-highlight{font-style:normal;color:#f76a0c;-webkit-box-decoration-break:clone;box-decoration-break:clone;padding-top:0px;padding-right:0px;padding-bottom:0px;padding-left:0px;}.wp-block-kadence-advancedheading.kt-adv-heading48256_ce905a-8e img.kb-inline-image, .wp-block-kadence-advancedheading.kt-adv-heading48256_ce905a-8e[data-kb-block=\"kb-adv-heading48256_ce905a-8e\"] img.kb-inline-image{width:150px;vertical-align:baseline;}<\/style>\n<h6 class=\"kt-adv-heading48256_ce905a-8e wp-block-kadence-advancedheading\" data-kb-block=\"kb-adv-heading48256_ce905a-8e\">LLC<\/h6>\n<\/div><\/div>\n\n<\/div><\/div>\n\n<style>.kb-row-layout-id48256_cdb376-37 > .kt-row-column-wrap{align-content:start;}:where(.kb-row-layout-id48256_cdb376-37 > .kt-row-column-wrap) > .wp-block-kadence-column{justify-content:start;}.kb-row-layout-id48256_cdb376-37 > .kt-row-column-wrap{column-gap:var(--global-kb-gap-none, 0rem );row-gap:var(--global-kb-gap-none, 0rem );padding-top:20px;padding-bottom:0px;}.kb-row-layout-id48256_cdb376-37 > .kt-row-column-wrap > div:not(.added-for-specificity){grid-column:initial;}.kb-row-layout-id48256_cdb376-37 > .kt-row-column-wrap{grid-template-columns:repeat(3, minmax(0, 1fr));}.kb-row-layout-id48256_cdb376-37 > .kt-row-layout-overlay{opacity:0.30;}@media all and (max-width: 1024px){.kb-row-layout-id48256_cdb376-37 > .kt-row-column-wrap > div:not(.added-for-specificity){grid-column:initial;}}@media all and (max-width: 1024px){.kb-row-layout-id48256_cdb376-37 > .kt-row-column-wrap{grid-template-columns:repeat(3, minmax(0, 1fr));}}@media all and (max-width: 767px){.kb-row-layout-id48256_cdb376-37 > .kt-row-column-wrap > div:not(.added-for-specificity){grid-column:initial;}.kb-row-layout-id48256_cdb376-37 > .kt-row-column-wrap{grid-template-columns:repeat(3, minmax(0, 1fr));}}<\/style><div class=\"kb-row-layout-wrap kb-row-layout-id48256_cdb376-37 alignnone wp-block-kadence-rowlayout\"><div class=\"kt-row-column-wrap kt-has-3-columns kt-row-layout-equal kt-tab-layout-inherit kt-mobile-layout-equal kt-row-valign-top\">\n<style>.kadence-column48256_9e51fb-55 > .kt-inside-inner-col,.kadence-column48256_9e51fb-55 > .kt-inside-inner-col:before{border-top-left-radius:0px;border-top-right-radius:0px;border-bottom-right-radius:0px;border-bottom-left-radius:0px;}.kadence-column48256_9e51fb-55 > .kt-inside-inner-col{column-gap:var(--global-kb-gap-sm, 1rem);}.kadence-column48256_9e51fb-55 > .kt-inside-inner-col{flex-direction:column;}.kadence-column48256_9e51fb-55 > .kt-inside-inner-col > .aligncenter{width:100%;}.kadence-column48256_9e51fb-55 > .kt-inside-inner-col:before{opacity:0.3;}.kadence-column48256_9e51fb-55{position:relative;}@media all and (max-width: 1024px){.kadence-column48256_9e51fb-55 > .kt-inside-inner-col{flex-direction:column;justify-content:center;}}@media all and (max-width: 767px){.kadence-column48256_9e51fb-55 > .kt-inside-inner-col{flex-direction:column;justify-content:center;}}<\/style>\n<div class=\"wp-block-kadence-column kadence-column48256_9e51fb-55\"><div class=\"kt-inside-inner-col\"><style>.wp-block-kadence-advancedheading.kt-adv-heading48256_053baa-16, .wp-block-kadence-advancedheading.kt-adv-heading48256_053baa-16[data-kb-block=\"kb-adv-heading48256_053baa-16\"]{font-style:normal;}.wp-block-kadence-advancedheading.kt-adv-heading48256_053baa-16 mark.kt-highlight, .wp-block-kadence-advancedheading.kt-adv-heading48256_053baa-16[data-kb-block=\"kb-adv-heading48256_053baa-16\"] mark.kt-highlight{font-style:normal;color:#f76a0c;-webkit-box-decoration-break:clone;box-decoration-break:clone;padding-top:0px;padding-right:0px;padding-bottom:0px;padding-left:0px;}.wp-block-kadence-advancedheading.kt-adv-heading48256_053baa-16 img.kb-inline-image, .wp-block-kadence-advancedheading.kt-adv-heading48256_053baa-16[data-kb-block=\"kb-adv-heading48256_053baa-16\"] img.kb-inline-image{width:150px;vertical-align:baseline;}@media all and (max-width: 1024px){.wp-block-kadence-advancedheading.kt-adv-heading48256_053baa-16, .wp-block-kadence-advancedheading.kt-adv-heading48256_053baa-16[data-kb-block=\"kb-adv-heading48256_053baa-16\"]{margin-right:-50px;}}<\/style>\n<h6 class=\"kt-adv-heading48256_053baa-16 wp-block-kadence-advancedheading\" data-kb-block=\"kb-adv-heading48256_053baa-16\">E-mail: Info@<\/h6>\n<\/div><\/div>\n\n\n<style>.kadence-column48256_c5d3c8-c9 > .kt-inside-inner-col,.kadence-column48256_c5d3c8-c9 > .kt-inside-inner-col:before{border-top-left-radius:0px;border-top-right-radius:0px;border-bottom-right-radius:0px;border-bottom-left-radius:0px;}.kadence-column48256_c5d3c8-c9 > .kt-inside-inner-col{column-gap:var(--global-kb-gap-sm, 1rem);}.kadence-column48256_c5d3c8-c9 > .kt-inside-inner-col{flex-direction:column;}.kadence-column48256_c5d3c8-c9 > .kt-inside-inner-col > .aligncenter{width:100%;}.kadence-column48256_c5d3c8-c9 > .kt-inside-inner-col:before{opacity:0.3;}.kadence-column48256_c5d3c8-c9{position:relative;}.kadence-column48256_c5d3c8-c9, .kt-inside-inner-col > .kadence-column48256_c5d3c8-c9:not(.specificity){margin-left:-8px;}@media all and (max-width: 1024px){.kadence-column48256_c5d3c8-c9 > .kt-inside-inner-col{flex-direction:column;justify-content:center;}}@media all and (max-width: 1024px){.kadence-column48256_c5d3c8-c9, .kt-inside-inner-col > .kadence-column48256_c5d3c8-c9:not(.specificity){margin-right:-25px;margin-left:25px;}}@media all and (max-width: 767px){.kadence-column48256_c5d3c8-c9 > .kt-inside-inner-col{flex-direction:column;justify-content:center;}.kadence-column48256_c5d3c8-c9, .kt-inside-inner-col > .kadence-column48256_c5d3c8-c9:not(.specificity){margin-left:0px;}}<\/style>\n<div class=\"wp-block-kadence-column kadence-column48256_c5d3c8-c9\"><div class=\"kt-inside-inner-col\"><style>.kb-image48256_a58a73-b4.kb-image-is-ratio-size, .kb-image48256_a58a73-b4 .kb-image-is-ratio-size{max-width:111px;width:100%;}.wp-block-kadence-column > .kt-inside-inner-col > .kb-image48256_a58a73-b4.kb-image-is-ratio-size, .wp-block-kadence-column > .kt-inside-inner-col > .kb-image48256_a58a73-b4 .kb-image-is-ratio-size{align-self:unset;}.kb-image48256_a58a73-b4{max-width:111px;}.image-is-svg.kb-image48256_a58a73-b4{-webkit-flex:0 1 100%;flex:0 1 100%;}.image-is-svg.kb-image48256_a58a73-b4 img{width:100%;}.kb-image48256_a58a73-b4 .kb-image-has-overlay:after{opacity:0.3;}<\/style>\n<figure class=\"wp-block-kadence-image kb-image48256_a58a73-b4 size-full\"><img loading=\"lazy\" decoding=\"async\" width=\"300\" height=\"70\" src=\"https:\/\/one0one.com\/wp-content\/uploads\/2017\/12\/one0one-logo_black.png\" alt=\"\" class=\"kb-img wp-image-1689\" srcset=\"https:\/\/one0one.com\/wp-content\/uploads\/2017\/12\/one0one-logo_black.png 300w, https:\/\/one0one.com\/wp-content\/uploads\/2017\/12\/one0one-logo_black-64x15.png 64w\" sizes=\"auto, (max-width: 300px) 100vw, 300px\" \/><\/figure>\n<\/div><\/div>\n\n\n<style>.kadence-column48256_60d0cb-63 > .kt-inside-inner-col{display:flex;}.kadence-column48256_60d0cb-63 > .kt-inside-inner-col,.kadence-column48256_60d0cb-63 > .kt-inside-inner-col:before{border-top-left-radius:0px;border-top-right-radius:0px;border-bottom-right-radius:0px;border-bottom-left-radius:0px;}.kadence-column48256_60d0cb-63 > .kt-inside-inner-col{column-gap:var(--global-kb-gap-sm, 1rem);}.kadence-column48256_60d0cb-63 > .kt-inside-inner-col{flex-direction:column;align-items:flex-start;}.kadence-column48256_60d0cb-63 > .kt-inside-inner-col > .kb-image-is-ratio-size{align-self:stretch;}.kadence-column48256_60d0cb-63 > .kt-inside-inner-col > .wp-block-kadence-advancedgallery{align-self:stretch;}.kadence-column48256_60d0cb-63 > .kt-inside-inner-col > .aligncenter{width:100%;}.kadence-column48256_60d0cb-63 > .kt-inside-inner-col:before{opacity:0.3;}.kadence-column48256_60d0cb-63{position:relative;}.kadence-column48256_60d0cb-63, .kt-inside-inner-col > .kadence-column48256_60d0cb-63:not(.specificity){margin-left:-25px;}@media all and (max-width: 1024px){.kadence-column48256_60d0cb-63 > .kt-inside-inner-col{flex-direction:column;justify-content:center;align-items:flex-start;}}@media all and (max-width: 1024px){.kadence-column48256_60d0cb-63, .kt-inside-inner-col > .kadence-column48256_60d0cb-63:not(.specificity){margin-left:30px;}}@media all and (max-width: 767px){.kadence-column48256_60d0cb-63 > .kt-inside-inner-col{flex-direction:column;justify-content:center;align-items:flex-start;}.kadence-column48256_60d0cb-63, .kt-inside-inner-col > .kadence-column48256_60d0cb-63:not(.specificity){margin-left:-5px;}}<\/style>\n<div class=\"wp-block-kadence-column kadence-column48256_60d0cb-63\"><div class=\"kt-inside-inner-col\"><style>.wp-block-kadence-advancedheading.kt-adv-heading48256_c86aa8-d4, .wp-block-kadence-advancedheading.kt-adv-heading48256_c86aa8-d4[data-kb-block=\"kb-adv-heading48256_c86aa8-d4\"]{font-style:normal;}.wp-block-kadence-advancedheading.kt-adv-heading48256_c86aa8-d4 mark.kt-highlight, .wp-block-kadence-advancedheading.kt-adv-heading48256_c86aa8-d4[data-kb-block=\"kb-adv-heading48256_c86aa8-d4\"] mark.kt-highlight{font-style:normal;color:#f76a0c;-webkit-box-decoration-break:clone;box-decoration-break:clone;padding-top:0px;padding-right:0px;padding-bottom:0px;padding-left:0px;}.wp-block-kadence-advancedheading.kt-adv-heading48256_c86aa8-d4 img.kb-inline-image, .wp-block-kadence-advancedheading.kt-adv-heading48256_c86aa8-d4[data-kb-block=\"kb-adv-heading48256_c86aa8-d4\"] img.kb-inline-image{width:150px;vertical-align:baseline;}<\/style>\n<h6 class=\"kt-adv-heading48256_c86aa8-d4 wp-block-kadence-advancedheading\" data-kb-block=\"kb-adv-heading48256_c86aa8-d4\">.com<\/h6>\n<\/div><\/div>\n\n<\/div><\/div><\/div><\/div>\n\n<\/div><\/div>","protected":false},"excerpt":{"rendered":"<p>PAGO SEGURO Cuando se trata de comprar algo, cualquier cosa en l\u00ednea, la pregunta de seguridad se destaca por encima de todo. No tomamos a la ligera la seguridad cibern\u00e9tica general de nuestra tienda y, en particular, el proceso de facturaci\u00f3n. Podemos asegurarle que todas sus compras aqu\u00ed ser\u00e1n una experiencia divertida y segura, mejorada&#8230;<\/p>\n","protected":false},"author":2,"featured_media":0,"parent":0,"menu_order":0,"comment_status":"closed","ping_status":"closed","template":"","meta":{"_kad_blocks_custom_css":"","_kad_blocks_head_custom_js":"","_kad_blocks_body_custom_js":"","_kad_blocks_footer_custom_js":"","_kadence_starter_templates_imported_post":false,"_kad_post_transparent":"disable","_kad_post_title":"hide","_kad_post_layout":"","_kad_post_sidebar_id":"","_kad_post_content_style":"","_kad_post_vertical_padding":"","_kad_post_feature":"","_kad_post_feature_position":"","_kad_post_header":false,"_kad_post_footer":false,"_kad_post_classname":"","footnotes":""},"class_list":["post-48256","page","type-page","status-publish","hentry"],"taxonomy_info":[],"featured_image_src_large":false,"author_info":{"display_name":"admin_acw","author_link":"https:\/\/one0one.com\/es\/author\/admin_acw\/"},"comment_info":0,"_links":{"self":[{"href":"https:\/\/one0one.com\/es\/wp-json\/wp\/v2\/pages\/48256","targetHints":{"allow":["GET"]}}],"collection":[{"href":"https:\/\/one0one.com\/es\/wp-json\/wp\/v2\/pages"}],"about":[{"href":"https:\/\/one0one.com\/es\/wp-json\/wp\/v2\/types\/page"}],"author":[{"embeddable":true,"href":"https:\/\/one0one.com\/es\/wp-json\/wp\/v2\/users\/2"}],"replies":[{"embeddable":true,"href":"https:\/\/one0one.com\/es\/wp-json\/wp\/v2\/comments?post=48256"}],"version-history":[{"count":3,"href":"https:\/\/one0one.com\/es\/wp-json\/wp\/v2\/pages\/48256\/revisions"}],"predecessor-version":[{"id":179630,"href":"https:\/\/one0one.com\/es\/wp-json\/wp\/v2\/pages\/48256\/revisions\/179630"}],"wp:attachment":[{"href":"https:\/\/one0one.com\/es\/wp-json\/wp\/v2\/media?parent=48256"}],"curies":[{"name":"wp","href":"https:\/\/api.w.org\/{rel}","templated":true}]}}