{"id":48182,"date":"2020-02-07T16:45:02","date_gmt":"2020-02-07T21:45:02","guid":{"rendered":"https:\/\/one0one.com\/garantia\/"},"modified":"2025-12-19T09:05:27","modified_gmt":"2025-12-19T14:05:27","slug":"garantia","status":"publish","type":"page","link":"https:\/\/one0one.com\/es\/garantia\/","title":{"rendered":"Garant\u00eda"},"content":{"rendered":"<style>.kb-row-layout-id48182_b0cb99-6d > .kt-row-column-wrap{align-content:start;}:where(.kb-row-layout-id48182_b0cb99-6d > .kt-row-column-wrap) > .wp-block-kadence-column{justify-content:start;}.kb-row-layout-id48182_b0cb99-6d > .kt-row-column-wrap{column-gap:var(--global-kb-gap-md, 2rem);row-gap:var(--global-kb-gap-md, 2rem);padding-top:0px;padding-bottom:24px;grid-template-columns:minmax(0, 2fr) minmax(0, 1fr);}.kb-row-layout-id48182_b0cb99-6d > .kt-row-layout-overlay{opacity:0.30;}@media all and (max-width: 1024px){.kb-row-layout-id48182_b0cb99-6d > .kt-row-column-wrap{grid-template-columns:minmax(0, 2fr) minmax(0, 1fr);}}@media all and (max-width: 767px){.kb-row-layout-id48182_b0cb99-6d > .kt-row-column-wrap{grid-template-columns:minmax(0, 1fr);}}<\/style><div class=\"kb-row-layout-wrap kb-row-layout-id48182_b0cb99-6d alignnone wp-block-kadence-rowlayout\"><div class=\"kt-row-column-wrap kt-has-2-columns kt-row-layout-left-golden kt-tab-layout-inherit kt-mobile-layout-row kt-row-valign-top\">\n<style>.kadence-column48182_080cbd-b6 > .kt-inside-inner-col,.kadence-column48182_080cbd-b6 > .kt-inside-inner-col:before{border-top-left-radius:0px;border-top-right-radius:0px;border-bottom-right-radius:0px;border-bottom-left-radius:0px;}.kadence-column48182_080cbd-b6 > .kt-inside-inner-col{column-gap:var(--global-kb-gap-sm, 1rem);}.kadence-column48182_080cbd-b6 > .kt-inside-inner-col{flex-direction:column;}.kadence-column48182_080cbd-b6 > .kt-inside-inner-col > .aligncenter{width:100%;}.kadence-column48182_080cbd-b6 > .kt-inside-inner-col:before{opacity:0.3;}.kadence-column48182_080cbd-b6{position:relative;}@media all and (max-width: 1024px){.kadence-column48182_080cbd-b6 > .kt-inside-inner-col{flex-direction:column;justify-content:center;}}@media all and (max-width: 767px){.kadence-column48182_080cbd-b6 > .kt-inside-inner-col{flex-direction:column;justify-content:center;}}<\/style>\n<div class=\"wp-block-kadence-column kadence-column48182_080cbd-b6\"><div class=\"kt-inside-inner-col\">\n<h2 class=\"wp-block-heading\">Garant\u00eda <\/h2>\n\n\n\n<p>A menos que se exprese lo contrario, www.one0one.com renuncia expresamente a todas las garant\u00edas y condiciones de cualquier tipo, ya sean expresas o impl\u00edcitas, incluidas, entre otras, las garant\u00edas y condiciones impl\u00edcitas de comerciabilidad, idoneidad para un prop\u00f3sito particular y no infracci\u00f3n.<\/p>\n\n\n\n<h4 class=\"wp-block-heading\">L\u00edmite de garant\u00edas<\/h4>\n\n\n\n<p>Al utilizar nuestro sitio web, usted comprende y acepta que todos los recursos que proporcionamos son \u201ctal cual\u201d y \u201cseg\u00fan disponibilidad\u201d. Esto significa que no le declaramos ni garantizamos que:<br>1) el uso de nuestros Recursos satisfar\u00e1 sus necesidades o requisitos.<br>2) el uso de nuestros Recursos ser\u00e1 ininterrumpido, oportuno, seguro o libre de errores.<br>3) la informaci\u00f3n obtenida mediante el uso de nuestros Recursos ser\u00e1 precisa o confiable, y<br>4) cualquier defecto en la operaci\u00f3n o funcionalidad de cualquier recurso que proporcionemos ser\u00e1 reparado o corregido.<\/p>\n<\/div><\/div>\n\n\n<style>.kadence-column48182_c0dc8f-cc > .kt-inside-inner-col,.kadence-column48182_c0dc8f-cc > .kt-inside-inner-col:before{border-top-left-radius:0px;border-top-right-radius:0px;border-bottom-right-radius:0px;border-bottom-left-radius:0px;}.kadence-column48182_c0dc8f-cc > .kt-inside-inner-col{column-gap:var(--global-kb-gap-sm, 1rem);}.kadence-column48182_c0dc8f-cc > .kt-inside-inner-col{flex-direction:column;}.kadence-column48182_c0dc8f-cc > .kt-inside-inner-col > .aligncenter{width:100%;}.kadence-column48182_c0dc8f-cc > .kt-inside-inner-col:before{opacity:0.3;}.kadence-column48182_c0dc8f-cc{position:relative;}@media all and (max-width: 1024px){.kadence-column48182_c0dc8f-cc > .kt-inside-inner-col{flex-direction:column;justify-content:center;}}@media all and (max-width: 767px){.kadence-column48182_c0dc8f-cc > .kt-inside-inner-col{flex-direction:column;justify-content:center;}}<\/style>\n<div class=\"wp-block-kadence-column kadence-column48182_c0dc8f-cc\"><div class=\"kt-inside-inner-col\"><style>.kadence-column48182_3cbc54-4c > .kt-inside-inner-col,.kadence-column48182_3cbc54-4c > .kt-inside-inner-col:before{border-top-left-radius:0px;border-top-right-radius:0px;border-bottom-right-radius:0px;border-bottom-left-radius:0px;}.kadence-column48182_3cbc54-4c > .kt-inside-inner-col{column-gap:var(--global-kb-gap-sm, 1rem);}.kadence-column48182_3cbc54-4c > .kt-inside-inner-col{flex-direction:column;}.kadence-column48182_3cbc54-4c > .kt-inside-inner-col > .aligncenter{width:100%;}.kadence-column48182_3cbc54-4c > .kt-inside-inner-col:before{opacity:0.3;}.kadence-column48182_3cbc54-4c{position:relative;}.kadence-column48182_3cbc54-4c, .kt-inside-inner-col > .kadence-column48182_3cbc54-4c:not(.specificity){margin-top:60px;}@media all and (max-width: 1024px){.kadence-column48182_3cbc54-4c > .kt-inside-inner-col{flex-direction:column;justify-content:center;}}@media all and (max-width: 767px){.kadence-column48182_3cbc54-4c > .kt-inside-inner-col{flex-direction:column;justify-content:center;}}<\/style>\n<div class=\"wp-block-kadence-column kadence-column48182_3cbc54-4c\"><div class=\"kt-inside-inner-col\"><style>.wp-block-kadence-advancedheading.kt-adv-heading48182_d1693f-c7, .wp-block-kadence-advancedheading.kt-adv-heading48182_d1693f-c7[data-kb-block=\"kb-adv-heading48182_d1693f-c7\"]{font-style:normal;text-transform:uppercase;}.wp-block-kadence-advancedheading.kt-adv-heading48182_d1693f-c7 mark.kt-highlight, .wp-block-kadence-advancedheading.kt-adv-heading48182_d1693f-c7[data-kb-block=\"kb-adv-heading48182_d1693f-c7\"] mark.kt-highlight{font-style:normal;color:#f76a0c;-webkit-box-decoration-break:clone;box-decoration-break:clone;padding-top:0px;padding-right:0px;padding-bottom:0px;padding-left:0px;}.wp-block-kadence-advancedheading.kt-adv-heading48182_d1693f-c7 img.kb-inline-image, .wp-block-kadence-advancedheading.kt-adv-heading48182_d1693f-c7[data-kb-block=\"kb-adv-heading48182_d1693f-c7\"] img.kb-inline-image{width:150px;vertical-align:baseline;}<\/style>\n<h2 class=\"kt-adv-heading48182_d1693f-c7 wp-block-kadence-advancedheading\" data-kb-block=\"kb-adv-heading48182_d1693f-c7\">Contact<\/h2>\n\n\n<style>.kb-row-layout-id48182_e506d4-a1 > .kt-row-column-wrap{align-content:start;}:where(.kb-row-layout-id48182_e506d4-a1 > .kt-row-column-wrap) > .wp-block-kadence-column{justify-content:start;}.kb-row-layout-id48182_e506d4-a1 > .kt-row-column-wrap{column-gap:var(--global-kb-gap-none, 0rem );row-gap:var(--global-kb-gap-md, 2rem);padding-top:0px;padding-bottom:0px;grid-template-columns:repeat(2, minmax(0, 1fr));}.kb-row-layout-id48182_e506d4-a1 > .kt-row-layout-overlay{opacity:0.30;}@media all and (max-width: 1024px){.kb-row-layout-id48182_e506d4-a1 > .kt-row-column-wrap{grid-template-columns:repeat(2, minmax(0, 1fr));}}@media all and (max-width: 767px){.kb-row-layout-id48182_e506d4-a1 > .kt-row-column-wrap{padding-bottom:0px;grid-template-columns:repeat(2, minmax(0, 1fr));}}<\/style><div class=\"kb-row-layout-wrap kb-row-layout-id48182_e506d4-a1 alignnone wp-block-kadence-rowlayout\"><div class=\"kt-row-column-wrap kt-has-2-columns kt-row-layout-equal kt-tab-layout-inherit kt-mobile-layout-equal kt-row-valign-top\">\n<style>.kadence-column48182_bdb8ce-78 > .kt-inside-inner-col,.kadence-column48182_bdb8ce-78 > .kt-inside-inner-col:before{border-top-left-radius:0px;border-top-right-radius:0px;border-bottom-right-radius:0px;border-bottom-left-radius:0px;}.kadence-column48182_bdb8ce-78 > .kt-inside-inner-col{column-gap:var(--global-kb-gap-sm, 1rem);}.kadence-column48182_bdb8ce-78 > .kt-inside-inner-col{flex-direction:column;}.kadence-column48182_bdb8ce-78 > .kt-inside-inner-col > .aligncenter{width:100%;}.kadence-column48182_bdb8ce-78 > .kt-inside-inner-col:before{opacity:0.3;}.kadence-column48182_bdb8ce-78{position:relative;}@media all and (max-width: 1024px){.kadence-column48182_bdb8ce-78 > .kt-inside-inner-col{flex-direction:column;justify-content:center;}}@media all and (max-width: 767px){.kadence-column48182_bdb8ce-78 > .kt-inside-inner-col{flex-direction:column;justify-content:center;}}<\/style>\n<div class=\"wp-block-kadence-column kadence-column48182_bdb8ce-78\"><div class=\"kt-inside-inner-col\"><style>.kb-image48182_005559-84.kb-image-is-ratio-size, .kb-image48182_005559-84 .kb-image-is-ratio-size{max-width:86px;width:100%;}.wp-block-kadence-column > .kt-inside-inner-col > .kb-image48182_005559-84.kb-image-is-ratio-size, .wp-block-kadence-column > .kt-inside-inner-col > .kb-image48182_005559-84 .kb-image-is-ratio-size{align-self:unset;}.kb-image48182_005559-84{max-width:86px;}.image-is-svg.kb-image48182_005559-84{-webkit-flex:0 1 100%;flex:0 1 100%;}.image-is-svg.kb-image48182_005559-84 img{width:100%;}.kb-image48182_005559-84 .kb-image-has-overlay:after{opacity:0.3;}<\/style>\n<figure class=\"wp-block-kadence-image kb-image48182_005559-84 size-full\"><img loading=\"lazy\" decoding=\"async\" width=\"300\" height=\"70\" src=\"https:\/\/one0one.com\/wp-content\/uploads\/2017\/12\/one0one-logo_black.png\" alt=\"\" class=\"kb-img wp-image-1689\" srcset=\"https:\/\/one0one.com\/wp-content\/uploads\/2017\/12\/one0one-logo_black.png 300w, https:\/\/one0one.com\/wp-content\/uploads\/2017\/12\/one0one-logo_black-64x15.png 64w\" sizes=\"auto, (max-width: 300px) 100vw, 300px\" \/><\/figure>\n<\/div><\/div>\n\n\n<style>.kadence-column48182_6b0e02-b5 > .kt-inside-inner-col,.kadence-column48182_6b0e02-b5 > .kt-inside-inner-col:before{border-top-left-radius:0px;border-top-right-radius:0px;border-bottom-right-radius:0px;border-bottom-left-radius:0px;}.kadence-column48182_6b0e02-b5 > .kt-inside-inner-col{column-gap:var(--global-kb-gap-sm, 1rem);}.kadence-column48182_6b0e02-b5 > .kt-inside-inner-col{flex-direction:column;}.kadence-column48182_6b0e02-b5 > .kt-inside-inner-col > .aligncenter{width:100%;}.kadence-column48182_6b0e02-b5 > .kt-inside-inner-col:before{opacity:0.3;}.kadence-column48182_6b0e02-b5{position:relative;}.kadence-column48182_6b0e02-b5, .kt-inside-inner-col > .kadence-column48182_6b0e02-b5:not(.specificity){margin-top:-5px;margin-left:-100px;}@media all and (max-width: 1024px){.kadence-column48182_6b0e02-b5 > .kt-inside-inner-col{flex-direction:column;justify-content:center;}}@media all and (max-width: 1024px){.kadence-column48182_6b0e02-b5, .kt-inside-inner-col > .kadence-column48182_6b0e02-b5:not(.specificity){margin-left:-50px;}}@media all and (max-width: 767px){.kadence-column48182_6b0e02-b5 > .kt-inside-inner-col{flex-direction:column;justify-content:center;}.kadence-column48182_6b0e02-b5, .kt-inside-inner-col > .kadence-column48182_6b0e02-b5:not(.specificity){margin-left:-70px;}}<\/style>\n<div class=\"wp-block-kadence-column kadence-column48182_6b0e02-b5\"><div class=\"kt-inside-inner-col\"><style>.wp-block-kadence-advancedheading.kt-adv-heading48182_9f4962-25, .wp-block-kadence-advancedheading.kt-adv-heading48182_9f4962-25[data-kb-block=\"kb-adv-heading48182_9f4962-25\"]{font-style:normal;}.wp-block-kadence-advancedheading.kt-adv-heading48182_9f4962-25 mark.kt-highlight, .wp-block-kadence-advancedheading.kt-adv-heading48182_9f4962-25[data-kb-block=\"kb-adv-heading48182_9f4962-25\"] mark.kt-highlight{font-style:normal;color:#f76a0c;-webkit-box-decoration-break:clone;box-decoration-break:clone;padding-top:0px;padding-right:0px;padding-bottom:0px;padding-left:0px;}.wp-block-kadence-advancedheading.kt-adv-heading48182_9f4962-25 img.kb-inline-image, .wp-block-kadence-advancedheading.kt-adv-heading48182_9f4962-25[data-kb-block=\"kb-adv-heading48182_9f4962-25\"] img.kb-inline-image{width:150px;vertical-align:baseline;}<\/style>\n<h6 class=\"kt-adv-heading48182_9f4962-25 wp-block-kadence-advancedheading\" data-kb-block=\"kb-adv-heading48182_9f4962-25\">LLC<\/h6>\n<\/div><\/div>\n\n<\/div><\/div>\n\n<style>.kb-row-layout-id48182_996558-33 > .kt-row-column-wrap{align-content:start;}:where(.kb-row-layout-id48182_996558-33 > .kt-row-column-wrap) > .wp-block-kadence-column{justify-content:start;}.kb-row-layout-id48182_996558-33 > .kt-row-column-wrap{column-gap:var(--global-kb-gap-none, 0rem );row-gap:var(--global-kb-gap-none, 0rem );padding-top:20px;padding-bottom:0px;}.kb-row-layout-id48182_996558-33 > .kt-row-column-wrap > div:not(.added-for-specificity){grid-column:initial;}.kb-row-layout-id48182_996558-33 > .kt-row-column-wrap{grid-template-columns:repeat(3, minmax(0, 1fr));}.kb-row-layout-id48182_996558-33 > .kt-row-layout-overlay{opacity:0.30;}@media all and (max-width: 1024px){.kb-row-layout-id48182_996558-33 > .kt-row-column-wrap > div:not(.added-for-specificity){grid-column:initial;}}@media all and (max-width: 1024px){.kb-row-layout-id48182_996558-33 > .kt-row-column-wrap{grid-template-columns:repeat(3, minmax(0, 1fr));}}@media all and (max-width: 767px){.kb-row-layout-id48182_996558-33 > .kt-row-column-wrap > div:not(.added-for-specificity){grid-column:initial;}.kb-row-layout-id48182_996558-33 > .kt-row-column-wrap{grid-template-columns:repeat(3, minmax(0, 1fr));}}<\/style><div class=\"kb-row-layout-wrap kb-row-layout-id48182_996558-33 alignnone wp-block-kadence-rowlayout\"><div class=\"kt-row-column-wrap kt-has-3-columns kt-row-layout-equal kt-tab-layout-inherit kt-mobile-layout-equal kt-row-valign-top\">\n<style>.kadence-column48182_d7014e-10 > .kt-inside-inner-col,.kadence-column48182_d7014e-10 > .kt-inside-inner-col:before{border-top-left-radius:0px;border-top-right-radius:0px;border-bottom-right-radius:0px;border-bottom-left-radius:0px;}.kadence-column48182_d7014e-10 > .kt-inside-inner-col{column-gap:var(--global-kb-gap-sm, 1rem);}.kadence-column48182_d7014e-10 > .kt-inside-inner-col{flex-direction:column;}.kadence-column48182_d7014e-10 > .kt-inside-inner-col > .aligncenter{width:100%;}.kadence-column48182_d7014e-10 > .kt-inside-inner-col:before{opacity:0.3;}.kadence-column48182_d7014e-10{position:relative;}@media all and (max-width: 1024px){.kadence-column48182_d7014e-10 > .kt-inside-inner-col{flex-direction:column;justify-content:center;}}@media all and (max-width: 767px){.kadence-column48182_d7014e-10 > .kt-inside-inner-col{flex-direction:column;justify-content:center;}}<\/style>\n<div class=\"wp-block-kadence-column kadence-column48182_d7014e-10\"><div class=\"kt-inside-inner-col\"><style>.wp-block-kadence-advancedheading.kt-adv-heading48182_0a12d5-84, .wp-block-kadence-advancedheading.kt-adv-heading48182_0a12d5-84[data-kb-block=\"kb-adv-heading48182_0a12d5-84\"]{font-style:normal;}.wp-block-kadence-advancedheading.kt-adv-heading48182_0a12d5-84 mark.kt-highlight, .wp-block-kadence-advancedheading.kt-adv-heading48182_0a12d5-84[data-kb-block=\"kb-adv-heading48182_0a12d5-84\"] mark.kt-highlight{font-style:normal;color:#f76a0c;-webkit-box-decoration-break:clone;box-decoration-break:clone;padding-top:0px;padding-right:0px;padding-bottom:0px;padding-left:0px;}.wp-block-kadence-advancedheading.kt-adv-heading48182_0a12d5-84 img.kb-inline-image, .wp-block-kadence-advancedheading.kt-adv-heading48182_0a12d5-84[data-kb-block=\"kb-adv-heading48182_0a12d5-84\"] img.kb-inline-image{width:150px;vertical-align:baseline;}@media all and (max-width: 1024px){.wp-block-kadence-advancedheading.kt-adv-heading48182_0a12d5-84, .wp-block-kadence-advancedheading.kt-adv-heading48182_0a12d5-84[data-kb-block=\"kb-adv-heading48182_0a12d5-84\"]{margin-right:-50px;}}<\/style>\n<h6 class=\"kt-adv-heading48182_0a12d5-84 wp-block-kadence-advancedheading\" data-kb-block=\"kb-adv-heading48182_0a12d5-84\">E-mail: Info@<\/h6>\n<\/div><\/div>\n\n\n<style>.kadence-column48182_5300ad-be > .kt-inside-inner-col,.kadence-column48182_5300ad-be > .kt-inside-inner-col:before{border-top-left-radius:0px;border-top-right-radius:0px;border-bottom-right-radius:0px;border-bottom-left-radius:0px;}.kadence-column48182_5300ad-be > .kt-inside-inner-col{column-gap:var(--global-kb-gap-sm, 1rem);}.kadence-column48182_5300ad-be > .kt-inside-inner-col{flex-direction:column;}.kadence-column48182_5300ad-be > .kt-inside-inner-col > .aligncenter{width:100%;}.kadence-column48182_5300ad-be > .kt-inside-inner-col:before{opacity:0.3;}.kadence-column48182_5300ad-be{position:relative;}.kadence-column48182_5300ad-be, .kt-inside-inner-col > .kadence-column48182_5300ad-be:not(.specificity){margin-left:-8px;}@media all and (max-width: 1024px){.kadence-column48182_5300ad-be > .kt-inside-inner-col{flex-direction:column;justify-content:center;}}@media all and (max-width: 1024px){.kadence-column48182_5300ad-be, .kt-inside-inner-col > .kadence-column48182_5300ad-be:not(.specificity){margin-right:-25px;margin-left:25px;}}@media all and (max-width: 767px){.kadence-column48182_5300ad-be > .kt-inside-inner-col{flex-direction:column;justify-content:center;}.kadence-column48182_5300ad-be, .kt-inside-inner-col > .kadence-column48182_5300ad-be:not(.specificity){margin-right:0px;margin-left:10px;}}<\/style>\n<div class=\"wp-block-kadence-column kadence-column48182_5300ad-be\"><div class=\"kt-inside-inner-col\"><style>.kb-image48182_cbe1f5-cf.kb-image-is-ratio-size, .kb-image48182_cbe1f5-cf .kb-image-is-ratio-size{max-width:111px;width:100%;}.wp-block-kadence-column > .kt-inside-inner-col > .kb-image48182_cbe1f5-cf.kb-image-is-ratio-size, .wp-block-kadence-column > .kt-inside-inner-col > .kb-image48182_cbe1f5-cf .kb-image-is-ratio-size{align-self:unset;}.kb-image48182_cbe1f5-cf{max-width:111px;}.image-is-svg.kb-image48182_cbe1f5-cf{-webkit-flex:0 1 100%;flex:0 1 100%;}.image-is-svg.kb-image48182_cbe1f5-cf img{width:100%;}.kb-image48182_cbe1f5-cf .kb-image-has-overlay:after{opacity:0.3;}<\/style>\n<figure class=\"wp-block-kadence-image kb-image48182_cbe1f5-cf size-full\"><img loading=\"lazy\" decoding=\"async\" width=\"300\" height=\"70\" src=\"https:\/\/one0one.com\/wp-content\/uploads\/2017\/12\/one0one-logo_black.png\" alt=\"\" class=\"kb-img wp-image-1689\" srcset=\"https:\/\/one0one.com\/wp-content\/uploads\/2017\/12\/one0one-logo_black.png 300w, https:\/\/one0one.com\/wp-content\/uploads\/2017\/12\/one0one-logo_black-64x15.png 64w\" sizes=\"auto, (max-width: 300px) 100vw, 300px\" \/><\/figure>\n<\/div><\/div>\n\n\n<style>.kadence-column48182_f337a4-4c > .kt-inside-inner-col{display:flex;}.kadence-column48182_f337a4-4c > .kt-inside-inner-col,.kadence-column48182_f337a4-4c > .kt-inside-inner-col:before{border-top-left-radius:0px;border-top-right-radius:0px;border-bottom-right-radius:0px;border-bottom-left-radius:0px;}.kadence-column48182_f337a4-4c > .kt-inside-inner-col{column-gap:var(--global-kb-gap-sm, 1rem);}.kadence-column48182_f337a4-4c > .kt-inside-inner-col{flex-direction:column;align-items:flex-start;}.kadence-column48182_f337a4-4c > .kt-inside-inner-col > .kb-image-is-ratio-size{align-self:stretch;}.kadence-column48182_f337a4-4c > .kt-inside-inner-col > .wp-block-kadence-advancedgallery{align-self:stretch;}.kadence-column48182_f337a4-4c > .kt-inside-inner-col > .aligncenter{width:100%;}.kadence-column48182_f337a4-4c > .kt-inside-inner-col:before{opacity:0.3;}.kadence-column48182_f337a4-4c{position:relative;}.kadence-column48182_f337a4-4c, .kt-inside-inner-col > .kadence-column48182_f337a4-4c:not(.specificity){margin-left:-25px;}@media all and (max-width: 1024px){.kadence-column48182_f337a4-4c > .kt-inside-inner-col{flex-direction:column;justify-content:center;align-items:flex-start;}}@media all and (max-width: 1024px){.kadence-column48182_f337a4-4c, .kt-inside-inner-col > .kadence-column48182_f337a4-4c:not(.specificity){margin-left:30px;}}@media all and (max-width: 767px){.kadence-column48182_f337a4-4c > .kt-inside-inner-col{flex-direction:column;justify-content:center;align-items:flex-start;}.kadence-column48182_f337a4-4c, .kt-inside-inner-col > .kadence-column48182_f337a4-4c:not(.specificity){margin-right:10px;margin-left:2px;}}<\/style>\n<div class=\"wp-block-kadence-column kadence-column48182_f337a4-4c\"><div class=\"kt-inside-inner-col\"><style>.wp-block-kadence-advancedheading.kt-adv-heading48182_b1fad2-7d, .wp-block-kadence-advancedheading.kt-adv-heading48182_b1fad2-7d[data-kb-block=\"kb-adv-heading48182_b1fad2-7d\"]{font-style:normal;}.wp-block-kadence-advancedheading.kt-adv-heading48182_b1fad2-7d mark.kt-highlight, .wp-block-kadence-advancedheading.kt-adv-heading48182_b1fad2-7d[data-kb-block=\"kb-adv-heading48182_b1fad2-7d\"] mark.kt-highlight{font-style:normal;color:#f76a0c;-webkit-box-decoration-break:clone;box-decoration-break:clone;padding-top:0px;padding-right:0px;padding-bottom:0px;padding-left:0px;}.wp-block-kadence-advancedheading.kt-adv-heading48182_b1fad2-7d img.kb-inline-image, .wp-block-kadence-advancedheading.kt-adv-heading48182_b1fad2-7d[data-kb-block=\"kb-adv-heading48182_b1fad2-7d\"] img.kb-inline-image{width:150px;vertical-align:baseline;}<\/style>\n<h6 class=\"kt-adv-heading48182_b1fad2-7d wp-block-kadence-advancedheading\" data-kb-block=\"kb-adv-heading48182_b1fad2-7d\">.com<\/h6>\n<\/div><\/div>\n\n<\/div><\/div><\/div><\/div>\n<\/div><\/div>\n\n<\/div><\/div>","protected":false},"excerpt":{"rendered":"<p>Garant\u00eda A menos que se exprese lo contrario, www.one0one.com renuncia expresamente a todas las garant\u00edas y condiciones de cualquier tipo, ya sean expresas o impl\u00edcitas, incluidas, entre otras, las garant\u00edas y condiciones impl\u00edcitas de comerciabilidad, idoneidad para un prop\u00f3sito particular y no infracci\u00f3n. L\u00edmite de garant\u00edas Al utilizar nuestro sitio web, usted comprende y acepta&#8230;<\/p>\n","protected":false},"author":2,"featured_media":0,"parent":0,"menu_order":0,"comment_status":"closed","ping_status":"closed","template":"","meta":{"_kad_blocks_custom_css":"","_kad_blocks_head_custom_js":"","_kad_blocks_body_custom_js":"","_kad_blocks_footer_custom_js":"","_kadence_starter_templates_imported_post":false,"_kad_post_transparent":"disable","_kad_post_title":"hide","_kad_post_layout":"","_kad_post_sidebar_id":"","_kad_post_content_style":"","_kad_post_vertical_padding":"","_kad_post_feature":"","_kad_post_feature_position":"","_kad_post_header":false,"_kad_post_footer":false,"_kad_post_classname":"","footnotes":""},"class_list":["post-48182","page","type-page","status-publish","hentry"],"taxonomy_info":[],"featured_image_src_large":false,"author_info":{"display_name":"admin_acw","author_link":"https:\/\/one0one.com\/es\/author\/admin_acw\/"},"comment_info":0,"_links":{"self":[{"href":"https:\/\/one0one.com\/es\/wp-json\/wp\/v2\/pages\/48182","targetHints":{"allow":["GET"]}}],"collection":[{"href":"https:\/\/one0one.com\/es\/wp-json\/wp\/v2\/pages"}],"about":[{"href":"https:\/\/one0one.com\/es\/wp-json\/wp\/v2\/types\/page"}],"author":[{"embeddable":true,"href":"https:\/\/one0one.com\/es\/wp-json\/wp\/v2\/users\/2"}],"replies":[{"embeddable":true,"href":"https:\/\/one0one.com\/es\/wp-json\/wp\/v2\/comments?post=48182"}],"version-history":[{"count":3,"href":"https:\/\/one0one.com\/es\/wp-json\/wp\/v2\/pages\/48182\/revisions"}],"predecessor-version":[{"id":189050,"href":"https:\/\/one0one.com\/es\/wp-json\/wp\/v2\/pages\/48182\/revisions\/189050"}],"wp:attachment":[{"href":"https:\/\/one0one.com\/es\/wp-json\/wp\/v2\/media?parent=48182"}],"curies":[{"name":"wp","href":"https:\/\/api.w.org\/{rel}","templated":true}]}}