{"id":48178,"date":"2020-02-07T16:01:14","date_gmt":"2020-02-07T21:01:14","guid":{"rendered":"https:\/\/one0one.com\/contactanos\/"},"modified":"2025-12-17T09:29:40","modified_gmt":"2025-12-17T14:29:40","slug":"contactanos","status":"publish","type":"page","link":"https:\/\/one0one.com\/es\/contactanos\/","title":{"rendered":"Cont\u00e1ctanos"},"content":{"rendered":"<style>.kb-row-layout-wrap.wp-block-kadence-rowlayout.kb-row-layout-id48178_27dc99-01{margin-top:-80px;}.kb-row-layout-id48178_27dc99-01 > .kt-row-column-wrap{align-content:start;}:where(.kb-row-layout-id48178_27dc99-01 > .kt-row-column-wrap) > .wp-block-kadence-column{justify-content:start;}.kb-row-layout-id48178_27dc99-01 > .kt-row-column-wrap{column-gap:var(--global-kb-gap-md, 2rem);row-gap:var(--global-kb-gap-md, 2rem);max-width:var( --global-content-width, 1290px );padding-left:var(--global-content-edge-padding);padding-right:var(--global-content-edge-padding);padding-bottom:0px;grid-template-columns:minmax(0, calc(40% - ((var(--global-kb-gap-md, 2rem) * 1 )\/2)))minmax(0, calc(60% - ((var(--global-kb-gap-md, 2rem) * 1 )\/2)));}.kb-row-layout-id48178_27dc99-01 > .kt-row-layout-overlay{opacity:0.30;}@media all and (max-width: 1024px){.kb-row-layout-id48178_27dc99-01 > .kt-row-column-wrap{grid-template-columns:minmax(0, 2fr) minmax(0, 1fr);}}@media all and (max-width: 767px){.kb-row-layout-id48178_27dc99-01 > .kt-row-column-wrap{grid-template-columns:minmax(0, 1fr);}}<\/style><div class=\"kb-row-layout-wrap kb-row-layout-id48178_27dc99-01 alignnone wp-block-kadence-rowlayout\"><div class=\"kt-row-column-wrap kt-has-2-columns kt-row-layout-left-golden kt-tab-layout-inherit kt-mobile-layout-row kt-row-valign-top kb-theme-content-width\">\n<style>.kadence-column48178_c6e7bc-ba > .kt-inside-inner-col{padding-top:20px;padding-right:20px;padding-bottom:20px;padding-left:20px;}.kadence-column48178_c6e7bc-ba > .kt-inside-inner-col,.kadence-column48178_c6e7bc-ba > .kt-inside-inner-col:before{border-top-left-radius:0px;border-top-right-radius:0px;border-bottom-right-radius:0px;border-bottom-left-radius:0px;}.kadence-column48178_c6e7bc-ba > .kt-inside-inner-col{column-gap:var(--global-kb-gap-sm, 1rem);}.kadence-column48178_c6e7bc-ba > .kt-inside-inner-col{flex-direction:column;}.kadence-column48178_c6e7bc-ba > .kt-inside-inner-col > .aligncenter{width:100%;}.kadence-column48178_c6e7bc-ba > .kt-inside-inner-col{background-color:#cecdcd;}.kadence-column48178_c6e7bc-ba > .kt-inside-inner-col:before{opacity:0.3;}.kadence-column48178_c6e7bc-ba{position:relative;}.kadence-column48178_c6e7bc-ba, .kt-inside-inner-col > .kadence-column48178_c6e7bc-ba:not(.specificity){margin-top:40px;}@media all and (max-width: 1024px){.kadence-column48178_c6e7bc-ba > .kt-inside-inner-col{flex-direction:column;justify-content:center;}}@media all and (max-width: 767px){.kadence-column48178_c6e7bc-ba > .kt-inside-inner-col{flex-direction:column;justify-content:center;}.kadence-column48178_c6e7bc-ba, .kt-inside-inner-col > .kadence-column48178_c6e7bc-ba:not(.specificity){margin-right:-50px;margin-left:-50px;}}<\/style>\n<div class=\"wp-block-kadence-column kadence-column48178_c6e7bc-ba\"><div class=\"kt-inside-inner-col\"><style>.wp-block-kadence-advancedheading.kt-adv-heading48178_ad85dd-a7, .wp-block-kadence-advancedheading.kt-adv-heading48178_ad85dd-a7[data-kb-block=\"kb-adv-heading48178_ad85dd-a7\"]{font-style:normal;text-transform:uppercase;}.wp-block-kadence-advancedheading.kt-adv-heading48178_ad85dd-a7 mark.kt-highlight, .wp-block-kadence-advancedheading.kt-adv-heading48178_ad85dd-a7[data-kb-block=\"kb-adv-heading48178_ad85dd-a7\"] mark.kt-highlight{font-style:normal;color:#f76a0c;-webkit-box-decoration-break:clone;box-decoration-break:clone;padding-top:0px;padding-right:0px;padding-bottom:0px;padding-left:0px;}.wp-block-kadence-advancedheading.kt-adv-heading48178_ad85dd-a7 img.kb-inline-image, .wp-block-kadence-advancedheading.kt-adv-heading48178_ad85dd-a7[data-kb-block=\"kb-adv-heading48178_ad85dd-a7\"] img.kb-inline-image{width:150px;vertical-align:baseline;}<\/style>\n<h2 class=\"kt-adv-heading48178_ad85dd-a7 wp-block-kadence-advancedheading\" data-kb-block=\"kb-adv-heading48178_ad85dd-a7\">Contacto<\/h2>\n\n\n<style>.kb-row-layout-id48178_4e9f40-26 > .kt-row-column-wrap{align-content:start;}:where(.kb-row-layout-id48178_4e9f40-26 > .kt-row-column-wrap) > .wp-block-kadence-column{justify-content:start;}.kb-row-layout-id48178_4e9f40-26 > .kt-row-column-wrap{column-gap:var(--global-kb-gap-none, 0rem );row-gap:var(--global-kb-gap-md, 2rem);padding-top:0px;padding-bottom:0px;grid-template-columns:repeat(2, minmax(0, 1fr));}.kb-row-layout-id48178_4e9f40-26 > .kt-row-layout-overlay{opacity:0.30;}@media all and (max-width: 1024px){.kb-row-layout-id48178_4e9f40-26 > .kt-row-column-wrap{grid-template-columns:repeat(2, minmax(0, 1fr));}}@media all and (max-width: 767px){.kb-row-layout-id48178_4e9f40-26 > .kt-row-column-wrap{grid-template-columns:repeat(2, minmax(0, 1fr));}}<\/style><div class=\"kb-row-layout-wrap kb-row-layout-id48178_4e9f40-26 alignnone wp-block-kadence-rowlayout\"><div class=\"kt-row-column-wrap kt-has-2-columns kt-row-layout-equal kt-tab-layout-inherit kt-mobile-layout-equal kt-row-valign-top\">\n<style>.kadence-column48178_3ba8b6-fe > .kt-inside-inner-col,.kadence-column48178_3ba8b6-fe > .kt-inside-inner-col:before{border-top-left-radius:0px;border-top-right-radius:0px;border-bottom-right-radius:0px;border-bottom-left-radius:0px;}.kadence-column48178_3ba8b6-fe > .kt-inside-inner-col{column-gap:var(--global-kb-gap-sm, 1rem);}.kadence-column48178_3ba8b6-fe > .kt-inside-inner-col{flex-direction:column;}.kadence-column48178_3ba8b6-fe > .kt-inside-inner-col > .aligncenter{width:100%;}.kadence-column48178_3ba8b6-fe > .kt-inside-inner-col:before{opacity:0.3;}.kadence-column48178_3ba8b6-fe{position:relative;}@media all and (max-width: 1024px){.kadence-column48178_3ba8b6-fe > .kt-inside-inner-col{flex-direction:column;justify-content:center;}}@media all and (max-width: 767px){.kadence-column48178_3ba8b6-fe > .kt-inside-inner-col{flex-direction:column;justify-content:center;}}<\/style>\n<div class=\"wp-block-kadence-column kadence-column48178_3ba8b6-fe\"><div class=\"kt-inside-inner-col\"><style>.kb-image48178_7f7d62-7d.kb-image-is-ratio-size, .kb-image48178_7f7d62-7d .kb-image-is-ratio-size{max-width:86px;width:100%;}.wp-block-kadence-column > .kt-inside-inner-col > .kb-image48178_7f7d62-7d.kb-image-is-ratio-size, .wp-block-kadence-column > .kt-inside-inner-col > .kb-image48178_7f7d62-7d .kb-image-is-ratio-size{align-self:unset;}.kb-image48178_7f7d62-7d{max-width:86px;}.image-is-svg.kb-image48178_7f7d62-7d{-webkit-flex:0 1 100%;flex:0 1 100%;}.image-is-svg.kb-image48178_7f7d62-7d img{width:100%;}.kb-image48178_7f7d62-7d .kb-image-has-overlay:after{opacity:0.3;}<\/style>\n<figure class=\"wp-block-kadence-image kb-image48178_7f7d62-7d size-full\"><img loading=\"lazy\" decoding=\"async\" width=\"300\" height=\"70\" src=\"https:\/\/one0one.com\/wp-content\/uploads\/2017\/12\/one0one-logo_black.png\" alt=\"\" class=\"kb-img wp-image-1689\" srcset=\"https:\/\/one0one.com\/wp-content\/uploads\/2017\/12\/one0one-logo_black.png 300w, https:\/\/one0one.com\/wp-content\/uploads\/2017\/12\/one0one-logo_black-64x15.png 64w\" sizes=\"auto, (max-width: 300px) 100vw, 300px\" \/><\/figure>\n<\/div><\/div>\n\n\n<style>.kadence-column48178_9ff73b-e1 > .kt-inside-inner-col,.kadence-column48178_9ff73b-e1 > .kt-inside-inner-col:before{border-top-left-radius:0px;border-top-right-radius:0px;border-bottom-right-radius:0px;border-bottom-left-radius:0px;}.kadence-column48178_9ff73b-e1 > .kt-inside-inner-col{column-gap:var(--global-kb-gap-sm, 1rem);}.kadence-column48178_9ff73b-e1 > .kt-inside-inner-col{flex-direction:column;}.kadence-column48178_9ff73b-e1 > .kt-inside-inner-col > .aligncenter{width:100%;}.kadence-column48178_9ff73b-e1 > .kt-inside-inner-col:before{opacity:0.3;}.kadence-column48178_9ff73b-e1{position:relative;}.kadence-column48178_9ff73b-e1, .kt-inside-inner-col > .kadence-column48178_9ff73b-e1:not(.specificity){margin-top:-5px;margin-left:-100px;}@media all and (max-width: 1024px){.kadence-column48178_9ff73b-e1 > .kt-inside-inner-col{flex-direction:column;justify-content:center;}}@media all and (max-width: 1024px){.kadence-column48178_9ff73b-e1, .kt-inside-inner-col > .kadence-column48178_9ff73b-e1:not(.specificity){margin-left:-50px;}}@media all and (max-width: 767px){.kadence-column48178_9ff73b-e1 > .kt-inside-inner-col{flex-direction:column;justify-content:center;}.kadence-column48178_9ff73b-e1, .kt-inside-inner-col > .kadence-column48178_9ff73b-e1:not(.specificity){margin-left:-70px;}}<\/style>\n<div class=\"wp-block-kadence-column kadence-column48178_9ff73b-e1\"><div class=\"kt-inside-inner-col\"><style>.wp-block-kadence-advancedheading.kt-adv-heading48178_509f5f-60, .wp-block-kadence-advancedheading.kt-adv-heading48178_509f5f-60[data-kb-block=\"kb-adv-heading48178_509f5f-60\"]{font-style:normal;}.wp-block-kadence-advancedheading.kt-adv-heading48178_509f5f-60 mark.kt-highlight, .wp-block-kadence-advancedheading.kt-adv-heading48178_509f5f-60[data-kb-block=\"kb-adv-heading48178_509f5f-60\"] mark.kt-highlight{font-style:normal;color:#f76a0c;-webkit-box-decoration-break:clone;box-decoration-break:clone;padding-top:0px;padding-right:0px;padding-bottom:0px;padding-left:0px;}.wp-block-kadence-advancedheading.kt-adv-heading48178_509f5f-60 img.kb-inline-image, .wp-block-kadence-advancedheading.kt-adv-heading48178_509f5f-60[data-kb-block=\"kb-adv-heading48178_509f5f-60\"] img.kb-inline-image{width:150px;vertical-align:baseline;}<\/style>\n<h6 class=\"kt-adv-heading48178_509f5f-60 wp-block-kadence-advancedheading\" data-kb-block=\"kb-adv-heading48178_509f5f-60\">LLC<\/h6>\n<\/div><\/div>\n\n<\/div><\/div>\n\n<style>.kb-row-layout-id48178_a7dd7a-b8 > .kt-row-column-wrap{align-content:start;}:where(.kb-row-layout-id48178_a7dd7a-b8 > .kt-row-column-wrap) > .wp-block-kadence-column{justify-content:start;}.kb-row-layout-id48178_a7dd7a-b8 > .kt-row-column-wrap{column-gap:var(--global-kb-gap-none, 0rem );row-gap:var(--global-kb-gap-none, 0rem );padding-top:20px;padding-bottom:0px;grid-template-columns:minmax(0, 1fr);}.kb-row-layout-id48178_a7dd7a-b8 > .kt-row-layout-overlay{opacity:0.30;}@media all and (max-width: 1024px){.kb-row-layout-id48178_a7dd7a-b8 > .kt-row-column-wrap{grid-template-columns:minmax(0, 1fr);}}@media all and (max-width: 767px){.kb-row-layout-id48178_a7dd7a-b8 > .kt-row-column-wrap{grid-template-columns:minmax(0, 1fr);}}<\/style><div class=\"kb-row-layout-wrap kb-row-layout-id48178_a7dd7a-b8 alignnone wp-block-kadence-rowlayout\"><div class=\"kt-row-column-wrap kt-has-1-columns kt-row-layout-equal kt-tab-layout-inherit kt-mobile-layout-row kt-row-valign-top\">\n<style>.kadence-column48178_39b5eb-0f > .kt-inside-inner-col,.kadence-column48178_39b5eb-0f > .kt-inside-inner-col:before{border-top-left-radius:0px;border-top-right-radius:0px;border-bottom-right-radius:0px;border-bottom-left-radius:0px;}.kadence-column48178_39b5eb-0f > .kt-inside-inner-col{column-gap:var(--global-kb-gap-sm, 1rem);}.kadence-column48178_39b5eb-0f > .kt-inside-inner-col{flex-direction:column;}.kadence-column48178_39b5eb-0f > .kt-inside-inner-col > .aligncenter{width:100%;}.kadence-column48178_39b5eb-0f > .kt-inside-inner-col:before{opacity:0.3;}.kadence-column48178_39b5eb-0f{position:relative;}.kadence-column48178_39b5eb-0f, .kt-inside-inner-col > .kadence-column48178_39b5eb-0f:not(.specificity){margin-right:-100px;}@media all and (max-width: 1024px){.kadence-column48178_39b5eb-0f > .kt-inside-inner-col{flex-direction:column;justify-content:center;}}@media all and (max-width: 767px){.kadence-column48178_39b5eb-0f > .kt-inside-inner-col{flex-direction:column;justify-content:center;}.kadence-column48178_39b5eb-0f, .kt-inside-inner-col > .kadence-column48178_39b5eb-0f:not(.specificity){margin-right:0px;}}<\/style>\n<div class=\"wp-block-kadence-column kadence-column48178_39b5eb-0f\"><div class=\"kt-inside-inner-col\"><style>.wp-block-kadence-advancedheading.kt-adv-heading48178_9daab3-31, .wp-block-kadence-advancedheading.kt-adv-heading48178_9daab3-31[data-kb-block=\"kb-adv-heading48178_9daab3-31\"]{font-style:normal;}.wp-block-kadence-advancedheading.kt-adv-heading48178_9daab3-31 mark.kt-highlight, .wp-block-kadence-advancedheading.kt-adv-heading48178_9daab3-31[data-kb-block=\"kb-adv-heading48178_9daab3-31\"] mark.kt-highlight{font-style:normal;color:#f76a0c;-webkit-box-decoration-break:clone;box-decoration-break:clone;padding-top:0px;padding-right:0px;padding-bottom:0px;padding-left:0px;}.wp-block-kadence-advancedheading.kt-adv-heading48178_9daab3-31 img.kb-inline-image, .wp-block-kadence-advancedheading.kt-adv-heading48178_9daab3-31[data-kb-block=\"kb-adv-heading48178_9daab3-31\"] img.kb-inline-image{width:150px;vertical-align:baseline;}@media all and (max-width: 1024px){.wp-block-kadence-advancedheading.kt-adv-heading48178_9daab3-31, .wp-block-kadence-advancedheading.kt-adv-heading48178_9daab3-31[data-kb-block=\"kb-adv-heading48178_9daab3-31\"]{margin-right:-50px;}}<\/style>\n<h6 class=\"kt-adv-heading48178_9daab3-31 wp-block-kadence-advancedheading\" data-kb-block=\"kb-adv-heading48178_9daab3-31\">Correo electr\u00f3nico: Info@one0one.com<\/h6>\n<\/div><\/div>\n\n<\/div><\/div><\/div><\/div>\n\n\n<style>.kadence-column48178_87b529-ef > .kt-inside-inner-col,.kadence-column48178_87b529-ef > .kt-inside-inner-col:before{border-top-left-radius:0px;border-top-right-radius:0px;border-bottom-right-radius:0px;border-bottom-left-radius:0px;}.kadence-column48178_87b529-ef > .kt-inside-inner-col{column-gap:var(--global-kb-gap-sm, 1rem);}.kadence-column48178_87b529-ef > .kt-inside-inner-col{flex-direction:column;}.kadence-column48178_87b529-ef > .kt-inside-inner-col > .aligncenter{width:100%;}.kadence-column48178_87b529-ef > .kt-inside-inner-col:before{opacity:0.3;}.kadence-column48178_87b529-ef{position:relative;}@media all and (max-width: 1024px){.kadence-column48178_87b529-ef > .kt-inside-inner-col{flex-direction:column;justify-content:center;}}@media all and (max-width: 767px){.kadence-column48178_87b529-ef > .kt-inside-inner-col{flex-direction:column;justify-content:center;}}<\/style>\n<div class=\"wp-block-kadence-column kadence-column48178_87b529-ef\"><div class=\"kt-inside-inner-col\"><style>.wp-block-kadence-advancedheading.kt-adv-heading48178_210cd4-78, .wp-block-kadence-advancedheading.kt-adv-heading48178_210cd4-78[data-kb-block=\"kb-adv-heading48178_210cd4-78\"]{padding-top:40px;font-size:var(--global-kb-font-size-lg, 2rem);font-style:normal;}.wp-block-kadence-advancedheading.kt-adv-heading48178_210cd4-78 mark.kt-highlight, .wp-block-kadence-advancedheading.kt-adv-heading48178_210cd4-78[data-kb-block=\"kb-adv-heading48178_210cd4-78\"] mark.kt-highlight{font-style:normal;color:#f76a0c;-webkit-box-decoration-break:clone;box-decoration-break:clone;padding-top:0px;padding-right:0px;padding-bottom:0px;padding-left:0px;}.wp-block-kadence-advancedheading.kt-adv-heading48178_210cd4-78 img.kb-inline-image, .wp-block-kadence-advancedheading.kt-adv-heading48178_210cd4-78[data-kb-block=\"kb-adv-heading48178_210cd4-78\"] img.kb-inline-image{width:150px;vertical-align:baseline;}@media all and (max-width: 767px){.wp-block-kadence-advancedheading.kt-adv-heading48178_210cd4-78, .wp-block-kadence-advancedheading.kt-adv-heading48178_210cd4-78[data-kb-block=\"kb-adv-heading48178_210cd4-78\"]{font-size:25px;}}<\/style>\n<h1 class=\"kt-adv-heading48178_210cd4-78 wp-block-kadence-advancedheading has-theme-palette-7-color has-text-color\" data-kb-block=\"kb-adv-heading48178_210cd4-78\">\u00bfNOS NECESITAS?<br>ESCR\u00cdBENOS.<\/h1>\n<\/div><\/div>\n\n<\/div><\/div>\n\n<style>.kb-row-layout-id48178_fadbc3-de > .kt-row-column-wrap{align-content:start;}:where(.kb-row-layout-id48178_fadbc3-de > .kt-row-column-wrap) > .wp-block-kadence-column{justify-content:start;}.kb-row-layout-id48178_fadbc3-de > .kt-row-column-wrap{column-gap:var(--global-kb-gap-md, 2rem);row-gap:var(--global-kb-gap-md, 2rem);max-width:var( --global-content-width, 1290px );padding-left:var(--global-content-edge-padding);padding-right:var(--global-content-edge-padding);padding-top:40px;padding-bottom:24px;grid-template-columns:minmax(0, calc(40% - ((var(--global-kb-gap-md, 2rem) * 1 )\/2)))minmax(0, calc(60% - ((var(--global-kb-gap-md, 2rem) * 1 )\/2)));}.kb-row-layout-id48178_fadbc3-de > .kt-row-layout-overlay{opacity:0.30;}@media all and (max-width: 1024px){.kb-row-layout-id48178_fadbc3-de > .kt-row-column-wrap{grid-template-columns:repeat(2, minmax(0, 1fr));}}@media all and (max-width: 767px){.kb-row-layout-id48178_fadbc3-de > .kt-row-column-wrap{grid-template-columns:minmax(0, 1fr);}}<\/style><div class=\"kb-row-layout-wrap kb-row-layout-id48178_fadbc3-de alignnone wp-block-kadence-rowlayout\"><div class=\"kt-row-column-wrap kt-has-2-columns kt-row-layout-equal kt-tab-layout-inherit kt-mobile-layout-row kt-row-valign-top kb-theme-content-width\">\n<style>.kadence-column48178_0dc61a-27 > .kt-inside-inner-col,.kadence-column48178_0dc61a-27 > .kt-inside-inner-col:before{border-top-left-radius:0px;border-top-right-radius:0px;border-bottom-right-radius:0px;border-bottom-left-radius:0px;}.kadence-column48178_0dc61a-27 > .kt-inside-inner-col{column-gap:var(--global-kb-gap-sm, 1rem);}.kadence-column48178_0dc61a-27 > .kt-inside-inner-col{flex-direction:column;}.kadence-column48178_0dc61a-27 > .kt-inside-inner-col > .aligncenter{width:100%;}.kadence-column48178_0dc61a-27 > .kt-inside-inner-col:before{opacity:0.3;}.kadence-column48178_0dc61a-27{position:relative;}@media all and (max-width: 1024px){.kadence-column48178_0dc61a-27 > .kt-inside-inner-col{flex-direction:column;justify-content:center;}}@media all and (max-width: 767px){.kadence-column48178_0dc61a-27 > .kt-inside-inner-col{flex-direction:column;justify-content:center;}}<\/style>\n<div class=\"wp-block-kadence-column kadence-column48178_0dc61a-27\"><div class=\"kt-inside-inner-col\">\n<h3 class=\"wp-block-heading has-medium-font-size\">Escr\u00edbenos<\/h3>\n\n\n\n<p>D\u00e9janos tus comentarios y nos comunicaremos contigo lo m\u00e1s r\u00e1pido posible.<\/p>\n\n\n<p>[ninja_form id=9]<\/p>\n<\/div><\/div>\n\n\n<style>.kadence-column48178_fab372-bc > .kt-inside-inner-col,.kadence-column48178_fab372-bc > .kt-inside-inner-col:before{border-top-left-radius:0px;border-top-right-radius:0px;border-bottom-right-radius:0px;border-bottom-left-radius:0px;}.kadence-column48178_fab372-bc > .kt-inside-inner-col{column-gap:var(--global-kb-gap-sm, 1rem);}.kadence-column48178_fab372-bc > .kt-inside-inner-col{flex-direction:column;}.kadence-column48178_fab372-bc > .kt-inside-inner-col > .aligncenter{width:100%;}.kadence-column48178_fab372-bc > .kt-inside-inner-col:before{opacity:0.3;}.kadence-column48178_fab372-bc{position:relative;}@media all and (max-width: 1024px){.kadence-column48178_fab372-bc > .kt-inside-inner-col{flex-direction:column;justify-content:center;}}@media all and (max-width: 767px){.kadence-column48178_fab372-bc > .kt-inside-inner-col{flex-direction:column;justify-content:center;}}<\/style>\n<div class=\"wp-block-kadence-column kadence-column48178_fab372-bc\"><div class=\"kt-inside-inner-col\"><style>.kb-google-maps-container48178_ebd6d3-f5{height:450px;}<\/style><div class=\"kb-google-maps-container kb-google-maps-container48178_ebd6d3-f5  wp-block-kadence-googlemaps\" data-mapid=\"48178_ebd6d3f5\"><iframe width=\"100%\" height=\"100%\"\n\t\t\t\t\t\t\tstyle=\"border:0\" loading=\"lazy\"\n\t\t\t\t\t\t\tsrc=\"https:\/\/www.google.com\/maps\/embed\/v1\/place?key=AIzaSyBAM2o7PiQqwk15LC1XRH2e_KJ-jUa7KYk&#038;zoom=11&#038;maptype=roadmap&#038;q=Miami\"\n\t\t\t\t\t\t\ttitle=\"Mapa de Google de Miami\"><\/iframe><\/div><script>function kb_google_map48178_ebd6d3f5() { let center = { lat: 37.8201, lng: -122.4781}; let map = new google.maps.Map(document.getElementById(\"kb-google-map48178_ebd6d3f5\"), {\n\t\t\t\t\t    zoom: 11,\n\t\t\t\t\t    center: center,});let marker = new google.maps.Marker({   position: { lat: 37.8201, lng: -122.4781},    map: map,  });}<\/script><\/div><\/div>\n\n<\/div><\/div>","protected":false},"excerpt":{"rendered":"<p>Contacto LLC Correo electr\u00f3nico: Info@one0one.com \u00bfNOS NECESITAS?ESCR\u00cdBENOS. Escr\u00edbenos D\u00e9janos tus comentarios y nos comunicaremos contigo lo m\u00e1s r\u00e1pido posible.<\/p>\n","protected":false},"author":1,"featured_media":0,"parent":0,"menu_order":0,"comment_status":"closed","ping_status":"closed","template":"","meta":{"_kad_blocks_custom_css":"","_kad_blocks_head_custom_js":"","_kad_blocks_body_custom_js":"","_kad_blocks_footer_custom_js":"","_kadence_starter_templates_imported_post":false,"_kad_post_transparent":"disable","_kad_post_title":"hide","_kad_post_layout":"","_kad_post_sidebar_id":"","_kad_post_content_style":"","_kad_post_vertical_padding":"","_kad_post_feature":"","_kad_post_feature_position":"","_kad_post_header":false,"_kad_post_footer":false,"_kad_post_classname":"","footnotes":""},"class_list":["post-48178","page","type-page","status-publish","hentry"],"taxonomy_info":[],"featured_image_src_large":false,"author_info":{"display_name":"ONE 0 ONE","author_link":"https:\/\/one0one.com\/es\/author\/one0one_admin\/"},"comment_info":0,"_links":{"self":[{"href":"https:\/\/one0one.com\/es\/wp-json\/wp\/v2\/pages\/48178","targetHints":{"allow":["GET"]}}],"collection":[{"href":"https:\/\/one0one.com\/es\/wp-json\/wp\/v2\/pages"}],"about":[{"href":"https:\/\/one0one.com\/es\/wp-json\/wp\/v2\/types\/page"}],"author":[{"embeddable":true,"href":"https:\/\/one0one.com\/es\/wp-json\/wp\/v2\/users\/1"}],"replies":[{"embeddable":true,"href":"https:\/\/one0one.com\/es\/wp-json\/wp\/v2\/comments?post=48178"}],"version-history":[{"count":16,"href":"https:\/\/one0one.com\/es\/wp-json\/wp\/v2\/pages\/48178\/revisions"}],"predecessor-version":[{"id":187710,"href":"https:\/\/one0one.com\/es\/wp-json\/wp\/v2\/pages\/48178\/revisions\/187710"}],"wp:attachment":[{"href":"https:\/\/one0one.com\/es\/wp-json\/wp\/v2\/media?parent=48178"}],"curies":[{"name":"wp","href":"https:\/\/api.w.org\/{rel}","templated":true}]}}