{"id":48172,"date":"2020-02-07T15:35:33","date_gmt":"2020-02-07T20:35:33","guid":{"rendered":"https:\/\/one0one.com\/acerca-de-nosotros\/"},"modified":"2025-04-03T09:27:47","modified_gmt":"2025-04-03T13:27:47","slug":"acerca-de-nosotros","status":"publish","type":"page","link":"https:\/\/one0one.com\/es\/acerca-de-nosotros\/","title":{"rendered":"Acerca de nosotros"},"content":{"rendered":"<style>.kb-row-layout-wrap.wp-block-kadence-rowlayout.kb-row-layout-id48172_043d30-13{margin-top:-40px;}.kb-row-layout-id48172_043d30-13 > .kt-row-column-wrap{align-content:start;}:where(.kb-row-layout-id48172_043d30-13 > .kt-row-column-wrap) > .wp-block-kadence-column{justify-content:start;}.kb-row-layout-id48172_043d30-13 > .kt-row-column-wrap{column-gap:var(--global-kb-gap-md, 2rem);row-gap:var(--global-kb-gap-md, 2rem);max-width:var( --global-content-width, 1290px );padding-left:var(--global-content-edge-padding);padding-right:var(--global-content-edge-padding);padding-top:200px;padding-bottom:200px;grid-template-columns:minmax(0, calc(60% - ((var(--global-kb-gap-md, 2rem) * 1 )\/2)))minmax(0, calc(40% - ((var(--global-kb-gap-md, 2rem) * 1 )\/2)));}.kb-row-layout-id48172_043d30-13{background-image:url('https:\/\/one0one.com\/wp-content\/uploads\/2025\/04\/Recurso-1.png');background-size:cover;background-position:center center;background-attachment:scroll;background-repeat:no-repeat;}.kb-row-layout-id48172_043d30-13 > .kt-row-layout-overlay{opacity:0.30;}@media all and (max-width: 1024px){.kb-row-layout-id48172_043d30-13 > .kt-row-column-wrap{grid-template-columns:minmax(0, 2fr) minmax(0, 1fr);}}@media all and (max-width: 767px){.kb-row-layout-id48172_043d30-13 > .kt-row-column-wrap{grid-template-columns:minmax(0, 1fr);}}<\/style><div class=\"kb-row-layout-wrap kb-row-layout-id48172_043d30-13 alignnone kt-row-has-bg wp-block-kadence-rowlayout\"><div class=\"kt-row-column-wrap kt-has-2-columns kt-row-layout-left-golden kt-tab-layout-inherit kt-mobile-layout-row kt-row-valign-top kb-theme-content-width\">\n<style>.kadence-column48172_89f554-57 > .kt-inside-inner-col,.kadence-column48172_89f554-57 > .kt-inside-inner-col:before{border-top-left-radius:0px;border-top-right-radius:0px;border-bottom-right-radius:0px;border-bottom-left-radius:0px;}.kadence-column48172_89f554-57 > .kt-inside-inner-col{column-gap:var(--global-kb-gap-sm, 1rem);}.kadence-column48172_89f554-57 > .kt-inside-inner-col{flex-direction:column;}.kadence-column48172_89f554-57 > .kt-inside-inner-col > .aligncenter{width:100%;}.kadence-column48172_89f554-57 > .kt-inside-inner-col:before{opacity:0.3;}.kadence-column48172_89f554-57{position:relative;}@media all and (max-width: 1024px){.kadence-column48172_89f554-57 > .kt-inside-inner-col{flex-direction:column;justify-content:center;}}@media all and (max-width: 767px){.kadence-column48172_89f554-57 > .kt-inside-inner-col{flex-direction:column;justify-content:center;}}<\/style>\n<div class=\"wp-block-kadence-column kadence-column48172_89f554-57\"><div class=\"kt-inside-inner-col\"><\/div><\/div>\n\n\n<style>.kadence-column48172_225b7c-66 > .kt-inside-inner-col,.kadence-column48172_225b7c-66 > .kt-inside-inner-col:before{border-top-left-radius:0px;border-top-right-radius:0px;border-bottom-right-radius:0px;border-bottom-left-radius:0px;}.kadence-column48172_225b7c-66 > .kt-inside-inner-col{column-gap:var(--global-kb-gap-sm, 1rem);}.kadence-column48172_225b7c-66 > .kt-inside-inner-col{flex-direction:column;}.kadence-column48172_225b7c-66 > .kt-inside-inner-col > .aligncenter{width:100%;}.kadence-column48172_225b7c-66 > .kt-inside-inner-col:before{opacity:0.3;}.kadence-column48172_225b7c-66{position:relative;}@media all and (max-width: 1024px){.kadence-column48172_225b7c-66 > .kt-inside-inner-col{flex-direction:column;justify-content:center;}}@media all and (max-width: 767px){.kadence-column48172_225b7c-66 > .kt-inside-inner-col{flex-direction:column;justify-content:center;}}<\/style>\n<div class=\"wp-block-kadence-column kadence-column48172_225b7c-66\"><div class=\"kt-inside-inner-col\"><style>.wp-block-kadence-advancedheading.kt-adv-heading48172_66507c-42, .wp-block-kadence-advancedheading.kt-adv-heading48172_66507c-42[data-kb-block=\"kb-adv-heading48172_66507c-42\"]{font-size:50px;line-height:60px;font-style:normal;}.wp-block-kadence-advancedheading.kt-adv-heading48172_66507c-42 mark.kt-highlight, .wp-block-kadence-advancedheading.kt-adv-heading48172_66507c-42[data-kb-block=\"kb-adv-heading48172_66507c-42\"] mark.kt-highlight{font-style:normal;color:#f76a0c;-webkit-box-decoration-break:clone;box-decoration-break:clone;padding-top:0px;padding-right:0px;padding-bottom:0px;padding-left:0px;}.wp-block-kadence-advancedheading.kt-adv-heading48172_66507c-42 img.kb-inline-image, .wp-block-kadence-advancedheading.kt-adv-heading48172_66507c-42[data-kb-block=\"kb-adv-heading48172_66507c-42\"] img.kb-inline-image{width:150px;vertical-align:baseline;}@media all and (max-width: 767px){.wp-block-kadence-advancedheading.kt-adv-heading48172_66507c-42, .wp-block-kadence-advancedheading.kt-adv-heading48172_66507c-42[data-kb-block=\"kb-adv-heading48172_66507c-42\"]{font-size:35px;line-height:40px;}}<\/style>\n<h1 class=\"kt-adv-heading48172_66507c-42 wp-block-kadence-advancedheading has-theme-palette-9-color has-text-color\" data-kb-block=\"kb-adv-heading48172_66507c-42\">SOBRE NOSOTROS<\/h1>\n<\/div><\/div>\n\n<\/div><\/div>\n\n<style>.kb-row-layout-id48172_497188-05 > .kt-row-column-wrap{align-content:start;}:where(.kb-row-layout-id48172_497188-05 > .kt-row-column-wrap) > .wp-block-kadence-column{justify-content:start;}.kb-row-layout-id48172_497188-05 > .kt-row-column-wrap{column-gap:var(--global-kb-gap-md, 2rem);row-gap:var(--global-kb-gap-md, 2rem);max-width:1100px;margin-left:auto;margin-right:auto;padding-top:var(--global-kb-spacing-sm, 1.5rem);padding-bottom:var(--global-kb-spacing-sm, 1.5rem);grid-template-columns:minmax(0, 1fr);}.kb-row-layout-id48172_497188-05 > .kt-row-layout-overlay{opacity:0.30;}@media all and (max-width: 1024px){.kb-row-layout-id48172_497188-05 > .kt-row-column-wrap{grid-template-columns:minmax(0, 1fr);}}@media all and (max-width: 767px){.kb-row-layout-id48172_497188-05 > .kt-row-column-wrap{grid-template-columns:minmax(0, 1fr);}}<\/style><div class=\"kb-row-layout-wrap kb-row-layout-id48172_497188-05 alignnone wp-block-kadence-rowlayout\"><div class=\"kt-row-column-wrap kt-has-1-columns kt-row-layout-equal kt-tab-layout-inherit kt-mobile-layout-row kt-row-valign-top\">\n<style>.kadence-column48172_bfa1e0-aa > .kt-inside-inner-col{padding-top:40px;}.kadence-column48172_bfa1e0-aa > .kt-inside-inner-col,.kadence-column48172_bfa1e0-aa > .kt-inside-inner-col:before{border-top-left-radius:0px;border-top-right-radius:0px;border-bottom-right-radius:0px;border-bottom-left-radius:0px;}.kadence-column48172_bfa1e0-aa > .kt-inside-inner-col{column-gap:var(--global-kb-gap-sm, 1rem);}.kadence-column48172_bfa1e0-aa > .kt-inside-inner-col{flex-direction:column;}.kadence-column48172_bfa1e0-aa > .kt-inside-inner-col > .aligncenter{width:100%;}.kadence-column48172_bfa1e0-aa > .kt-inside-inner-col:before{opacity:0.3;}.kadence-column48172_bfa1e0-aa{position:relative;}@media all and (max-width: 1024px){.kadence-column48172_bfa1e0-aa > .kt-inside-inner-col{flex-direction:column;justify-content:center;}}@media all and (max-width: 767px){.kadence-column48172_bfa1e0-aa > .kt-inside-inner-col{padding-right:30px;padding-left:30px;flex-direction:column;justify-content:center;}}<\/style>\n<div class=\"wp-block-kadence-column kadence-column48172_bfa1e0-aa\"><div class=\"kt-inside-inner-col\"><style>.wp-block-kadence-advancedheading.kt-adv-heading48172_10e38e-fa, .wp-block-kadence-advancedheading.kt-adv-heading48172_10e38e-fa[data-kb-block=\"kb-adv-heading48172_10e38e-fa\"]{font-style:normal;}.wp-block-kadence-advancedheading.kt-adv-heading48172_10e38e-fa mark.kt-highlight, .wp-block-kadence-advancedheading.kt-adv-heading48172_10e38e-fa[data-kb-block=\"kb-adv-heading48172_10e38e-fa\"] mark.kt-highlight{font-style:normal;color:#f76a0c;-webkit-box-decoration-break:clone;box-decoration-break:clone;padding-top:0px;padding-right:0px;padding-bottom:0px;padding-left:0px;}.wp-block-kadence-advancedheading.kt-adv-heading48172_10e38e-fa img.kb-inline-image, .wp-block-kadence-advancedheading.kt-adv-heading48172_10e38e-fa[data-kb-block=\"kb-adv-heading48172_10e38e-fa\"] img.kb-inline-image{width:150px;vertical-align:baseline;}<\/style>\n<h2 class=\"kt-adv-heading48172_10e38e-fa wp-block-kadence-advancedheading\" data-kb-block=\"kb-adv-heading48172_10e38e-fa\">TODOS LO HEMOS HECHO.<\/h2>\n\n\n\n<p>Todos hemos comprado alguna vez ropa de gimnasia o de calle que queda muy bien en las fotos, pero resulta muy inc\u00f3moda o no dura ni 3 lavados. Eso s\u00ed que es molesto. Arrancas la etiqueta, la usas una hora y la ropa resulta inc\u00f3moda. Y no puedes devolverlas.<br><\/p>\n\n\n\n<p>As\u00ed que\u2026 ten\u00edamos una misi\u00f3n. Un objetivo. En primer lugar, quer\u00edamos crear ropa que se ajustara perfectamente sin arriesgar la calidad. Eso nos llev\u00f3 cerca de un a\u00f1o. A partir de ah\u00ed, trabajamos en dise\u00f1os que pudieran encajar en estos modelos. No demasiado sobredise\u00f1ados, m\u00e1s cl\u00e1sicos y b\u00e1sicos con algunos retoques incre\u00edbles. Y, por supuesto, asegur\u00e1ndonos de que la calidad no se vea perjudicada por el dise\u00f1o elegante.<br><\/p>\n\n\n\n<p>Tanto si quieres usar one0one en el gimnasio, como si te quedas en casa, visitas a tus amigos o sales de compras\u2026 estamos seguros de que no te quejar\u00e1s del ajuste.<\/p>\n\n\n<style>.wp-block-kadence-advancedheading.kt-adv-heading48172_e48ff4-49, .wp-block-kadence-advancedheading.kt-adv-heading48172_e48ff4-49[data-kb-block=\"kb-adv-heading48172_e48ff4-49\"]{font-style:normal;}.wp-block-kadence-advancedheading.kt-adv-heading48172_e48ff4-49 mark.kt-highlight, .wp-block-kadence-advancedheading.kt-adv-heading48172_e48ff4-49[data-kb-block=\"kb-adv-heading48172_e48ff4-49\"] mark.kt-highlight{font-style:normal;color:#f76a0c;-webkit-box-decoration-break:clone;box-decoration-break:clone;padding-top:0px;padding-right:0px;padding-bottom:0px;padding-left:0px;}.wp-block-kadence-advancedheading.kt-adv-heading48172_e48ff4-49 img.kb-inline-image, .wp-block-kadence-advancedheading.kt-adv-heading48172_e48ff4-49[data-kb-block=\"kb-adv-heading48172_e48ff4-49\"] img.kb-inline-image{width:150px;vertical-align:baseline;}<\/style>\n<h2 class=\"kt-adv-heading48172_e48ff4-49 wp-block-kadence-advancedheading\" data-kb-block=\"kb-adv-heading48172_e48ff4-49\">\u00a1Bienvenido a one0one!<\/h2>\n\n\n<style>.wp-block-kadence-advancedheading.kt-adv-heading48172_44d8cb-cb, .wp-block-kadence-advancedheading.kt-adv-heading48172_44d8cb-cb[data-kb-block=\"kb-adv-heading48172_44d8cb-cb\"]{font-style:normal;}.wp-block-kadence-advancedheading.kt-adv-heading48172_44d8cb-cb mark.kt-highlight, .wp-block-kadence-advancedheading.kt-adv-heading48172_44d8cb-cb[data-kb-block=\"kb-adv-heading48172_44d8cb-cb\"] mark.kt-highlight{font-style:normal;color:#f76a0c;-webkit-box-decoration-break:clone;box-decoration-break:clone;padding-top:0px;padding-right:0px;padding-bottom:0px;padding-left:0px;}.wp-block-kadence-advancedheading.kt-adv-heading48172_44d8cb-cb img.kb-inline-image, .wp-block-kadence-advancedheading.kt-adv-heading48172_44d8cb-cb[data-kb-block=\"kb-adv-heading48172_44d8cb-cb\"] img.kb-inline-image{width:150px;vertical-align:baseline;}<\/style>\n<h5 class=\"kt-adv-heading48172_44d8cb-cb wp-block-kadence-advancedheading\" data-kb-block=\"kb-adv-heading48172_44d8cb-cb\"><strong>Michelle y Jimmy Lewin<\/strong><\/h5>\n<\/div><\/div>\n\n<\/div><\/div>","protected":false},"excerpt":{"rendered":"<p>SOBRE NOSOTROS TODOS LO HEMOS HECHO. Todos hemos comprado alguna vez ropa de gimnasia o de calle que queda muy bien en las fotos, pero resulta muy inc\u00f3moda o no dura ni 3 lavados. Eso s\u00ed que es molesto. Arrancas la etiqueta, la usas una hora y la ropa resulta inc\u00f3moda. Y no puedes devolverlas&#8230;.<\/p>\n","protected":false},"author":2,"featured_media":0,"parent":0,"menu_order":0,"comment_status":"closed","ping_status":"closed","template":"","meta":{"_kad_blocks_custom_css":"","_kad_blocks_head_custom_js":"","_kad_blocks_body_custom_js":"","_kad_blocks_footer_custom_js":"","_kadence_starter_templates_imported_post":false,"_kad_post_transparent":"disable","_kad_post_title":"hide","_kad_post_layout":"fullwidth","_kad_post_sidebar_id":"","_kad_post_content_style":"unboxed","_kad_post_vertical_padding":"hide","_kad_post_feature":"hide","_kad_post_feature_position":"","_kad_post_header":false,"_kad_post_footer":false,"_kad_post_classname":"","footnotes":""},"class_list":["post-48172","page","type-page","status-publish","hentry"],"taxonomy_info":[],"featured_image_src_large":false,"author_info":{"display_name":"admin_acw","author_link":"https:\/\/one0one.com\/es\/author\/admin_acw\/"},"comment_info":0,"_links":{"self":[{"href":"https:\/\/one0one.com\/es\/wp-json\/wp\/v2\/pages\/48172","targetHints":{"allow":["GET"]}}],"collection":[{"href":"https:\/\/one0one.com\/es\/wp-json\/wp\/v2\/pages"}],"about":[{"href":"https:\/\/one0one.com\/es\/wp-json\/wp\/v2\/types\/page"}],"author":[{"embeddable":true,"href":"https:\/\/one0one.com\/es\/wp-json\/wp\/v2\/users\/2"}],"replies":[{"embeddable":true,"href":"https:\/\/one0one.com\/es\/wp-json\/wp\/v2\/comments?post=48172"}],"version-history":[{"count":5,"href":"https:\/\/one0one.com\/es\/wp-json\/wp\/v2\/pages\/48172\/revisions"}],"predecessor-version":[{"id":171584,"href":"https:\/\/one0one.com\/es\/wp-json\/wp\/v2\/pages\/48172\/revisions\/171584"}],"wp:attachment":[{"href":"https:\/\/one0one.com\/es\/wp-json\/wp\/v2\/media?parent=48172"}],"curies":[{"name":"wp","href":"https:\/\/api.w.org\/{rel}","templated":true}]}}