{"id":126147,"date":"2021-12-07T09:13:05","date_gmt":"2021-12-07T14:13:05","guid":{"rendered":"https:\/\/one0one.com\/?page_id=126147"},"modified":"2025-04-03T09:29:27","modified_gmt":"2025-04-03T13:29:27","slug":"envios","status":"publish","type":"page","link":"https:\/\/one0one.com\/es\/envios\/","title":{"rendered":"Env\u00edos"},"content":{"rendered":"<style>.kb-row-layout-id126147_ad2dc2-cf > .kt-row-column-wrap{align-content:start;}:where(.kb-row-layout-id126147_ad2dc2-cf > .kt-row-column-wrap) > .wp-block-kadence-column{justify-content:start;}.kb-row-layout-id126147_ad2dc2-cf > .kt-row-column-wrap{column-gap:var(--global-kb-gap-md, 2rem);row-gap:var(--global-kb-gap-md, 2rem);padding-top:18px;padding-bottom:18px;padding-left:80px;grid-template-columns:minmax(0, 1fr);}.kb-row-layout-id126147_ad2dc2-cf > .kt-row-layout-overlay{opacity:0.30;}@media all and (max-width: 1024px){.kb-row-layout-id126147_ad2dc2-cf > .kt-row-column-wrap{grid-template-columns:minmax(0, 1fr);}}@media all and (max-width: 767px){.kb-row-layout-id126147_ad2dc2-cf > .kt-row-column-wrap{padding-left:20px;grid-template-columns:minmax(0, 1fr);}}<\/style><div class=\"kb-row-layout-wrap kb-row-layout-id126147_ad2dc2-cf alignnone has-theme-palette2-background-color kt-row-has-bg wp-block-kadence-rowlayout\"><div class=\"kt-row-column-wrap kt-has-1-columns kt-row-layout-equal kt-tab-layout-inherit kt-mobile-layout-row kt-row-valign-top\">\n<style>.kadence-column126147_f41f14-86 > .kt-inside-inner-col,.kadence-column126147_f41f14-86 > .kt-inside-inner-col:before{border-top-left-radius:0px;border-top-right-radius:0px;border-bottom-right-radius:0px;border-bottom-left-radius:0px;}.kadence-column126147_f41f14-86 > .kt-inside-inner-col{column-gap:var(--global-kb-gap-sm, 1rem);}.kadence-column126147_f41f14-86 > .kt-inside-inner-col{flex-direction:column;}.kadence-column126147_f41f14-86 > .kt-inside-inner-col > .aligncenter{width:100%;}.kadence-column126147_f41f14-86 > .kt-inside-inner-col:before{opacity:0.3;}.kadence-column126147_f41f14-86{position:relative;}@media all and (max-width: 1024px){.kadence-column126147_f41f14-86 > .kt-inside-inner-col{flex-direction:column;justify-content:center;}}@media all and (max-width: 767px){.kadence-column126147_f41f14-86 > .kt-inside-inner-col{flex-direction:column;justify-content:center;}}<\/style>\n<div class=\"wp-block-kadence-column kadence-column126147_f41f14-86\"><div class=\"kt-inside-inner-col\"><style>.wp-block-kadence-advancedheading.kt-adv-heading126147_7eb2b4-e1, .wp-block-kadence-advancedheading.kt-adv-heading126147_7eb2b4-e1[data-kb-block=\"kb-adv-heading126147_7eb2b4-e1\"]{font-size:62px;font-style:normal;}.wp-block-kadence-advancedheading.kt-adv-heading126147_7eb2b4-e1[data-kb-block=\"kb-adv-heading126147_7eb2b4-e1\"]{display:flex;gap:0.25em;align-items:center;}.wp-block-kadence-advancedheading.kt-adv-heading126147_7eb2b4-e1[data-kb-block=\"kb-adv-heading126147_7eb2b4-e1\"] .kb-adv-heading-icon svg{width:1em;height:1em;}.wp-block-kadence-advancedheading.kt-adv-heading126147_7eb2b4-e1[data-kb-block=\"kb-adv-heading126147_7eb2b4-e1\"] .kb-adv-heading-icon{font-size:76px;padding-left:40px;}.wp-block-kadence-advancedheading.kt-adv-heading126147_7eb2b4-e1 mark.kt-highlight, .wp-block-kadence-advancedheading.kt-adv-heading126147_7eb2b4-e1[data-kb-block=\"kb-adv-heading126147_7eb2b4-e1\"] mark.kt-highlight{font-style:normal;color:#f76a0c;-webkit-box-decoration-break:clone;box-decoration-break:clone;padding-top:0px;padding-right:0px;padding-bottom:0px;padding-left:0px;}.wp-block-kadence-advancedheading.kt-adv-heading126147_7eb2b4-e1 img.kb-inline-image, .wp-block-kadence-advancedheading.kt-adv-heading126147_7eb2b4-e1[data-kb-block=\"kb-adv-heading126147_7eb2b4-e1\"] img.kb-inline-image{width:150px;vertical-align:baseline;}@media all and (max-width: 767px){.wp-block-kadence-advancedheading.kt-adv-heading126147_7eb2b4-e1, .wp-block-kadence-advancedheading.kt-adv-heading126147_7eb2b4-e1[data-kb-block=\"kb-adv-heading126147_7eb2b4-e1\"]{font-size:30px;}}<\/style><h1 class=\"kt-adv-heading126147_7eb2b4-e1 wp-block-kadence-advancedheading kt-adv-heading-has-icon has-theme-palette7-color has-text-color\" data-kb-block=\"kb-adv-heading126147_7eb2b4-e1\"><span class=\"kb-adv-text-inner\">Env\u00edos<\/span><span class=\"kb-svg-icon-wrap kb-adv-heading-icon kb-svg-icon-fas_shipping-fast kb-adv-heading-icon-side-right\"><svg viewBox=\"0 0 640 512\"  fill=\"currentColor\" xmlns=\"http:\/\/www.w3.org\/2000\/svg\"  aria-hidden=\"true\"><path d=\"M624 352h-16V243.9c0-12.7-5.1-24.9-14.1-33.9L494 110.1c-9-9-21.2-14.1-33.9-14.1H416V48c0-26.5-21.5-48-48-48H112C85.5 0 64 21.5 64 48v48H8c-4.4 0-8 3.6-8 8v16c0 4.4 3.6 8 8 8h272c4.4 0 8 3.6 8 8v16c0 4.4-3.6 8-8 8H40c-4.4 0-8 3.6-8 8v16c0 4.4 3.6 8 8 8h208c4.4 0 8 3.6 8 8v16c0 4.4-3.6 8-8 8H8c-4.4 0-8 3.6-8 8v16c0 4.4 3.6 8 8 8h208c4.4 0 8 3.6 8 8v16c0 4.4-3.6 8-8 8H64v128c0 53 43 96 96 96s96-43 96-96h128c0 53 43 96 96 96s96-43 96-96h48c8.8 0 16-7.2 16-16v-32c0-8.8-7.2-16-16-16zM160 464c-26.5 0-48-21.5-48-48s21.5-48 48-48 48 21.5 48 48-21.5 48-48 48zm320 0c-26.5 0-48-21.5-48-48s21.5-48 48-48 48 21.5 48 48-21.5 48-48 48zm80-208H416V144h44.1l99.9 99.9V256z\"\/><\/svg><\/span><\/h1><\/div><\/div>\n\n<\/div><\/div>\n\n<style>.kb-row-layout-id126147_fe2891-a1 > .kt-row-column-wrap{align-content:start;}:where(.kb-row-layout-id126147_fe2891-a1 > .kt-row-column-wrap) > .wp-block-kadence-column{justify-content:start;}.kb-row-layout-id126147_fe2891-a1 > .kt-row-column-wrap{column-gap:var(--global-kb-gap-md, 2rem);row-gap:var(--global-kb-gap-md, 2rem);max-width:1200px;margin-left:auto;margin-right:auto;padding-top:60px;padding-bottom:24px;grid-template-columns:minmax(0, 1fr);}.kb-row-layout-id126147_fe2891-a1 > .kt-row-layout-overlay{opacity:0.30;}@media all and (max-width: 1024px){.kb-row-layout-id126147_fe2891-a1 > .kt-row-column-wrap{grid-template-columns:minmax(0, 1fr);}}@media all and (max-width: 767px){.kb-row-layout-id126147_fe2891-a1 > .kt-row-column-wrap{padding-right:30px;padding-left:30px;grid-template-columns:minmax(0, 1fr);}}<\/style><div class=\"kb-row-layout-wrap kb-row-layout-id126147_fe2891-a1 alignnone wp-block-kadence-rowlayout\"><div class=\"kt-row-column-wrap kt-has-1-columns kt-row-layout-equal kt-tab-layout-inherit kt-mobile-layout-row kt-row-valign-top\">\n<style>.kadence-column126147_26cb21-19 > .kt-inside-inner-col,.kadence-column126147_26cb21-19 > .kt-inside-inner-col:before{border-top-left-radius:0px;border-top-right-radius:0px;border-bottom-right-radius:0px;border-bottom-left-radius:0px;}.kadence-column126147_26cb21-19 > .kt-inside-inner-col{column-gap:var(--global-kb-gap-sm, 1rem);}.kadence-column126147_26cb21-19 > .kt-inside-inner-col{flex-direction:column;}.kadence-column126147_26cb21-19 > .kt-inside-inner-col > .aligncenter{width:100%;}.kadence-column126147_26cb21-19 > .kt-inside-inner-col:before{opacity:0.3;}.kadence-column126147_26cb21-19{position:relative;}@media all and (max-width: 1024px){.kadence-column126147_26cb21-19 > .kt-inside-inner-col{flex-direction:column;justify-content:center;}}@media all and (max-width: 767px){.kadence-column126147_26cb21-19 > .kt-inside-inner-col{flex-direction:column;justify-content:center;}}<\/style>\n<div class=\"wp-block-kadence-column kadence-column126147_26cb21-19\"><div class=\"kt-inside-inner-col\"><style>.wp-block-kadence-advancedheading.kt-adv-heading126147_209340-54, .wp-block-kadence-advancedheading.kt-adv-heading126147_209340-54[data-kb-block=\"kb-adv-heading126147_209340-54\"]{font-style:normal;}.wp-block-kadence-advancedheading.kt-adv-heading126147_209340-54 mark.kt-highlight, .wp-block-kadence-advancedheading.kt-adv-heading126147_209340-54[data-kb-block=\"kb-adv-heading126147_209340-54\"] mark.kt-highlight{font-style:normal;color:#f76a0c;-webkit-box-decoration-break:clone;box-decoration-break:clone;padding-top:0px;padding-right:0px;padding-bottom:0px;padding-left:0px;}.wp-block-kadence-advancedheading.kt-adv-heading126147_209340-54 img.kb-inline-image, .wp-block-kadence-advancedheading.kt-adv-heading126147_209340-54[data-kb-block=\"kb-adv-heading126147_209340-54\"] img.kb-inline-image{width:150px;vertical-align:baseline;}<\/style>\n<p class=\"kt-adv-heading126147_209340-54 wp-block-kadence-advancedheading\" data-kb-block=\"kb-adv-heading126147_209340-54\">Por favor, espere hasta 3 d\u00edas h\u00e1biles para el procesamiento en nuestro centro de fulllment antes de que su pedido sea enviado. Los pedidos realizados despu\u00e9s de las 2pm<br>Viernes PST comenzar\u00e1 a procesar el lunes siguiente.<br><br>Los tiempos de env\u00edo se calculan despu\u00e9s del procesamiento, una vez que el art\u00edculo ha sido enviado. Una vez realizados los pedidos no se pueden cambiar. Devoluciones<br>one0one no se hace responsable de retrasos imprevistos debidos al Servicio Postal.<br><br>El env\u00edo incluido es un servicio que contratamos a UPS o USPS y es v\u00e1lido hasta que haya sido escaneado como entregado en su buz\u00f3n de correo<br>(o a la sala de correo de su edificio si esa es la norma interna donde usted vive). No nos hacemos responsables de art\u00edculos perdidos o robados una vez<br>una vez entregados o de una direcci\u00f3n introducida incorrectamente. Una vez que los art\u00edculos se hayan escaneado como entregados en su direcci\u00f3n, le corresponde a usted presentar una reclamaci\u00f3n<br>con el transportista (o la compa\u00f1\u00eda de la tarjeta de cr\u00e9dito) por cualquier art\u00edculo perdido o robado.<br><br>Si un pedido se entrega da\u00f1ado, debe notificarlo al transportista en un plazo de 3 d\u00edas con varias fotos claras de los da\u00f1os. No dude en<br>No dude en ponerse en contacto con nosotros en lugar de con el transportista si no est\u00e1 seguro, y le ayudaremos a presentar la reclamaci\u00f3n en su nombre.<\/p>\n\n\n<style>.wp-block-kadence-advancedheading.kt-adv-heading126147_6f770c-a3, .wp-block-kadence-advancedheading.kt-adv-heading126147_6f770c-a3[data-kb-block=\"kb-adv-heading126147_6f770c-a3\"]{font-style:normal;}.wp-block-kadence-advancedheading.kt-adv-heading126147_6f770c-a3 mark.kt-highlight, .wp-block-kadence-advancedheading.kt-adv-heading126147_6f770c-a3[data-kb-block=\"kb-adv-heading126147_6f770c-a3\"] mark.kt-highlight{font-style:normal;color:#f76a0c;-webkit-box-decoration-break:clone;box-decoration-break:clone;padding-top:0px;padding-right:0px;padding-bottom:0px;padding-left:0px;}.wp-block-kadence-advancedheading.kt-adv-heading126147_6f770c-a3 img.kb-inline-image, .wp-block-kadence-advancedheading.kt-adv-heading126147_6f770c-a3[data-kb-block=\"kb-adv-heading126147_6f770c-a3\"] img.kb-inline-image{width:150px;vertical-align:baseline;}<\/style>\n<h2 class=\"kt-adv-heading126147_6f770c-a3 wp-block-kadence-advancedheading\" data-kb-block=\"kb-adv-heading126147_6f770c-a3\">\u00d3RDENES NACIONALES<\/h2>\n\n\n\n<ul class=\"wp-block-list\">\n<li>A menos que se seleccione lo contrario, todos los pedidos nacionales se env\u00edan a trav\u00e9s de USPS o UPS. Una vez finalizado el procesamiento, el tiempo de env\u00edo<\/li>\n\n\n\n<li>3-5 d\u00edas dependiendo del destino final.<\/li>\n\n\n\n<li>Aunque la mayor\u00eda de los env\u00edos nacionales se entregan en un plazo de 3 d\u00edas laborables a partir de la fecha del pedido, le rogamos que espere hasta 6 d\u00edas laborables para la entrega de su art\u00edculo, ya que los plazos de tramitaci\u00f3n y env\u00edo pueden variar. ya que los tiempos de procesamiento y env\u00edo pueden variar.<\/li>\n\n\n\n<li>No fraccionamos los env\u00edos. Los pedidos se env\u00edan una vez que todos los art\u00edculos del pedido est\u00e1n listos para su env\u00edo.<\/li>\n\n\n\n<li>Los env\u00edos superiores a 300 $ requieren una firma para la entrega.<\/li>\n\n\n\n<li>Es posible que nos pongamos en contacto con usted por correo electr\u00f3nico para confirmar que realmente es usted quien realiza la compra, y le pediremos una foto suya y de la tarjeta de cr\u00e9dito utilizada que cubra el pago. de usted y de la tarjeta de cr\u00e9dito utilizada cubriendo todos los n\u00fameros excepto los 4 \u00faltimos d\u00edgitos.<\/li>\n\n\n\n<li>Cualquier paquete devuelto por direcciones INCOMPLETAS\/INCORRECTAS ser\u00e1 enviado de nuevo a su cargo.<\/li>\n<\/ul>\n\n\n<style>.wp-block-kadence-advancedheading.kt-adv-heading126147_6c4124-f3, .wp-block-kadence-advancedheading.kt-adv-heading126147_6c4124-f3[data-kb-block=\"kb-adv-heading126147_6c4124-f3\"]{font-style:normal;}.wp-block-kadence-advancedheading.kt-adv-heading126147_6c4124-f3 mark.kt-highlight, .wp-block-kadence-advancedheading.kt-adv-heading126147_6c4124-f3[data-kb-block=\"kb-adv-heading126147_6c4124-f3\"] mark.kt-highlight{font-style:normal;color:#f76a0c;-webkit-box-decoration-break:clone;box-decoration-break:clone;padding-top:0px;padding-right:0px;padding-bottom:0px;padding-left:0px;}.wp-block-kadence-advancedheading.kt-adv-heading126147_6c4124-f3 img.kb-inline-image, .wp-block-kadence-advancedheading.kt-adv-heading126147_6c4124-f3[data-kb-block=\"kb-adv-heading126147_6c4124-f3\"] img.kb-inline-image{width:150px;vertical-align:baseline;}<\/style>\n<h2 class=\"kt-adv-heading126147_6c4124-f3 wp-block-kadence-advancedheading\" data-kb-block=\"kb-adv-heading126147_6c4124-f3\">PEDIDOS INTERNACIONALES<\/h2>\n\n\n\n<ul class=\"wp-block-list\">\n<li>Estamos haciendo todo lo posible para evitar el impuesto de importaci\u00f3n, pero no podemos garantizar que no suceda y cualquier impuesto de importaci\u00f3n ser\u00e1 a su cargo.<\/li>\n\n\n\n<li>Mantenga un ojo en el n\u00famero de seguimiento para ver si alguien est\u00e1 tratando de ponerse en contacto con usted, ya sea de la aduana o el transportista. Si intentan comunicarse con usted pero no lo consiguen, el paquete ser\u00e1 desechado y se considerar\u00e1 \u00abrechazado por el destinatario\u00bb.<\/li>\n\n\n\n<li>Env\u00edo a los pa\u00edses de la Uni\u00f3n Europea y Am\u00e9rica del Sur \/ Latina \/ Centroam\u00e9rica con Liberty Express (cuando la comprobaci\u00f3n y la de env\u00edo internacional es de 19 $ o menos). Liberty Express le pedir\u00e1 una copia de su documento de identidad y se pondr\u00e1 en contacto con usted por separado. Entrega aproximadamente 3 semanas cuando se env\u00eda con Liberty Express. Para todos los dem\u00e1s pa\u00edses, el env\u00edo se realiza con UPS. El plazo de entrega es de aproximadamente 5-10 d\u00edas. Gastos de env\u00edo a partir de 29 $, dependiendo de su ubicaci\u00f3n.<\/li>\n\n\n\n<li>Se le enviar\u00e1 un n\u00famero de seguimiento por correo electr\u00f3nico cuando su pedido haya sido enviado.<\/li>\n\n\n\n<li>Las autoridades aduaneras nos obligan a indicar el valor de su pedido directamente en el paquete. En raras ocasiones, los agentes de aduanas pueden retrasar la entrega de algunos paquetes, ya que queda a su entera discreci\u00f3n liberarlos<\/li>\n<\/ul>\n<\/div><\/div>\n\n<\/div><\/div>","protected":false},"excerpt":{"rendered":"<p>Env\u00edos Por favor, espere hasta 3 d\u00edas h\u00e1biles para el procesamiento en nuestro centro de fulllment antes de que su pedido sea enviado. Los pedidos realizados despu\u00e9s de las 2pmViernes PST comenzar\u00e1 a procesar el lunes siguiente. Los tiempos de env\u00edo se calculan despu\u00e9s del procesamiento, una vez que el art\u00edculo ha sido enviado. Una&#8230;<\/p>\n","protected":false},"author":2,"featured_media":0,"parent":0,"menu_order":0,"comment_status":"closed","ping_status":"closed","template":"","meta":{"_kad_blocks_custom_css":"","_kad_blocks_head_custom_js":"","_kad_blocks_body_custom_js":"","_kad_blocks_footer_custom_js":"","_kadence_starter_templates_imported_post":false,"_kad_post_transparent":"disable","_kad_post_title":"hide","_kad_post_layout":"fullwidth","_kad_post_sidebar_id":"","_kad_post_content_style":"unboxed","_kad_post_vertical_padding":"hide","_kad_post_feature":"hide","_kad_post_feature_position":"","_kad_post_header":false,"_kad_post_footer":false,"_kad_post_classname":"","footnotes":""},"class_list":["post-126147","page","type-page","status-publish","hentry"],"taxonomy_info":[],"featured_image_src_large":false,"author_info":{"display_name":"admin_acw","author_link":"https:\/\/one0one.com\/es\/author\/admin_acw\/"},"comment_info":0,"_links":{"self":[{"href":"https:\/\/one0one.com\/es\/wp-json\/wp\/v2\/pages\/126147","targetHints":{"allow":["GET"]}}],"collection":[{"href":"https:\/\/one0one.com\/es\/wp-json\/wp\/v2\/pages"}],"about":[{"href":"https:\/\/one0one.com\/es\/wp-json\/wp\/v2\/types\/page"}],"author":[{"embeddable":true,"href":"https:\/\/one0one.com\/es\/wp-json\/wp\/v2\/users\/2"}],"replies":[{"embeddable":true,"href":"https:\/\/one0one.com\/es\/wp-json\/wp\/v2\/comments?post=126147"}],"version-history":[{"count":5,"href":"https:\/\/one0one.com\/es\/wp-json\/wp\/v2\/pages\/126147\/revisions"}],"predecessor-version":[{"id":171585,"href":"https:\/\/one0one.com\/es\/wp-json\/wp\/v2\/pages\/126147\/revisions\/171585"}],"wp:attachment":[{"href":"https:\/\/one0one.com\/es\/wp-json\/wp\/v2\/media?parent=126147"}],"curies":[{"name":"wp","href":"https:\/\/api.w.org\/{rel}","templated":true}]}}